{"id":31339,"date":"2026-04-17T00:32:59","date_gmt":"2026-04-17T00:32:59","guid":{"rendered":"https:\/\/singuli.wpress.me\/index.php\/proizvod\/pampers-premium-care-pants-pelene-gacice-velicina-7-17kg-36-kom\/"},"modified":"2026-04-20T12:33:05","modified_gmt":"2026-04-20T12:33:05","slug":"pampers-premium-care-pants-pelene-gacice-velicina-7-17kg-36-kom","status":"publish","type":"product","link":"https:\/\/singuli.wpress.me\/index.php\/proizvod\/pampers-premium-care-pants-pelene-gacice-velicina-7-17kg-36-kom\/","title":{"rendered":"PAMPERS Premium Care Pants, pelene &#8211; ga\u0107ice, veli\u010dina 7, 17kg+, 36\u00a0kom"},"content":{"rendered":"<p>Kako va\u0161a beba postaje aktivnija, trebate pelenu koja pru\u017ea udobnost i pouzdanu za\u0161titu te prati svaki njen pokret.  Pru\u017eite svojoj bebi najbolju Pampersovu udobnost i za\u0161titu od propu\u0161tanja s pelenama-ga\u0107icama Pampers Premium Care Pants: njihov iznimno mekani, potpuno rastezljivi pojas prilago\u0111ava se bebinim nemirnim pokretima, a d\u017eep Stop &amp; Protect poma\u017ee sprije\u010diti propu\u0161tanje sa stra\u017enje strane za do 12 satni sveobuhvatne za\u0161tite od propu\u0161tanja. Kao i sve na\u0161e pelene-ga\u0107ice, i Pampers Premium Care Pants lako se mijenjaju \u010dak i kad se beba kre\u0107e: navucite ih jednim potezom, jednostavno skinite trganjem sa strane pa zalijepite trakom kako biste ih jednostavno odlo\u017eili. Kao i vama, Pampersu je sigurnost va\u0161e bebe na prvom mjestu: pelene-ga\u0107ice Pampers Premium Care Pants dermatolo\u0161ki su ispitane i ne sadr\u017ee ni jedan od mirisnih alergena.<\/p>\n","protected":false},"excerpt":{"rendered":"<p>Najbolja udobnost s trostrukom za\u0161titom od propu\u0161tanja<br \/>\nSuperupijaju\u0107a jezgrom koja u trenu upija teku\u0107inu i d\u017eepom Stop &amp; Protect koji spre\u010dava propu\u0161tanje sa stra\u017enje strane<br \/>\nBrza i laka zamjena pelena &#8211; ga\u0107ica<\/p>\n","protected":false},"featured_media":31340,"template":"","meta":{"_seopress_robots_primary_cat":"","_seopress_titles_title":"","_seopress_titles_desc":"","_seopress_robots_index":"","iawp_total_views":0},"product_brand":[444],"product_cat":[211,310],"product_tag":[],"class_list":{"0":"post-31339","1":"product","2":"type-product","3":"status-publish","4":"has-post-thumbnail","6":"product_brand-pampers","7":"product_cat-njega-majke-i-djeteta","8":"product_cat-pelene-211","10":"first","11":"outofstock","12":"shipping-taxable","13":"purchasable","14":"product-type-simple"},"_links":{"self":[{"href":"https:\/\/singuli.wpress.me\/index.php\/wp-json\/wp\/v2\/product\/31339","targetHints":{"allow":["GET"]}}],"collection":[{"href":"https:\/\/singuli.wpress.me\/index.php\/wp-json\/wp\/v2\/product"}],"about":[{"href":"https:\/\/singuli.wpress.me\/index.php\/wp-json\/wp\/v2\/types\/product"}],"version-history":[{"count":0,"href":"https:\/\/singuli.wpress.me\/index.php\/wp-json\/wp\/v2\/product\/31339\/revisions"}],"wp:featuredmedia":[{"embeddable":true,"href":"https:\/\/singuli.wpress.me\/index.php\/wp-json\/wp\/v2\/media\/31340"}],"wp:attachment":[{"href":"https:\/\/singuli.wpress.me\/index.php\/wp-json\/wp\/v2\/media?parent=31339"}],"wp:term":[{"taxonomy":"product_brand","embeddable":true,"href":"https:\/\/singuli.wpress.me\/index.php\/wp-json\/wp\/v2\/product_brand?post=31339"},{"taxonomy":"product_cat","embeddable":true,"href":"https:\/\/singuli.wpress.me\/index.php\/wp-json\/wp\/v2\/product_cat?post=31339"},{"taxonomy":"product_tag","embeddable":true,"href":"https:\/\/singuli.wpress.me\/index.php\/wp-json\/wp\/v2\/product_tag?post=31339"}],"curies":[{"name":"wp","href":"https:\/\/api.w.org\/{rel}","templated":true}]}}