{"id":31371,"date":"2026-04-17T00:33:20","date_gmt":"2026-04-17T00:33:20","guid":{"rendered":"https:\/\/singuli.wpress.me\/index.php\/proizvod\/pampers-ninjamas-pyjama-pants-space-pelene-gacice-velicina-4-27-43-kg-54-kom\/"},"modified":"2026-04-20T12:33:05","modified_gmt":"2026-04-20T12:33:05","slug":"pampers-ninjamas-pyjama-pants-space-pelene-gacice-velicina-4-27-43-kg-54-kom","status":"publish","type":"product","link":"https:\/\/singuli.wpress.me\/index.php\/proizvod\/pampers-ninjamas-pyjama-pants-space-pelene-gacice-velicina-4-27-43-kg-54-kom\/","title":{"rendered":"PAMPERS Ninjamas Pyjama Pants Space, pelene &#8211; ga\u0107ice, veli\u010dina 4, 27-43 kg, 54\u00a0kom"},"content":{"rendered":"<p><span style=\"font-weight: bold\">Pampers Ninjamas Pyjama Pants<\/span> pelene-ga\u0107ice osmi\u0161ljene su kako bi bile djetetov pomo\u0107nik, pru\u017eaju\u0107i 100 % za\u0161titu od curenja tijekom cijele no\u0107i. Pru\u017eaju sigurnu i diskretnu za\u0161titu kako bi djeca mogla sigurnije zaspati, probuditi se suha i biti spremna za novi dan! Ne sadr\u017ee parfemske alergene, dermatolo\u0161ki su testirane i certificirane od strane OEKO-TEX-a. Pampers Ninjamas pelene-ga\u0107ice koriste tehnologiju trenutne apsorpcije koja pru\u017ea do 12 sati diskretne za\u0161tite. Tako\u0111er, izgledaju i pru\u017eaju osje\u0107aj kao donje rublje, pru\u017eaju\u0107i udobnost tijekom no\u0161enja. 360\u00b0 FormFit pojas je dizajniran za tjelesnu gra\u0111u starije djece, osiguravaju\u0107i pristajanje koje je diskretno i udobno. QuietCloth materijal koristi se kako bi smanjio zvuk \u0161u\u0161kanja prilikom no\u0161enja, a tehnologija trenutne apsorpcije trenuta\u010dno upija vlagu, pru\u017eaju\u0107i cjelono\u0107nu za\u0161titu od curenja. Uz Pampers Ninjamas pelene-ga\u0107ice, mo\u017eete prihvatiti nezgode s mokrenjem u krevet te se probuditi sigurni.<\/p>\n","protected":false},"excerpt":{"rendered":"<p>Pelene-ga\u0107ice veli\u010dina 4 za djecu 8 \u2013 12 godina<br \/>\nTehnologija trenutne apsorpcije za do 12 sati diskretne za\u0161tite<br \/>\n360\u00b0 FormFit pojas dizajniran je za tjelesnu gra\u0111u starije djece<\/p>\n","protected":false},"featured_media":31373,"template":"","meta":{"_seopress_robots_primary_cat":"","_seopress_titles_title":"","_seopress_titles_desc":"","_seopress_robots_index":"","iawp_total_views":0},"product_brand":[444],"product_cat":[211,310],"product_tag":[],"class_list":{"0":"post-31371","1":"product","2":"type-product","3":"status-publish","4":"has-post-thumbnail","6":"product_brand-pampers","7":"product_cat-njega-majke-i-djeteta","8":"product_cat-pelene-211","10":"first","11":"outofstock","12":"shipping-taxable","13":"purchasable","14":"product-type-simple"},"_links":{"self":[{"href":"https:\/\/singuli.wpress.me\/index.php\/wp-json\/wp\/v2\/product\/31371","targetHints":{"allow":["GET"]}}],"collection":[{"href":"https:\/\/singuli.wpress.me\/index.php\/wp-json\/wp\/v2\/product"}],"about":[{"href":"https:\/\/singuli.wpress.me\/index.php\/wp-json\/wp\/v2\/types\/product"}],"version-history":[{"count":0,"href":"https:\/\/singuli.wpress.me\/index.php\/wp-json\/wp\/v2\/product\/31371\/revisions"}],"wp:featuredmedia":[{"embeddable":true,"href":"https:\/\/singuli.wpress.me\/index.php\/wp-json\/wp\/v2\/media\/31373"}],"wp:attachment":[{"href":"https:\/\/singuli.wpress.me\/index.php\/wp-json\/wp\/v2\/media?parent=31371"}],"wp:term":[{"taxonomy":"product_brand","embeddable":true,"href":"https:\/\/singuli.wpress.me\/index.php\/wp-json\/wp\/v2\/product_brand?post=31371"},{"taxonomy":"product_cat","embeddable":true,"href":"https:\/\/singuli.wpress.me\/index.php\/wp-json\/wp\/v2\/product_cat?post=31371"},{"taxonomy":"product_tag","embeddable":true,"href":"https:\/\/singuli.wpress.me\/index.php\/wp-json\/wp\/v2\/product_tag?post=31371"}],"curies":[{"name":"wp","href":"https:\/\/api.w.org\/{rel}","templated":true}]}}