{"id":31391,"date":"2026-04-17T00:33:30","date_gmt":"2026-04-17T00:33:30","guid":{"rendered":"https:\/\/singuli.wpress.me\/index.php\/proizvod\/pampers-pants-pelene-gacice-velicina-7-17kg-114-kom\/"},"modified":"2026-04-20T12:33:05","modified_gmt":"2026-04-20T12:33:05","slug":"pampers-pants-pelene-gacice-velicina-7-17kg-114-kom","status":"publish","type":"product","link":"https:\/\/singuli.wpress.me\/index.php\/proizvod\/pampers-pants-pelene-gacice-velicina-7-17kg-114-kom\/","title":{"rendered":"PAMPERS Pants, pelene &#8211; ga\u0107ice, veli\u010dina 7, 17kg+, 114\u00a0kom"},"content":{"rendered":"<p>\u010cim se va\u0161a beba po\u010dne kretati, ona postaje mali istra\u017eiva\u010d koji se kotrlja, prote\u017ee i penje kako bi otkrio svijet.  Trebaju joj na\u0161e NAJBOLJE nepropusne pelene-ga\u0107ice DOSAD: njihov d\u017eep Stop &amp; Protect poma\u017ee sprije\u010diti propu\u0161tanje straga, njihov potpuno rastezljivi pojas prilago\u0111ava se bebinom tijelu kako bi pomogao sprije\u010diti propu\u0161tanje oko struka, njihove dvostruke trakice uz noge poma\u017eu sprije\u010diti curenje oko nogu, a njihova superupijaju\u0107a jezgra u trenu upija teku\u0107inu, za 12 sati sveobuhvatne za\u0161tite od propu\u0161tanja. Kao i sve na\u0161e pelene-ga\u0107ice, i Pampers Pants lako se mijenjaju \u010dak i kad se beba kre\u0107e: navucite ih jednim potezom, jednostavno skinite trganjem sa strane pa zalijepite trakom kako biste ih jednostavno odlo\u017eili. Kao i vama, Pampersu je sigurnost va\u0161e bebe na prvom mjestu: pelene-ga\u0107ice Pampers Pants dermatolo\u0161ki su ispitane i ne sadr\u017ee ni jedan od mirisnih alergena.<\/p>\n","protected":false},"excerpt":{"rendered":"<p>Trostruka za\u0161tita s d\u017eepom Stop &amp; Protect, potpuno rastezljivim pojasom i dvostrukim trakicama uz noge<br \/>\nSuperupijaju\u0107a jezgrom koja u trenu upija teku\u0107inu i d\u017eepom Stop &amp; Protect koji spre\u010dava propu\u0161tanje sa stra\u017enje strane<br \/>\nBrza i laka zamjena pelena &#8211; ga\u0107ica<\/p>\n","protected":false},"featured_media":31395,"template":"","meta":{"_seopress_robots_primary_cat":"","_seopress_titles_title":"","_seopress_titles_desc":"","_seopress_robots_index":"","iawp_total_views":0},"product_brand":[444],"product_cat":[211,310],"product_tag":[],"class_list":{"0":"post-31391","1":"product","2":"type-product","3":"status-publish","4":"has-post-thumbnail","6":"product_brand-pampers","7":"product_cat-njega-majke-i-djeteta","8":"product_cat-pelene-211","10":"first","11":"outofstock","12":"shipping-taxable","13":"purchasable","14":"product-type-simple"},"_links":{"self":[{"href":"https:\/\/singuli.wpress.me\/index.php\/wp-json\/wp\/v2\/product\/31391","targetHints":{"allow":["GET"]}}],"collection":[{"href":"https:\/\/singuli.wpress.me\/index.php\/wp-json\/wp\/v2\/product"}],"about":[{"href":"https:\/\/singuli.wpress.me\/index.php\/wp-json\/wp\/v2\/types\/product"}],"version-history":[{"count":0,"href":"https:\/\/singuli.wpress.me\/index.php\/wp-json\/wp\/v2\/product\/31391\/revisions"}],"wp:featuredmedia":[{"embeddable":true,"href":"https:\/\/singuli.wpress.me\/index.php\/wp-json\/wp\/v2\/media\/31395"}],"wp:attachment":[{"href":"https:\/\/singuli.wpress.me\/index.php\/wp-json\/wp\/v2\/media?parent=31391"}],"wp:term":[{"taxonomy":"product_brand","embeddable":true,"href":"https:\/\/singuli.wpress.me\/index.php\/wp-json\/wp\/v2\/product_brand?post=31391"},{"taxonomy":"product_cat","embeddable":true,"href":"https:\/\/singuli.wpress.me\/index.php\/wp-json\/wp\/v2\/product_cat?post=31391"},{"taxonomy":"product_tag","embeddable":true,"href":"https:\/\/singuli.wpress.me\/index.php\/wp-json\/wp\/v2\/product_tag?post=31391"}],"curies":[{"name":"wp","href":"https:\/\/api.w.org\/{rel}","templated":true}]}}