{"id":31399,"date":"2026-04-17T00:33:32","date_gmt":"2026-04-17T00:33:32","guid":{"rendered":"https:\/\/singuli.wpress.me\/index.php\/proizvod\/majushka-lutka-s-modnim-dodatcima\/"},"modified":"2026-04-20T12:33:05","modified_gmt":"2026-04-20T12:33:05","slug":"majushka-lutka-s-modnim-dodatcima","status":"publish","type":"product","link":"https:\/\/singuli.wpress.me\/index.php\/proizvod\/majushka-lutka-s-modnim-dodatcima\/","title":{"rendered":"MAJUSHKA, lutka, s modnim dodatcima"},"content":{"rendered":"<p>Dobrodo\u0161li u \u010darobni svijet Majushka kolekcije, gdje se slavi jedinstveni stil i karizma na\u0161e popularne Maje \u0160uput kroz seriju predivnih lutaka. <\/p>\n<p>Ova raznolika kolekcija lutaka odra\u017eava razli\u010dite aspekte i interese Maje \u0160uput, donose\u0107i radost i inspiraciju u svijet igra\u010daka. <br \/>\nSvaka lutka nosi dio njezinog karaktera i \u0161arma, \u010dine\u0107i ih savr\u0161enim darom za sve obo\u017eavatelje Maje i ljubitelje igre.<\/p>\n<p>Svaka kolekcija sadr\u017ei lutku visine 29 centimetara i dolazi u posebnoj kutiji za izlaganje.<br \/>\nKolekcija Majushka su savr\u0161en dodatak svakoj kolekciji igra\u010daka i omogu\u0107it \u0107e djeci da se zabave stvaraju\u0107i razli\u010dite modne kombinacije i pri\u010de.<\/p>\n<p>Za sve ljubitelje detalja i modnih dodataka, ova lutka donosi \u0161irok spektar stilskih dodataka poput torbica, nakita i \u010de\u0161ljeva, pegle za kosu&#8230;itd, koji \u0107e dopuniti bilo koji izgled.<\/p>\n<p>Dob 3+<\/p>\n","protected":false},"excerpt":{"rendered":"<p>Sadr\u017ei lutku visine 29 centimetara<br \/>\nZa sve ljubitelje detalja i modnih dodataka<br \/>\nDob: 3+ god<\/p>\n","protected":false},"featured_media":31400,"template":"","meta":{"_seopress_robots_primary_cat":"","_seopress_titles_title":"","_seopress_titles_desc":"","_seopress_robots_index":"","iawp_total_views":0},"product_brand":[464],"product_cat":[221,291],"product_tag":[],"class_list":{"0":"post-31399","1":"product","2":"type-product","3":"status-publish","4":"has-post-thumbnail","6":"product_brand-majushka","7":"product_cat-igracke","8":"product_cat-igracke-za-djecu-221","10":"first","11":"outofstock","12":"shipping-taxable","13":"purchasable","14":"product-type-simple"},"_links":{"self":[{"href":"https:\/\/singuli.wpress.me\/index.php\/wp-json\/wp\/v2\/product\/31399","targetHints":{"allow":["GET"]}}],"collection":[{"href":"https:\/\/singuli.wpress.me\/index.php\/wp-json\/wp\/v2\/product"}],"about":[{"href":"https:\/\/singuli.wpress.me\/index.php\/wp-json\/wp\/v2\/types\/product"}],"version-history":[{"count":0,"href":"https:\/\/singuli.wpress.me\/index.php\/wp-json\/wp\/v2\/product\/31399\/revisions"}],"wp:featuredmedia":[{"embeddable":true,"href":"https:\/\/singuli.wpress.me\/index.php\/wp-json\/wp\/v2\/media\/31400"}],"wp:attachment":[{"href":"https:\/\/singuli.wpress.me\/index.php\/wp-json\/wp\/v2\/media?parent=31399"}],"wp:term":[{"taxonomy":"product_brand","embeddable":true,"href":"https:\/\/singuli.wpress.me\/index.php\/wp-json\/wp\/v2\/product_brand?post=31399"},{"taxonomy":"product_cat","embeddable":true,"href":"https:\/\/singuli.wpress.me\/index.php\/wp-json\/wp\/v2\/product_cat?post=31399"},{"taxonomy":"product_tag","embeddable":true,"href":"https:\/\/singuli.wpress.me\/index.php\/wp-json\/wp\/v2\/product_tag?post=31399"}],"curies":[{"name":"wp","href":"https:\/\/api.w.org\/{rel}","templated":true}]}}