{"id":31410,"date":"2026-04-17T00:33:36","date_gmt":"2026-04-17T00:33:36","guid":{"rendered":"https:\/\/singuli.wpress.me\/index.php\/proizvod\/majushka-lutka-s-kabrioletom\/"},"modified":"2026-04-21T00:26:35","modified_gmt":"2026-04-21T00:26:35","slug":"majushka-lutka-s-kabrioletom","status":"publish","type":"product","link":"https:\/\/singuli.wpress.me\/index.php\/proizvod\/majushka-lutka-s-kabrioletom\/","title":{"rendered":"MAJUSHKA, lutka, s kabrioletom"},"content":{"rendered":"<p>Dobrodo\u0161li u \u010darobni svijet Majushka kolekcije, gdje se slavi jedinstveni stil i karizma na\u0161e popularne Maje \u0160uput kroz seriju predivnih lutaka. <\/p>\n<p>Ova raznolika kolekcija lutaka odra\u017eava razli\u010dite aspekte i interese Maje \u0160uput, donose\u0107i radost i inspiraciju u svijet igra\u010daka. <br \/>\nSvaka lutka nosi dio njezinog karaktera i \u0161arma, \u010dine\u0107i ih savr\u0161enim darom za sve obo\u017eavatelje Maje i ljubitelje igre.<\/p>\n<p>Svaka kolekcija sadr\u017ei lutku visine 29 centimetara i dolazi u posebnoj kutiji za izlaganje.<br \/>\nKolekcija Majushka su savr\u0161en dodatak svakoj kolekciji igra\u010daka i omogu\u0107it \u0107e djeci da se zabave stvaraju\u0107i razli\u010dite modne kombinacije i pri\u010de.<\/p>\n<p>Ova lutka predstavlja Majinu ljubav prema luksuzu i brzini, dolaze\u0107i s vlastitim kabrioletom kojim mo\u017eete krstariti po gradskim ulicama u stilu.<\/p>\n<p>Dob 3+<\/p>\n","protected":false},"excerpt":{"rendered":"<p>Sadr\u017ei lutku visine 29 centimetara<br \/>\nLutka dolazi s vlastitim kabrioletom<br \/>\nDob: 3+ god<\/p>\n","protected":false},"featured_media":31412,"template":"","meta":{"_seopress_robots_primary_cat":"","_seopress_titles_title":"","_seopress_titles_desc":"","_seopress_robots_index":"","iawp_total_views":0},"product_brand":[464],"product_cat":[221,291],"product_tag":[],"class_list":{"0":"post-31410","1":"product","2":"type-product","3":"status-publish","4":"has-post-thumbnail","6":"product_brand-majushka","7":"product_cat-igracke","8":"product_cat-igracke-za-djecu-221","10":"first","11":"instock","12":"shipping-taxable","13":"purchasable","14":"product-type-simple"},"_links":{"self":[{"href":"https:\/\/singuli.wpress.me\/index.php\/wp-json\/wp\/v2\/product\/31410","targetHints":{"allow":["GET"]}}],"collection":[{"href":"https:\/\/singuli.wpress.me\/index.php\/wp-json\/wp\/v2\/product"}],"about":[{"href":"https:\/\/singuli.wpress.me\/index.php\/wp-json\/wp\/v2\/types\/product"}],"version-history":[{"count":0,"href":"https:\/\/singuli.wpress.me\/index.php\/wp-json\/wp\/v2\/product\/31410\/revisions"}],"wp:featuredmedia":[{"embeddable":true,"href":"https:\/\/singuli.wpress.me\/index.php\/wp-json\/wp\/v2\/media\/31412"}],"wp:attachment":[{"href":"https:\/\/singuli.wpress.me\/index.php\/wp-json\/wp\/v2\/media?parent=31410"}],"wp:term":[{"taxonomy":"product_brand","embeddable":true,"href":"https:\/\/singuli.wpress.me\/index.php\/wp-json\/wp\/v2\/product_brand?post=31410"},{"taxonomy":"product_cat","embeddable":true,"href":"https:\/\/singuli.wpress.me\/index.php\/wp-json\/wp\/v2\/product_cat?post=31410"},{"taxonomy":"product_tag","embeddable":true,"href":"https:\/\/singuli.wpress.me\/index.php\/wp-json\/wp\/v2\/product_tag?post=31410"}],"curies":[{"name":"wp","href":"https:\/\/api.w.org\/{rel}","templated":true}]}}