{"id":31425,"date":"2026-04-17T00:33:41","date_gmt":"2026-04-17T00:33:41","guid":{"rendered":"https:\/\/singuli.wpress.me\/index.php\/proizvod\/majushka-jeans-lutka\/"},"modified":"2026-04-20T12:33:05","modified_gmt":"2026-04-20T12:33:05","slug":"majushka-jeans-lutka","status":"publish","type":"product","link":"https:\/\/singuli.wpress.me\/index.php\/proizvod\/majushka-jeans-lutka\/","title":{"rendered":"MAJUSHKA Jeans, lutka"},"content":{"rendered":"<p>Dobrodo\u0161li u \u010darobni svijet Majushka kolekcije, gdje se slavi jedinstveni stil i karizma na\u0161e popularne Maje \u0160uput kroz seriju predivnih lutaka. <\/p>\n<p>Ova raznolika kolekcija lutaka odra\u017eava razli\u010dite aspekte i interese Maje \u0160uput, donose\u0107i radost i inspiraciju u svijet igra\u010daka. <br \/>\nSvaka lutka nosi dio njezinog karaktera i \u0161arma, \u010dine\u0107i ih savr\u0161enim darom za sve obo\u017eavatelje Maje i ljubitelje igre.<\/p>\n<p>Svaka kolekcija sadr\u017ei lutku visine 29 centimetara i dolazi u posebnoj kutiji za izlaganje.<br \/>\nKolekcija Majushka su savr\u0161en dodatak svakoj kolekciji igra\u010daka i omogu\u0107it \u0107e djeci da se zabave stvaraju\u0107i razli\u010dite modne kombinacije i pri\u010de.<\/p>\n<p>Jeans kolekcija nosi duh opu\u0161tenosti i udobnosti, ali istovremeno odi\u0161e trendi stilom. Inspirirana Majinim casual izgledom, ova lutka nosi kombinaciju traperica i cool majica.<br \/>\nLutka dolazi u vi\u0161e razli\u010ditih modela, model se ne mo\u017ee birati a isporuka modela ovisi o njihovoj trenutnoj raspolo\u017eivosti.<\/p>\n<p>Dob 3+<\/p>\n","protected":false},"excerpt":{"rendered":"<p>Sadr\u017ei lutku visine 29 centimetara<br \/>\nLutka nosi kombinaciju traperica i cool majica<br \/>\nDob: 3+ god<\/p>\n","protected":false},"featured_media":31427,"template":"","meta":{"_seopress_robots_primary_cat":"","_seopress_titles_title":"","_seopress_titles_desc":"","_seopress_robots_index":"","iawp_total_views":0},"product_brand":[464],"product_cat":[221,291],"product_tag":[],"class_list":{"0":"post-31425","1":"product","2":"type-product","3":"status-publish","4":"has-post-thumbnail","6":"product_brand-majushka","7":"product_cat-igracke","8":"product_cat-igracke-za-djecu-221","10":"first","11":"outofstock","12":"shipping-taxable","13":"purchasable","14":"product-type-simple"},"_links":{"self":[{"href":"https:\/\/singuli.wpress.me\/index.php\/wp-json\/wp\/v2\/product\/31425","targetHints":{"allow":["GET"]}}],"collection":[{"href":"https:\/\/singuli.wpress.me\/index.php\/wp-json\/wp\/v2\/product"}],"about":[{"href":"https:\/\/singuli.wpress.me\/index.php\/wp-json\/wp\/v2\/types\/product"}],"version-history":[{"count":0,"href":"https:\/\/singuli.wpress.me\/index.php\/wp-json\/wp\/v2\/product\/31425\/revisions"}],"wp:featuredmedia":[{"embeddable":true,"href":"https:\/\/singuli.wpress.me\/index.php\/wp-json\/wp\/v2\/media\/31427"}],"wp:attachment":[{"href":"https:\/\/singuli.wpress.me\/index.php\/wp-json\/wp\/v2\/media?parent=31425"}],"wp:term":[{"taxonomy":"product_brand","embeddable":true,"href":"https:\/\/singuli.wpress.me\/index.php\/wp-json\/wp\/v2\/product_brand?post=31425"},{"taxonomy":"product_cat","embeddable":true,"href":"https:\/\/singuli.wpress.me\/index.php\/wp-json\/wp\/v2\/product_cat?post=31425"},{"taxonomy":"product_tag","embeddable":true,"href":"https:\/\/singuli.wpress.me\/index.php\/wp-json\/wp\/v2\/product_tag?post=31425"}],"curies":[{"name":"wp","href":"https:\/\/api.w.org\/{rel}","templated":true}]}}