{"id":31446,"date":"2026-04-17T00:33:47","date_gmt":"2026-04-17T00:33:47","guid":{"rendered":"https:\/\/singuli.wpress.me\/index.php\/proizvod\/raid-laminirane-tablete-za-elektricni-aparat-10-kom\/"},"modified":"2026-04-20T12:33:05","modified_gmt":"2026-04-20T12:33:05","slug":"raid-laminirane-tablete-za-elektricni-aparat-10-kom","status":"publish","type":"product","link":"https:\/\/singuli.wpress.me\/index.php\/proizvod\/raid-laminirane-tablete-za-elektricni-aparat-10-kom\/","title":{"rendered":"RAID, laminirane tablete, za elektri\u010dni aparat, 10\u00a0kom"},"content":{"rendered":"<p>Raid\u00ae Tablete za elektri\u010dni aparati\u0107 zahvaljuju\u0107i svojoj formuli osiguravaju djelotvornu za\u0161titu tijekom cijele no\u0107i protiv obi\u010dnih komaraca* te tigrastih komaraca tijekom dana. <\/p>\n<p>Koristite samo Raid\u00ae tablete protiv komaraca uz Raid\u00ae elektri\u010dni aparati\u0107.<\/p>\n<p>*do 10 sati za\u0161tite po tableti<\/p>\n<p>Upute za uporabu:<br \/>\n1. Izvadite tabletu iz omota.<br \/>\n2. Umetnite Raid\u00ae tabletu u aparati\u0107.<br \/>\n3. Uklju\u010dite aparat u struju. Tablete po\u010dinju djelovati nakon 30 minuta.<br \/>\n4. Nakon 10 sati upotrebe, isklju\u010dite aparat iz struje, izvadite potro\u0161enu tabletu i zamijenite ju novom.<br \/>\n5. Odlo\u017eite proizvod na suho mjesto, daleko od visokih temperatura i direktnog sun\u010devog svjetla.<br \/>\nKoristite jedan aparat s jednom tabletom za prostorije do 30 m3. Koristite samo Raid\u00ae tablete protiv komaraca uz Raid\u00ae elektri\u010dni aparati\u0107.<\/p>\n","protected":false},"excerpt":{"rendered":"<p>Za\u0161tita od obi\u010dnih i tigrastih komaraca<br \/>\nFormula osigurava djelotvornu za\u0161titu<br \/>\nDo 10 sati za\u0161tite po tableti<\/p>\n","protected":false},"featured_media":31448,"template":"","meta":{"_seopress_robots_primary_cat":"","_seopress_titles_title":"","_seopress_titles_desc":"","_seopress_robots_index":"","iawp_total_views":0},"product_brand":[457],"product_cat":[192,267],"product_tag":[],"class_list":{"0":"post-31446","1":"product","2":"type-product","3":"status-publish","4":"has-post-thumbnail","6":"product_brand-raid","7":"product_cat-aparati-za-osobnu-njegu","8":"product_cat-zdravstveni-uredaji-192","10":"first","11":"outofstock","12":"shipping-taxable","13":"purchasable","14":"product-type-simple"},"_links":{"self":[{"href":"https:\/\/singuli.wpress.me\/index.php\/wp-json\/wp\/v2\/product\/31446","targetHints":{"allow":["GET"]}}],"collection":[{"href":"https:\/\/singuli.wpress.me\/index.php\/wp-json\/wp\/v2\/product"}],"about":[{"href":"https:\/\/singuli.wpress.me\/index.php\/wp-json\/wp\/v2\/types\/product"}],"version-history":[{"count":0,"href":"https:\/\/singuli.wpress.me\/index.php\/wp-json\/wp\/v2\/product\/31446\/revisions"}],"wp:featuredmedia":[{"embeddable":true,"href":"https:\/\/singuli.wpress.me\/index.php\/wp-json\/wp\/v2\/media\/31448"}],"wp:attachment":[{"href":"https:\/\/singuli.wpress.me\/index.php\/wp-json\/wp\/v2\/media?parent=31446"}],"wp:term":[{"taxonomy":"product_brand","embeddable":true,"href":"https:\/\/singuli.wpress.me\/index.php\/wp-json\/wp\/v2\/product_brand?post=31446"},{"taxonomy":"product_cat","embeddable":true,"href":"https:\/\/singuli.wpress.me\/index.php\/wp-json\/wp\/v2\/product_cat?post=31446"},{"taxonomy":"product_tag","embeddable":true,"href":"https:\/\/singuli.wpress.me\/index.php\/wp-json\/wp\/v2\/product_tag?post=31446"}],"curies":[{"name":"wp","href":"https:\/\/api.w.org\/{rel}","templated":true}]}}