{"id":31450,"date":"2026-04-17T00:33:48","date_gmt":"2026-04-17T00:33:48","guid":{"rendered":"https:\/\/singuli.wpress.me\/index.php\/proizvod\/raid-zamka-za-mrave-1-kom\/"},"modified":"2026-04-20T12:33:05","modified_gmt":"2026-04-20T12:33:05","slug":"raid-zamka-za-mrave-1-kom","status":"publish","type":"product","link":"https:\/\/singuli.wpress.me\/index.php\/proizvod\/raid-zamka-za-mrave-1-kom\/","title":{"rendered":"RAID, zamka, za mrave, 1\u00a0kom"},"content":{"rendered":"<p>Raid\u00ae Klopka za mrave pru\u017ea u\u010dinkovitu za\u0161titu od mrava u ku\u0107i, na balkonima i terasama. <\/p>\n<p>Klopka sadr\u017ei prirodnu insekticidnu tvar koju mravi nose u mravinjak i koja efikasno uni\u0161tava cijelu koloniju mrava, uklju\u010duju\u0107i li\u010dinke i maticu mrava. <\/p>\n<p>Klopka djeluje nekoliko tjedana ovisno o razini zara\u017eenosti. U slu\u010daju ve\u0107eg broja mrava i za postizanje najvi\u0161e u\u010dinkovitosti postavite vi\u0161e klopki istovremeno.<\/p>\n<p>Upute za kori\u0161tenje:<br \/>\n1. O\u0161trim predmetom pa\u017eljivo probu\u0161ite kutiju na predvi\u0111enim mjestima za ulazak\/izlazak mrava.<br \/>\n2. Postavite zamke blizu mravinjaka ili gdje se mravi kre\u0107u &#8211; na zidove, ispod vrata, ispod umivaonika, iza namje\u0161taja itd.<br \/>\n3. Za maksimalnu u\u010dinkovitost, \u010desto provjeravajte sifone i zamijenite ih jednom mjese\u010dno ako je potrebno. <\/p>\n","protected":false},"excerpt":{"rendered":"<p>U roku 2 tjedna djeluje na cijeli mravinjak<br \/>\nZa vanjsku i unutarnju upotrebu<br \/>\nSadr\u017ei prirodnu insekticidnu tvar<\/p>\n","protected":false},"featured_media":31453,"template":"","meta":{"_seopress_robots_primary_cat":"","_seopress_titles_title":"","_seopress_titles_desc":"","_seopress_robots_index":"","iawp_total_views":0},"product_brand":[457],"product_cat":[274,238],"product_tag":[],"class_list":{"0":"post-31450","1":"product","2":"type-product","3":"status-publish","4":"has-post-thumbnail","6":"product_brand-raid","7":"product_cat-kucanski-pribor-238","8":"product_cat-sve-za-dom","10":"first","11":"outofstock","12":"shipping-taxable","13":"purchasable","14":"product-type-simple"},"_links":{"self":[{"href":"https:\/\/singuli.wpress.me\/index.php\/wp-json\/wp\/v2\/product\/31450","targetHints":{"allow":["GET"]}}],"collection":[{"href":"https:\/\/singuli.wpress.me\/index.php\/wp-json\/wp\/v2\/product"}],"about":[{"href":"https:\/\/singuli.wpress.me\/index.php\/wp-json\/wp\/v2\/types\/product"}],"version-history":[{"count":0,"href":"https:\/\/singuli.wpress.me\/index.php\/wp-json\/wp\/v2\/product\/31450\/revisions"}],"wp:featuredmedia":[{"embeddable":true,"href":"https:\/\/singuli.wpress.me\/index.php\/wp-json\/wp\/v2\/media\/31453"}],"wp:attachment":[{"href":"https:\/\/singuli.wpress.me\/index.php\/wp-json\/wp\/v2\/media?parent=31450"}],"wp:term":[{"taxonomy":"product_brand","embeddable":true,"href":"https:\/\/singuli.wpress.me\/index.php\/wp-json\/wp\/v2\/product_brand?post=31450"},{"taxonomy":"product_cat","embeddable":true,"href":"https:\/\/singuli.wpress.me\/index.php\/wp-json\/wp\/v2\/product_cat?post=31450"},{"taxonomy":"product_tag","embeddable":true,"href":"https:\/\/singuli.wpress.me\/index.php\/wp-json\/wp\/v2\/product_tag?post=31450"}],"curies":[{"name":"wp","href":"https:\/\/api.w.org\/{rel}","templated":true}]}}