{"id":31452,"date":"2026-04-17T00:33:48","date_gmt":"2026-04-17T00:33:48","guid":{"rendered":"https:\/\/singuli.wpress.me\/index.php\/proizvod\/raid-laminirane-tablete-za-elektricni-aparat-30n\/"},"modified":"2026-04-20T12:33:05","modified_gmt":"2026-04-20T12:33:05","slug":"raid-laminirane-tablete-za-elektricni-aparat-30n","status":"publish","type":"product","link":"https:\/\/singuli.wpress.me\/index.php\/proizvod\/raid-laminirane-tablete-za-elektricni-aparat-30n\/","title":{"rendered":"RAID, laminirane tablete, za elektri\u010dni aparat, 30N"},"content":{"rendered":"<p>Raid\u00ae Tablete za elektri\u010dni aparati\u0107 zahvaljuju\u0107i svojoj formuli osiguravaju djelotvornu za\u0161titu tijekom cijele no\u0107i protiv obi\u010dnih komaraca* te tigrastih komaraca tijekom dana. Koristite samo Raid\u00ae tablete protiv komaraca uz Raid\u00ae elektri\u010dni aparati\u0107.<br \/>\n*do 10 sati za\u0161tite po tableti<\/p>\n","protected":false},"excerpt":{"rendered":"<p>Raid\u00ae Tablete za elektri\u010dni aparati\u0107 zahvaljuju\u0107i svojoj formuli osiguravaju djelotvornu za\u0161titu tijekom cijele no\u0107i protiv obi\u010dnih komaraca* te tigrastih komaraca<\/p>\n","protected":false},"featured_media":31454,"template":"","meta":{"_seopress_robots_primary_cat":"","_seopress_titles_title":"","_seopress_titles_desc":"","_seopress_robots_index":"","iawp_total_views":0},"product_brand":[457],"product_cat":[192,267],"product_tag":[],"class_list":{"0":"post-31452","1":"product","2":"type-product","3":"status-publish","4":"has-post-thumbnail","6":"product_brand-raid","7":"product_cat-aparati-za-osobnu-njegu","8":"product_cat-zdravstveni-uredaji-192","10":"first","11":"outofstock","12":"shipping-taxable","13":"purchasable","14":"product-type-simple"},"_links":{"self":[{"href":"https:\/\/singuli.wpress.me\/index.php\/wp-json\/wp\/v2\/product\/31452","targetHints":{"allow":["GET"]}}],"collection":[{"href":"https:\/\/singuli.wpress.me\/index.php\/wp-json\/wp\/v2\/product"}],"about":[{"href":"https:\/\/singuli.wpress.me\/index.php\/wp-json\/wp\/v2\/types\/product"}],"version-history":[{"count":0,"href":"https:\/\/singuli.wpress.me\/index.php\/wp-json\/wp\/v2\/product\/31452\/revisions"}],"wp:featuredmedia":[{"embeddable":true,"href":"https:\/\/singuli.wpress.me\/index.php\/wp-json\/wp\/v2\/media\/31454"}],"wp:attachment":[{"href":"https:\/\/singuli.wpress.me\/index.php\/wp-json\/wp\/v2\/media?parent=31452"}],"wp:term":[{"taxonomy":"product_brand","embeddable":true,"href":"https:\/\/singuli.wpress.me\/index.php\/wp-json\/wp\/v2\/product_brand?post=31452"},{"taxonomy":"product_cat","embeddable":true,"href":"https:\/\/singuli.wpress.me\/index.php\/wp-json\/wp\/v2\/product_cat?post=31452"},{"taxonomy":"product_tag","embeddable":true,"href":"https:\/\/singuli.wpress.me\/index.php\/wp-json\/wp\/v2\/product_tag?post=31452"}],"curies":[{"name":"wp","href":"https:\/\/api.w.org\/{rel}","templated":true}]}}