{"id":31455,"date":"2026-04-17T00:33:50","date_gmt":"2026-04-17T00:33:50","guid":{"rendered":"https:\/\/singuli.wpress.me\/index.php\/proizvod\/raid-sprej-protiv-mrava-i-zohara-s-usmjerivacem-400-ml\/"},"modified":"2026-04-20T12:33:05","modified_gmt":"2026-04-20T12:33:05","slug":"raid-sprej-protiv-mrava-i-zohara-s-usmjerivacem-400-ml","status":"publish","type":"product","link":"https:\/\/singuli.wpress.me\/index.php\/proizvod\/raid-sprej-protiv-mrava-i-zohara-s-usmjerivacem-400-ml\/","title":{"rendered":"RAID, sprej, protiv mrava i \u017eohara s usmjeriva\u010dem, 400\u00a0ml"},"content":{"rendered":"<p><span style=\"font-weight: bold\">Raid\u00ae sprej protiv mrava i \u017eohara s usmjeriva\u010dem<\/span>, zahvaljuju\u0107i djelotvornoj formuli osigurava dugotrajnu za\u0161titu do 4 tjedna uni\u0161tavaju\u0107i \u017eohare i njihova jaja\u0161ca. Pomo\u0107u cjev\u010dice raspr\u0161ite i uni\u0161tite sve gmi\u017eu\u0107e insekte. Nakon raspr\u0161ivanja sredstvo nastavlja uni\u0161tavati gmi\u017eu\u0107e insekte i do 4 tjedna.<br \/>\nFormula ovog spreja djelotvorna je za gmi\u017eu\u0107e insekte poput: \u017eohara, mrava, paukova, stjenica i skakavaca. Usmjeravanje mlaza omogu\u0107uje vam preciznije ciljanje gmi\u017eu\u0107ih insekata na te\u0161ko dostupnim mjestima.<\/p>\n<p><span style=\"font-weight: bold\">Upute za uporabu:<\/span><br \/>\nProtresti prije uporabe. Dr\u017eite sprej uspravno. Podignite raspr\u0161iva\u010d u okomiti polo\u017eaj u odnosu na sprej te ga usmjerite na \u017eeljennu povr\u0161inu i \u010dvrsto pritisnite. Direktno raspr\u0161ite na gmi\u017eu\u0107e insekte, njihova skrovi\u0161ta ili mjesta gdje su vi\u0111eni: oko ormari\u0107a i kanta za sme\u0107e, prozora, vrata i pukotina. Ne koristiti u blizini hrane, pribora za jelo ili mjesta za pripremu hrane.<br \/>\nRaspr\u0161ite s udaljenosti od 1 metra (otprilike 5 sekundi). Prozra\u010dite prostoriju 15 minuta nakon raspr\u0161ivanja. <\/p>\n","protected":false},"excerpt":{"rendered":"<p>Kontinuirana za\u0161tita od gmizu\u0107ih insekata<br \/>\nDugotrajna za\u0161tita do 4 tjedna<br \/>\nLaka upotreba<\/p>\n","protected":false},"featured_media":31456,"template":"","meta":{"_seopress_robots_primary_cat":"","_seopress_titles_title":"","_seopress_titles_desc":"","_seopress_robots_index":"","iawp_total_views":0},"product_brand":[457],"product_cat":[268,300],"product_tag":[],"class_list":{"0":"post-31455","1":"product","2":"type-product","3":"status-publish","4":"has-post-thumbnail","6":"product_brand-raid","7":"product_cat-kozmetika-2","8":"product_cat-njega-kose-268","10":"first","11":"instock","12":"shipping-taxable","13":"purchasable","14":"product-type-simple"},"_links":{"self":[{"href":"https:\/\/singuli.wpress.me\/index.php\/wp-json\/wp\/v2\/product\/31455","targetHints":{"allow":["GET"]}}],"collection":[{"href":"https:\/\/singuli.wpress.me\/index.php\/wp-json\/wp\/v2\/product"}],"about":[{"href":"https:\/\/singuli.wpress.me\/index.php\/wp-json\/wp\/v2\/types\/product"}],"version-history":[{"count":0,"href":"https:\/\/singuli.wpress.me\/index.php\/wp-json\/wp\/v2\/product\/31455\/revisions"}],"wp:featuredmedia":[{"embeddable":true,"href":"https:\/\/singuli.wpress.me\/index.php\/wp-json\/wp\/v2\/media\/31456"}],"wp:attachment":[{"href":"https:\/\/singuli.wpress.me\/index.php\/wp-json\/wp\/v2\/media?parent=31455"}],"wp:term":[{"taxonomy":"product_brand","embeddable":true,"href":"https:\/\/singuli.wpress.me\/index.php\/wp-json\/wp\/v2\/product_brand?post=31455"},{"taxonomy":"product_cat","embeddable":true,"href":"https:\/\/singuli.wpress.me\/index.php\/wp-json\/wp\/v2\/product_cat?post=31455"},{"taxonomy":"product_tag","embeddable":true,"href":"https:\/\/singuli.wpress.me\/index.php\/wp-json\/wp\/v2\/product_tag?post=31455"}],"curies":[{"name":"wp","href":"https:\/\/api.w.org\/{rel}","templated":true}]}}