{"id":31460,"date":"2026-04-17T00:33:57","date_gmt":"2026-04-17T00:33:57","guid":{"rendered":"https:\/\/singuli.wpress.me\/index.php\/proizvod\/raid-elektricni-aparat-s-10-laminiranih-tableta\/"},"modified":"2026-04-20T12:33:05","modified_gmt":"2026-04-20T12:33:05","slug":"raid-elektricni-aparat-s-10-laminiranih-tableta","status":"publish","type":"product","link":"https:\/\/singuli.wpress.me\/index.php\/proizvod\/raid-elektricni-aparat-s-10-laminiranih-tableta\/","title":{"rendered":"RAID, elektri\u010dni aparat, s 10 laminiranih tableta"},"content":{"rendered":"<p>Raid\u00ae Elektri\u010dni aparat s tabletama zahvaljuju\u0107i svojoj formuli osigurava djelotvornu za\u0161titu tijekom cijele no\u0107i protiv obi\u010dnih komaraca* te tigrastih komaraca tijekom dana. <\/p>\n<p>Koristite samo Raid\u00ae tablete protiv komaraca uz Raid\u00ae elektri\u010dni aparati\u0107.<\/p>\n<p>*do 10 sati za\u0161tite po tableti<\/p>\n","protected":false},"excerpt":{"rendered":"<p>Djelotvorna za\u0161tita<br \/>\nProtiv obi\u010dnih i tigrastih komaraca<br \/>\nJedna tableta pru\u017ea do 10 sati za\u0161tite<\/p>\n","protected":false},"featured_media":0,"template":"","meta":{"_seopress_robots_primary_cat":"","_seopress_titles_title":"","_seopress_titles_desc":"","_seopress_robots_index":"","iawp_total_views":0},"product_brand":[457],"product_cat":[192,267],"product_tag":[],"class_list":{"0":"post-31460","1":"product","2":"type-product","3":"status-publish","5":"product_brand-raid","6":"product_cat-aparati-za-osobnu-njegu","7":"product_cat-zdravstveni-uredaji-192","9":"first","10":"outofstock","11":"shipping-taxable","12":"purchasable","13":"product-type-simple"},"_links":{"self":[{"href":"https:\/\/singuli.wpress.me\/index.php\/wp-json\/wp\/v2\/product\/31460","targetHints":{"allow":["GET"]}}],"collection":[{"href":"https:\/\/singuli.wpress.me\/index.php\/wp-json\/wp\/v2\/product"}],"about":[{"href":"https:\/\/singuli.wpress.me\/index.php\/wp-json\/wp\/v2\/types\/product"}],"version-history":[{"count":0,"href":"https:\/\/singuli.wpress.me\/index.php\/wp-json\/wp\/v2\/product\/31460\/revisions"}],"wp:attachment":[{"href":"https:\/\/singuli.wpress.me\/index.php\/wp-json\/wp\/v2\/media?parent=31460"}],"wp:term":[{"taxonomy":"product_brand","embeddable":true,"href":"https:\/\/singuli.wpress.me\/index.php\/wp-json\/wp\/v2\/product_brand?post=31460"},{"taxonomy":"product_cat","embeddable":true,"href":"https:\/\/singuli.wpress.me\/index.php\/wp-json\/wp\/v2\/product_cat?post=31460"},{"taxonomy":"product_tag","embeddable":true,"href":"https:\/\/singuli.wpress.me\/index.php\/wp-json\/wp\/v2\/product_tag?post=31460"}],"curies":[{"name":"wp","href":"https:\/\/api.w.org\/{rel}","templated":true}]}}