{"id":31461,"date":"2026-04-17T00:33:57","date_gmt":"2026-04-17T00:33:57","guid":{"rendered":"https:\/\/singuli.wpress.me\/index.php\/proizvod\/off-losion-protiv-uboda-insekata-100-ml\/"},"modified":"2026-04-20T12:33:05","modified_gmt":"2026-04-20T12:33:05","slug":"off-losion-protiv-uboda-insekata-100-ml","status":"publish","type":"product","link":"https:\/\/singuli.wpress.me\/index.php\/proizvod\/off-losion-protiv-uboda-insekata-100-ml\/","title":{"rendered":"OFF!, losion protiv uboda insekata, 100\u00a0ml"},"content":{"rendered":"<p>OFF!\u00ae Losion je repelentsko sredstvo ugodnog mirisa za u\u010dinkovitu za\u0161titu ko\u017ee djece i odraslih od uboda komaraca, krpelja i ostalih insekata. <\/p>\n<p>Pru\u017ea trenutnu za\u0161titu od komaraca do 2 sata nakon nano\u0161enja. <\/p>\n<p>Pru\u017ea za\u0161titu od krpelja do 3 sata nakon nano\u0161enja.<\/p>\n<p>Upute za uporabu: <br \/>\nKoriste\u0107i pumpicu nanesite teku\u0107inu na izlo\u017eenu ko\u017eu te rukama razma\u017eite jednakomjerno i to na sljede\u0107e dijelove izlo\u017eene ko\u017ee:<\/p>\n<p>&#8211; Odrasli: 5 pritisaka na svaku ruku, 7 pritisaka na lice, 5 pritisaka na vrat, 4 pritiska na svaki od gornjih dijelova stopala i 12 pritiska na svaku potkoljenicu.<\/p>\n<p>&#8211; Djeca starija od 2 godine: 3 pritiska na lice, 3 pritiska na vrat, 2 pritiska na svaki od gornjih dijelova stopala te 3 pritiska na svaku podlakticu.<\/p>\n<p>Doza primjene: 1 g proizvoda na 645 cm\u00b2 ko\u017ee (0.11 mg DEET\/cm\u00b2).<\/p>\n<p>Za lice: raspr\u0161ite sredstvo na dlan i tanko prema\u017eite lice izbjegavaju\u0107i o\u010di i usta.<\/p>\n","protected":false},"excerpt":{"rendered":"<p>Pru\u017ea za\u0161titu od komaraca do 2 sata<br \/>\nPru\u017ea za\u0161titu od krpelja do 3 sata<br \/>\nPogodno za djecu iznad 2 godine<\/p>\n","protected":false},"featured_media":31463,"template":"","meta":{"_seopress_robots_primary_cat":"","_seopress_titles_title":"","_seopress_titles_desc":"","_seopress_robots_index":"","iawp_total_views":0},"product_brand":[437],"product_cat":[268,300],"product_tag":[],"class_list":{"0":"post-31461","1":"product","2":"type-product","3":"status-publish","4":"has-post-thumbnail","6":"product_brand-off","7":"product_cat-kozmetika-2","8":"product_cat-njega-kose-268","10":"first","11":"instock","12":"shipping-taxable","13":"purchasable","14":"product-type-simple"},"_links":{"self":[{"href":"https:\/\/singuli.wpress.me\/index.php\/wp-json\/wp\/v2\/product\/31461","targetHints":{"allow":["GET"]}}],"collection":[{"href":"https:\/\/singuli.wpress.me\/index.php\/wp-json\/wp\/v2\/product"}],"about":[{"href":"https:\/\/singuli.wpress.me\/index.php\/wp-json\/wp\/v2\/types\/product"}],"version-history":[{"count":0,"href":"https:\/\/singuli.wpress.me\/index.php\/wp-json\/wp\/v2\/product\/31461\/revisions"}],"wp:featuredmedia":[{"embeddable":true,"href":"https:\/\/singuli.wpress.me\/index.php\/wp-json\/wp\/v2\/media\/31463"}],"wp:attachment":[{"href":"https:\/\/singuli.wpress.me\/index.php\/wp-json\/wp\/v2\/media?parent=31461"}],"wp:term":[{"taxonomy":"product_brand","embeddable":true,"href":"https:\/\/singuli.wpress.me\/index.php\/wp-json\/wp\/v2\/product_brand?post=31461"},{"taxonomy":"product_cat","embeddable":true,"href":"https:\/\/singuli.wpress.me\/index.php\/wp-json\/wp\/v2\/product_cat?post=31461"},{"taxonomy":"product_tag","embeddable":true,"href":"https:\/\/singuli.wpress.me\/index.php\/wp-json\/wp\/v2\/product_tag?post=31461"}],"curies":[{"name":"wp","href":"https:\/\/api.w.org\/{rel}","templated":true}]}}