{"id":31468,"date":"2026-04-17T00:33:59","date_gmt":"2026-04-17T00:33:59","guid":{"rendered":"https:\/\/singuli.wpress.me\/index.php\/proizvod\/raid-klopka-za-zohare\/"},"modified":"2026-04-20T12:33:05","modified_gmt":"2026-04-20T12:33:05","slug":"raid-klopka-za-zohare","status":"publish","type":"product","link":"https:\/\/singuli.wpress.me\/index.php\/proizvod\/raid-klopka-za-zohare\/","title":{"rendered":"RAID, klopka za \u017eohare"},"content":{"rendered":"<p>Raid\u00ae Klopka za \u017eohare Plus pru\u017ea dugotrajnu i u\u010dinkovitu za\u0161titu od \u017eohara do tri mjeseca. Zahvaljuju\u0107i privla\u010dnom mamcu, \u017eohari se hrane i vra\u0107aju u gnijezda, gdje \u0161ire u\u010dinak klopke, u\u010dinkovito eliminiraju\u0107i cijelu koloniju. Proizvod je bez mirisa i ne ostavlja nered, \u010dine\u0107i ga prakti\u010dnim i diskretnim rje\u0161enjem za suzbijanje \u0161tetnika. Namijenjen je za uporabu protiv germanskog, ameri\u010dkog i orijentalnog \u017eohara, pru\u017eaju\u0107i pouzdanu kontrolu u va\u0161em domu.<\/p>\n<p>Upute za uporabu:<br \/>\nPridr\u017eavajte se uputa za uporabu.<br \/>\nDa bi se postigla dovoljna kontrola, potrebna je dobra higijena prostora, kako bi \u017eoharima osim mamca preostalo \u0161to manje hrane. Postavite klopke tamo gdje je aktivnost \u017eohara najveca ili gdje su \u017eohari vi\u0111eni kako se skupljaju.<br \/>\n1. Koristite odgovarajuci broj klopki, za 1-5 uocenih \u017eohara koristite do 6 klopki, za 6-25 uocenih \u017eohara<br \/>\nkoristite do 8 klopki i za vi\u0161e od 25 uocenih \u017eohara koristite do 12 klopki. Nemojte koristiti vi\u0161e od 12 klopki<br \/>\nodjednom. Postavite jednu klopku svakih 5 du\u017enih metara ili 0,5 cetvornih metara jednu od druge.<br \/>\n2. Postavite klopke na mjesta nedostupna djeci i kucnim ljubimcima kao \u0161to su kuhinjski i\/ili kupaonski<br \/>\normarici, ispod umivaonika, ispod aparata, iza WC-a.<br \/>\n3. Za najbolje rezultate postavite klopke vodoravno, uz zidove ili u kutove. Klopke se mogu postaviti i<br \/>\nvertikalno, na primjer ispod ruba sudopera.<br \/>\n4. Svakodnevno uklanjajtemrtve \u017eohare.<br \/>\n5. Tjedno provjerite klopke i ako su prazne odmah zamijenite novim klopkama. Nastavite mijenjati klopke dok se vi\u0161e ne vide \u017eohari.<br \/>\n6. Trebali biste vidjeti manje \u017eohara u roku od nekoliko dana. Ako se 3 mjeseca nakon pocetka tretmana najezda nastavi, obratite se strucnom deratizatoru.<br \/>\nUpute za sigurno odlaganje: Nakon uporabe, praznu klopku odlo\u017eite u kucni otpad (recikliranje). Ako mamac ostane, odlo\u017eite klopku u centar za recikla\u017eu kucnog otpada kao opasan otpad. Za detalje provjerite lokalni plan za recikliranje.<\/p>\n","protected":false},"excerpt":{"rendered":"<p>Za\u0161tita 3 mjeseca<br \/>\nU\u010dinkovit mamac<br \/>\nBez mirisa i nereda<\/p>\n","protected":false},"featured_media":31469,"template":"","meta":{"_seopress_robots_primary_cat":"","_seopress_titles_title":"","_seopress_titles_desc":"","_seopress_robots_index":"","iawp_total_views":0},"product_brand":[457],"product_cat":[274,238],"product_tag":[],"class_list":{"0":"post-31468","1":"product","2":"type-product","3":"status-publish","4":"has-post-thumbnail","6":"product_brand-raid","7":"product_cat-kucanski-pribor-238","8":"product_cat-sve-za-dom","10":"first","11":"instock","12":"shipping-taxable","13":"purchasable","14":"product-type-simple"},"_links":{"self":[{"href":"https:\/\/singuli.wpress.me\/index.php\/wp-json\/wp\/v2\/product\/31468","targetHints":{"allow":["GET"]}}],"collection":[{"href":"https:\/\/singuli.wpress.me\/index.php\/wp-json\/wp\/v2\/product"}],"about":[{"href":"https:\/\/singuli.wpress.me\/index.php\/wp-json\/wp\/v2\/types\/product"}],"version-history":[{"count":0,"href":"https:\/\/singuli.wpress.me\/index.php\/wp-json\/wp\/v2\/product\/31468\/revisions"}],"wp:featuredmedia":[{"embeddable":true,"href":"https:\/\/singuli.wpress.me\/index.php\/wp-json\/wp\/v2\/media\/31469"}],"wp:attachment":[{"href":"https:\/\/singuli.wpress.me\/index.php\/wp-json\/wp\/v2\/media?parent=31468"}],"wp:term":[{"taxonomy":"product_brand","embeddable":true,"href":"https:\/\/singuli.wpress.me\/index.php\/wp-json\/wp\/v2\/product_brand?post=31468"},{"taxonomy":"product_cat","embeddable":true,"href":"https:\/\/singuli.wpress.me\/index.php\/wp-json\/wp\/v2\/product_cat?post=31468"},{"taxonomy":"product_tag","embeddable":true,"href":"https:\/\/singuli.wpress.me\/index.php\/wp-json\/wp\/v2\/product_tag?post=31468"}],"curies":[{"name":"wp","href":"https:\/\/api.w.org\/{rel}","templated":true}]}}