{"id":31472,"date":"2026-04-17T00:34:01","date_gmt":"2026-04-17T00:34:01","guid":{"rendered":"https:\/\/singuli.wpress.me\/index.php\/proizvod\/ambi-pur-air-elektricni-osvjezivac-zraka-u-spreju-flowerspring-185-ml\/"},"modified":"2026-04-20T12:33:05","modified_gmt":"2026-04-20T12:33:05","slug":"ambi-pur-air-elektricni-osvjezivac-zraka-u-spreju-flowerspring-185-ml","status":"publish","type":"product","link":"https:\/\/singuli.wpress.me\/index.php\/proizvod\/ambi-pur-air-elektricni-osvjezivac-zraka-u-spreju-flowerspring-185-ml\/","title":{"rendered":"AMBI PUR AIR, elektri\u010dni osvje\u017eiva\u010d zraka u spreju, Flower&amp;Spring, 185\u00a0ml"},"content":{"rendered":"<p>Osvje\u017eiva\u010d zraka Ambi Pur Air s tehnologijom Odourclear otklanja dugotrajne neugodne mirise i ostavlja miris svje\u017eine. Miris Flowers &amp; Spring nadahnut je svje\u017einom nje\u017enih, mekih latica. Dok neki drugi osvje\u017eiva\u010di zraka samo maskiraju neugodan miris, Ambi Pur uistinu uklanja neugodne mirise, tako da ga vi i va\u0161i gosti mo\u017eete udisati sa zadovoljstvom. <\/p>\n<p>Osvje\u017eiva\u010di zraka Ambi Pur u spreju nisu zapaljivi i koriste 100% prirodni potisni plin, \u0161to ih \u010dini savr\u0161eno prikladnima za svaku prostoriju u domu. Isprobajte cijeli niz proizvoda Ambi Pur s jedinstvenom tehnologijom Odourclear, kao \u0161to su osvje\u017eiva\u010d tkanine Ambi Pur i osvje\u017eiva\u010d automobila Ambi Pur Car.<\/p>\n<p> Tako\u0111er isprobajte elektri\u010dni osvje\u017eiva\u010d Ambi Pur 3Volution koji neprekidno uklanja neugodne mirise u trajanju do 90 dana.<\/p>\n","protected":false},"excerpt":{"rendered":"<p>Tehnologija Odourclear pru\u017ea neprekidnu svje\u017einu te uklanja ustajao miris<br \/>\nNije zapaljiv<br \/>\n100% prirodni potisni plin<\/p>\n","protected":false},"featured_media":31473,"template":"","meta":{"_seopress_robots_primary_cat":"","_seopress_titles_title":"","_seopress_titles_desc":"","_seopress_robots_index":"","iawp_total_views":0},"product_brand":[466],"product_cat":[268,300],"product_tag":[],"class_list":{"0":"post-31472","1":"product","2":"type-product","3":"status-publish","4":"has-post-thumbnail","6":"product_brand-ambi-pur-air","7":"product_cat-kozmetika-2","8":"product_cat-njega-kose-268","10":"first","11":"instock","12":"shipping-taxable","13":"purchasable","14":"product-type-simple"},"_links":{"self":[{"href":"https:\/\/singuli.wpress.me\/index.php\/wp-json\/wp\/v2\/product\/31472","targetHints":{"allow":["GET"]}}],"collection":[{"href":"https:\/\/singuli.wpress.me\/index.php\/wp-json\/wp\/v2\/product"}],"about":[{"href":"https:\/\/singuli.wpress.me\/index.php\/wp-json\/wp\/v2\/types\/product"}],"version-history":[{"count":0,"href":"https:\/\/singuli.wpress.me\/index.php\/wp-json\/wp\/v2\/product\/31472\/revisions"}],"wp:featuredmedia":[{"embeddable":true,"href":"https:\/\/singuli.wpress.me\/index.php\/wp-json\/wp\/v2\/media\/31473"}],"wp:attachment":[{"href":"https:\/\/singuli.wpress.me\/index.php\/wp-json\/wp\/v2\/media?parent=31472"}],"wp:term":[{"taxonomy":"product_brand","embeddable":true,"href":"https:\/\/singuli.wpress.me\/index.php\/wp-json\/wp\/v2\/product_brand?post=31472"},{"taxonomy":"product_cat","embeddable":true,"href":"https:\/\/singuli.wpress.me\/index.php\/wp-json\/wp\/v2\/product_cat?post=31472"},{"taxonomy":"product_tag","embeddable":true,"href":"https:\/\/singuli.wpress.me\/index.php\/wp-json\/wp\/v2\/product_tag?post=31472"}],"curies":[{"name":"wp","href":"https:\/\/api.w.org\/{rel}","templated":true}]}}