{"id":31479,"date":"2026-04-17T00:34:03","date_gmt":"2026-04-17T00:34:03","guid":{"rendered":"https:\/\/singuli.wpress.me\/index.php\/proizvod\/spirax-s6-atf-x-sinteticka-tekucina-12x1l-12-l-2\/"},"modified":"2026-04-17T00:34:04","modified_gmt":"2026-04-17T00:34:04","slug":"spirax-s6-atf-x-sinteticka-tekucina-12x1l-12-l-2","status":"publish","type":"product","link":"https:\/\/singuli.wpress.me\/index.php\/proizvod\/spirax-s6-atf-x-sinteticka-tekucina-12x1l-12-l-2\/","title":{"rendered":"SPIRAX S6 ATF X, sinteti\u010dka teku\u0107ina, 12x1l, 12\u00a0l"},"content":{"rendered":"<p>Vrhunska potpuno sinteti\u010dka teku\u0107ina pogodna za mnoge automatske mjenja\u010de europskih, japanskih i ameri\u010dkih proizvo\u0111a\u010da. Ispunjava zahtjeve GM Dexron VI, Ford Mercon LV i Toyota WS. Popis svih specifikacija su na tehni\u010dkom listu proizvoda.<\/p>\n","protected":false},"excerpt":{"rendered":"<p>Vrhunska teku\u0107ina sinteti\u010dke tehnologije<br \/>\nZa automatske mjenja\u010de mnogih vozila<br \/>\nIspunjava zahtjeve GM Dexron VI, Ford Mercon LV i Toyota WS<\/p>\n","protected":false},"featured_media":31481,"template":"","meta":{"_seopress_robots_primary_cat":"","_seopress_titles_title":"","_seopress_titles_desc":"","_seopress_robots_index":"","iawp_total_views":0},"product_brand":[371],"product_cat":[243,276],"product_tag":[],"class_list":{"0":"post-31479","1":"product","2":"type-product","3":"status-publish","4":"has-post-thumbnail","6":"product_brand-spirax","7":"product_cat-automobili-i-motori","8":"product_cat-industrijska-i-specijalna-ulja-243","10":"first","11":"outofstock","12":"shipping-taxable","13":"purchasable","14":"product-type-simple"},"_links":{"self":[{"href":"https:\/\/singuli.wpress.me\/index.php\/wp-json\/wp\/v2\/product\/31479","targetHints":{"allow":["GET"]}}],"collection":[{"href":"https:\/\/singuli.wpress.me\/index.php\/wp-json\/wp\/v2\/product"}],"about":[{"href":"https:\/\/singuli.wpress.me\/index.php\/wp-json\/wp\/v2\/types\/product"}],"version-history":[{"count":0,"href":"https:\/\/singuli.wpress.me\/index.php\/wp-json\/wp\/v2\/product\/31479\/revisions"}],"wp:featuredmedia":[{"embeddable":true,"href":"https:\/\/singuli.wpress.me\/index.php\/wp-json\/wp\/v2\/media\/31481"}],"wp:attachment":[{"href":"https:\/\/singuli.wpress.me\/index.php\/wp-json\/wp\/v2\/media?parent=31479"}],"wp:term":[{"taxonomy":"product_brand","embeddable":true,"href":"https:\/\/singuli.wpress.me\/index.php\/wp-json\/wp\/v2\/product_brand?post=31479"},{"taxonomy":"product_cat","embeddable":true,"href":"https:\/\/singuli.wpress.me\/index.php\/wp-json\/wp\/v2\/product_cat?post=31479"},{"taxonomy":"product_tag","embeddable":true,"href":"https:\/\/singuli.wpress.me\/index.php\/wp-json\/wp\/v2\/product_tag?post=31479"}],"curies":[{"name":"wp","href":"https:\/\/api.w.org\/{rel}","templated":true}]}}