{"id":31482,"date":"2026-04-17T00:34:08","date_gmt":"2026-04-17T00:34:08","guid":{"rendered":"https:\/\/singuli.wpress.me\/index.php\/proizvod\/spirax-s6-atf-134m-sinteticka-tekucina-12x1l-12-l\/"},"modified":"2026-04-21T00:26:35","modified_gmt":"2026-04-21T00:26:35","slug":"spirax-s6-atf-134m-sinteticka-tekucina-12x1l-12-l","status":"publish","type":"product","link":"https:\/\/singuli.wpress.me\/index.php\/proizvod\/spirax-s6-atf-134m-sinteticka-tekucina-12x1l-12-l\/","title":{"rendered":"SPIRAX S6 ATF 134M, sinteti\u010dka teku\u0107ina, 12x1l, 12\u00a0l"},"content":{"rendered":"<p><span style=\"font-weight: bold\">Shell Spirax S6 ATF 134M<\/span>, sinteti\u010dka ATF teku\u0107ina za osobna vozila Mercedes-Benza. Ova ATF teku\u0107ina je razvijena za prvo tvorni\u010dko i kao servisno punjenje u MB-7-stupanjske automatske mjenja\u010de.<\/p>\n","protected":false},"excerpt":{"rendered":"<p>Sinteti\u010dka ATF teku\u0107ina za osobna vozila Mercedes-Benza<br \/>\nOva ATF teku\u0107ina je razvijena za prvo tvorni\u010dko punjenje u MB-7-stupanjske automatske mjenja\u010de<br \/>\nTeku\u0107ina je razvijena i za servisno punjenje u MB-7-stupanjske automatske mjenja\u010de<\/p>\n","protected":false},"featured_media":31484,"template":"","meta":{"_seopress_robots_primary_cat":"","_seopress_titles_title":"","_seopress_titles_desc":"","_seopress_robots_index":"","iawp_total_views":0},"product_brand":[371],"product_cat":[243,276],"product_tag":[],"class_list":{"0":"post-31482","1":"product","2":"type-product","3":"status-publish","4":"has-post-thumbnail","6":"product_brand-spirax","7":"product_cat-automobili-i-motori","8":"product_cat-industrijska-i-specijalna-ulja-243","10":"first","11":"instock","12":"shipping-taxable","13":"purchasable","14":"product-type-simple"},"_links":{"self":[{"href":"https:\/\/singuli.wpress.me\/index.php\/wp-json\/wp\/v2\/product\/31482","targetHints":{"allow":["GET"]}}],"collection":[{"href":"https:\/\/singuli.wpress.me\/index.php\/wp-json\/wp\/v2\/product"}],"about":[{"href":"https:\/\/singuli.wpress.me\/index.php\/wp-json\/wp\/v2\/types\/product"}],"version-history":[{"count":0,"href":"https:\/\/singuli.wpress.me\/index.php\/wp-json\/wp\/v2\/product\/31482\/revisions"}],"wp:featuredmedia":[{"embeddable":true,"href":"https:\/\/singuli.wpress.me\/index.php\/wp-json\/wp\/v2\/media\/31484"}],"wp:attachment":[{"href":"https:\/\/singuli.wpress.me\/index.php\/wp-json\/wp\/v2\/media?parent=31482"}],"wp:term":[{"taxonomy":"product_brand","embeddable":true,"href":"https:\/\/singuli.wpress.me\/index.php\/wp-json\/wp\/v2\/product_brand?post=31482"},{"taxonomy":"product_cat","embeddable":true,"href":"https:\/\/singuli.wpress.me\/index.php\/wp-json\/wp\/v2\/product_cat?post=31482"},{"taxonomy":"product_tag","embeddable":true,"href":"https:\/\/singuli.wpress.me\/index.php\/wp-json\/wp\/v2\/product_tag?post=31482"}],"curies":[{"name":"wp","href":"https:\/\/api.w.org\/{rel}","templated":true}]}}