{"id":31494,"date":"2026-04-17T00:34:14","date_gmt":"2026-04-17T00:34:14","guid":{"rendered":"https:\/\/singuli.wpress.me\/index.php\/proizvod\/mr-proper-professional-visenamjensko-sredstvo-za-ciscenje-lemon-5-l\/"},"modified":"2026-04-20T12:33:05","modified_gmt":"2026-04-20T12:33:05","slug":"mr-proper-professional-visenamjensko-sredstvo-za-ciscenje-lemon-5-l","status":"publish","type":"product","link":"https:\/\/singuli.wpress.me\/index.php\/proizvod\/mr-proper-professional-visenamjensko-sredstvo-za-ciscenje-lemon-5-l\/","title":{"rendered":"MR. PROPER PROFESSIONAL, vi\u0161enamjensko sredstvo za \u010di\u0161\u0107enje, Lemon, 5\u00a0l"},"content":{"rendered":"<p><span style=\"font-weight: bold\">Univerzalno sredstvo za \u010di\u0161\u0107enje Lemon Mr. Proper Professional<\/span> korisno je u svakom radnom prostoru s velikim protokom ljudi. Posebno proizvedeno kako bi uklonilo tvrdokornu prljav\u0161tinu kao \u0161to su mast i naslage prljav\u0161tine, ovo vi\u0161enamjensko sredstvo za \u010di\u0161\u0107enje \u010dini \u010duda na \u0161irokom rasponu povr\u0161ina, uklju\u010duju\u0107i podove, radne plo\u010de i kuhinjske plo\u010de. Njegova formula s mirisom oceana  ostavlja \u010dist i privla\u010dan miris, a u\u010dinkovita je pri svim tvrdo\u0107ama vode. Savr\u0161eno je rje\u0161enje za \u010di\u0161\u0107enje tvrdih, perivih povr\u0161ina. Kod upotrebe na obojenim i lakiranim povr\u0161inama upotrebljavajte samo u razrije\u0111enom obliku. Ako ste u nedoumici, testirajte na skrivenom podru\u010dju prije upotrebe. Nemojte koristiti na povr\u0161inama koje se ne mogu prati, npr. na navo\u0161tenom ili neobra\u0111enom drvu. Kada se koristi nerazrije\u0111eno (izravno na povr\u0161ini ili spu\u017evi), isperite i osu\u0161ite ruke nakon upotrebe.<\/p>\n","protected":false},"excerpt":{"rendered":"<p>Uklanja tvrdokorne mrlje samo jednim brisanjem<br \/>\nPru\u017ea profesionalno \u010di\u0161\u0107enje i dugotrajan sjaj za sve perive tvrde povr\u0161ine i podove, namijenjeno profesionalnoj upotrebi<br \/>\nOstavlja svje\u017e, ugodan miris<\/p>\n","protected":false},"featured_media":31495,"template":"","meta":{"_seopress_robots_primary_cat":"","_seopress_titles_title":"","_seopress_titles_desc":"","_seopress_robots_index":"","iawp_total_views":0},"product_brand":[468],"product_cat":[284,238],"product_tag":[],"class_list":{"0":"post-31494","1":"product","2":"type-product","3":"status-publish","4":"has-post-thumbnail","6":"product_brand-mr-proper-professional","7":"product_cat-sredstva-za-ciscenje-238","8":"product_cat-sve-za-dom","10":"first","11":"instock","12":"shipping-taxable","13":"purchasable","14":"product-type-simple"},"_links":{"self":[{"href":"https:\/\/singuli.wpress.me\/index.php\/wp-json\/wp\/v2\/product\/31494","targetHints":{"allow":["GET"]}}],"collection":[{"href":"https:\/\/singuli.wpress.me\/index.php\/wp-json\/wp\/v2\/product"}],"about":[{"href":"https:\/\/singuli.wpress.me\/index.php\/wp-json\/wp\/v2\/types\/product"}],"version-history":[{"count":0,"href":"https:\/\/singuli.wpress.me\/index.php\/wp-json\/wp\/v2\/product\/31494\/revisions"}],"wp:featuredmedia":[{"embeddable":true,"href":"https:\/\/singuli.wpress.me\/index.php\/wp-json\/wp\/v2\/media\/31495"}],"wp:attachment":[{"href":"https:\/\/singuli.wpress.me\/index.php\/wp-json\/wp\/v2\/media?parent=31494"}],"wp:term":[{"taxonomy":"product_brand","embeddable":true,"href":"https:\/\/singuli.wpress.me\/index.php\/wp-json\/wp\/v2\/product_brand?post=31494"},{"taxonomy":"product_cat","embeddable":true,"href":"https:\/\/singuli.wpress.me\/index.php\/wp-json\/wp\/v2\/product_cat?post=31494"},{"taxonomy":"product_tag","embeddable":true,"href":"https:\/\/singuli.wpress.me\/index.php\/wp-json\/wp\/v2\/product_tag?post=31494"}],"curies":[{"name":"wp","href":"https:\/\/api.w.org\/{rel}","templated":true}]}}