{"id":31496,"date":"2026-04-17T00:34:14","date_gmt":"2026-04-17T00:34:14","guid":{"rendered":"https:\/\/singuli.wpress.me\/index.php\/proizvod\/ambi-pur-air-elektricni-osvjezivac-zraka-u-spreju-spring-awake-185-ml\/"},"modified":"2026-04-20T12:33:05","modified_gmt":"2026-04-20T12:33:05","slug":"ambi-pur-air-elektricni-osvjezivac-zraka-u-spreju-spring-awake-185-ml","status":"publish","type":"product","link":"https:\/\/singuli.wpress.me\/index.php\/proizvod\/ambi-pur-air-elektricni-osvjezivac-zraka-u-spreju-spring-awake-185-ml\/","title":{"rendered":"AMBI PUR AIR, elektri\u010dni osvje\u017eiva\u010d zraka u spreju, Spring Awake, 185\u00a0ml"},"content":{"rendered":"<p>Ku\u0107ni osvje\u017eiva\u010d zraka Ambi Pur s posebnom OdourClear tehnologijom \u010disti zrak od neugodnih mirisa, ostavljaju\u0107i svje\u017e i nje\u017ean miris. <\/p>\n<p>April Fresh je nje\u017ean i svje\u017e miris inspiriran prirodnom proljetnom svje\u017einom Lenore. Ambi Pur April Fresh pru\u017ea dvostruko du\u017ei miris od na\u0161ih standardnih osvje\u017eiva\u010da zraka i inspiriran je svje\u017einom kokosa i drugog egzoti\u010dnog vo\u0107a povezanog s karipskom pla\u017eom okru\u017eenom palmama. <\/p>\n<p>Tehnologija OdourClear, umjesto da samo maskira, uklanja lo\u0161e mirise iz va\u0161eg doma, ostavljaju\u0107i prekrasan, dugotrajan i svje\u017e miris. <\/p>\n<p>Opustite se i u\u017eivajte u ovom u\u017eitku za osjetila. <\/p>\n<p>Ambi Pur aerosoli su nezapaljivi i sadr\u017ee 100% prirodni plin nosa\u010d. <\/p>\n<p>Stoga je savr\u0161eno rje\u0161enje za svaku prostoriju u va\u0161em domu. <\/p>\n<p>Posegnite za cijelim asortimanom Ambi Pur proizvoda s jedinstvenom tehnologijom OdourClear, poput osvje\u017eiva\u010da tkanine ili automobila. Isprobajte i elektri\u010dne osvje\u017eiva\u010de zraka Ambi Pur 3Volution koji trajno uklanjaju neugodne mirise do 90 dana.<\/p>\n","protected":false},"excerpt":{"rendered":"<p>OdourClear tehnologija<br \/>\nNje\u017ean i svje\u017e miris<br \/>\nSadr\u017ei 100% prirodni plin nosa\u010d<\/p>\n","protected":false},"featured_media":31497,"template":"","meta":{"_seopress_robots_primary_cat":"","_seopress_titles_title":"","_seopress_titles_desc":"","_seopress_robots_index":"","iawp_total_views":0},"product_brand":[466],"product_cat":[268,300],"product_tag":[],"class_list":{"0":"post-31496","1":"product","2":"type-product","3":"status-publish","4":"has-post-thumbnail","6":"product_brand-ambi-pur-air","7":"product_cat-kozmetika-2","8":"product_cat-njega-kose-268","10":"first","11":"instock","12":"shipping-taxable","13":"purchasable","14":"product-type-simple"},"_links":{"self":[{"href":"https:\/\/singuli.wpress.me\/index.php\/wp-json\/wp\/v2\/product\/31496","targetHints":{"allow":["GET"]}}],"collection":[{"href":"https:\/\/singuli.wpress.me\/index.php\/wp-json\/wp\/v2\/product"}],"about":[{"href":"https:\/\/singuli.wpress.me\/index.php\/wp-json\/wp\/v2\/types\/product"}],"version-history":[{"count":0,"href":"https:\/\/singuli.wpress.me\/index.php\/wp-json\/wp\/v2\/product\/31496\/revisions"}],"wp:featuredmedia":[{"embeddable":true,"href":"https:\/\/singuli.wpress.me\/index.php\/wp-json\/wp\/v2\/media\/31497"}],"wp:attachment":[{"href":"https:\/\/singuli.wpress.me\/index.php\/wp-json\/wp\/v2\/media?parent=31496"}],"wp:term":[{"taxonomy":"product_brand","embeddable":true,"href":"https:\/\/singuli.wpress.me\/index.php\/wp-json\/wp\/v2\/product_brand?post=31496"},{"taxonomy":"product_cat","embeddable":true,"href":"https:\/\/singuli.wpress.me\/index.php\/wp-json\/wp\/v2\/product_cat?post=31496"},{"taxonomy":"product_tag","embeddable":true,"href":"https:\/\/singuli.wpress.me\/index.php\/wp-json\/wp\/v2\/product_tag?post=31496"}],"curies":[{"name":"wp","href":"https:\/\/api.w.org\/{rel}","templated":true}]}}