{"id":31498,"date":"2026-04-17T00:34:15","date_gmt":"2026-04-17T00:34:15","guid":{"rendered":"https:\/\/singuli.wpress.me\/index.php\/proizvod\/pampers-fresh-clean-vlazne-maramice-312-kom\/"},"modified":"2026-04-20T12:33:05","modified_gmt":"2026-04-20T12:33:05","slug":"pampers-fresh-clean-vlazne-maramice-312-kom","status":"publish","type":"product","link":"https:\/\/singuli.wpress.me\/index.php\/proizvod\/pampers-fresh-clean-vlazne-maramice-312-kom\/","title":{"rendered":"PAMPERS Fresh Clean, vla\u017ene maramice, 312\u00a0kom"},"content":{"rendered":"<p>Ko\u017ea va\u0161e bebe vrlo je nje\u017ena i zaslu\u017euje nje\u017eno \u010di\u0161\u0107enje svih najosjetljivijih dijelova, kao \u0161to su guza, ru\u010dice i lice. <span style=\"font-weight: bold\">Vla\u017ene maramice Pampers Fresh Clean<\/span> nje\u017eno \u010diste zahvaljuju\u0107i svojoj mekoj i gustoj tkanini, a imaju osvje\u017eavaju\u0107i miris u kojem u\u017eivate i vi i beba. Enzimi u mokra\u0107i i stolici mijenjaju pH ko\u017ee i tako pove\u0107avaju rizik od iritacije i osipa. Sve vla\u017ene maramice Pampers sadr\u017ee jedinstvenu formulu koja \u0161titi prirodni pH ko\u017ee bolje od pamuka i vode, tako da je \u010dak i najnje\u017enija ko\u017ea \u010dista i za\u0161ti\u0107ena od iritacija. Maramice Pampers Fresh Clean dermatolo\u0161ki su ispitali i odobrili dermatolozi udru\u017eenja Skin Health Alliance. Budu\u0107i da su maramice Pampers Fresh Clean namijenjene ba\u0161 osjetljivoj dje\u010djoj ko\u017ei, ne sadr\u017ee alkohol, dodane mirise ni bojila.<\/p>\n","protected":false},"excerpt":{"rendered":"<p>Nje\u017eno \u010diste pelensko podru\u010dje, ruke i bebino lice<br \/>\nDje\u010dje vla\u017ene maramice s jedinstvenom formulom koja \u0161titi prirodni pH ko\u017ee bolje od pamuka i vode<br \/>\nDermatolo\u0161ki su ih ispitali i odobrili dermatolozi udru\u017eenja Skin Health Alliance<\/p>\n","protected":false},"featured_media":31499,"template":"","meta":{"_seopress_robots_primary_cat":"","_seopress_titles_title":"","_seopress_titles_desc":"","_seopress_robots_index":"","iawp_total_views":0},"product_brand":[444],"product_cat":[268,278],"product_tag":[],"class_list":{"0":"post-31498","1":"product","2":"type-product","3":"status-publish","4":"has-post-thumbnail","6":"product_brand-pampers","7":"product_cat-kozmetika-2","8":"product_cat-njega-tijela-268","10":"first","11":"outofstock","12":"shipping-taxable","13":"purchasable","14":"product-type-simple"},"_links":{"self":[{"href":"https:\/\/singuli.wpress.me\/index.php\/wp-json\/wp\/v2\/product\/31498","targetHints":{"allow":["GET"]}}],"collection":[{"href":"https:\/\/singuli.wpress.me\/index.php\/wp-json\/wp\/v2\/product"}],"about":[{"href":"https:\/\/singuli.wpress.me\/index.php\/wp-json\/wp\/v2\/types\/product"}],"version-history":[{"count":0,"href":"https:\/\/singuli.wpress.me\/index.php\/wp-json\/wp\/v2\/product\/31498\/revisions"}],"wp:featuredmedia":[{"embeddable":true,"href":"https:\/\/singuli.wpress.me\/index.php\/wp-json\/wp\/v2\/media\/31499"}],"wp:attachment":[{"href":"https:\/\/singuli.wpress.me\/index.php\/wp-json\/wp\/v2\/media?parent=31498"}],"wp:term":[{"taxonomy":"product_brand","embeddable":true,"href":"https:\/\/singuli.wpress.me\/index.php\/wp-json\/wp\/v2\/product_brand?post=31498"},{"taxonomy":"product_cat","embeddable":true,"href":"https:\/\/singuli.wpress.me\/index.php\/wp-json\/wp\/v2\/product_cat?post=31498"},{"taxonomy":"product_tag","embeddable":true,"href":"https:\/\/singuli.wpress.me\/index.php\/wp-json\/wp\/v2\/product_tag?post=31498"}],"curies":[{"name":"wp","href":"https:\/\/api.w.org\/{rel}","templated":true}]}}