{"id":31518,"date":"2026-04-17T00:34:27","date_gmt":"2026-04-17T00:34:27","guid":{"rendered":"https:\/\/singuli.wpress.me\/index.php\/proizvod\/helix-ult-prof-ap-l-0w20-motorno-ulje-za-osobna-vozila-209-l\/"},"modified":"2026-04-20T12:33:05","modified_gmt":"2026-04-20T12:33:05","slug":"helix-ult-prof-ap-l-0w20-motorno-ulje-za-osobna-vozila-209-l","status":"publish","type":"product","link":"https:\/\/singuli.wpress.me\/index.php\/proizvod\/helix-ult-prof-ap-l-0w20-motorno-ulje-za-osobna-vozila-209-l\/","title":{"rendered":"HELIX ULT. PROF AP-L 0W20, motorno ulje za osobna vozila, 209\u00a0l"},"content":{"rendered":"<p>Potpuno sinteti\u010dko motorno ulje dizajnirano prema specijalnim zahtjevima proizvo\u0111a\u010da vozila kako bi zadovoljili visoke zahtjeve motora, uklju\u010duju\u0107i Peugeot, Citroen i druge osobne automobile koji zahtjevaju API SP specifikacije. Prednosti kori\u0161tenja ovog ulja su u\u0161tede u potro\u0161nji goriva od 3.5%, \u010disto\u0107a i izdr\u017eljivost motora, testovi provedni u Peugeotu. Motorno ulje zadovoljava zahtjeve Euro 6 modernih dizel motora koji koriste DPF i benzinske motore s trostupanjskim katalizatorom (TWC). <br \/>\n<span style=\"font-weight: bold\">Specifikacije:<\/span> API SP, PSA B71 2010. za vi\u0161e informacija o specifikacijama kontaktirajte tehni\u010dkog savjetnika.<\/p>\n","protected":false},"excerpt":{"rendered":"<p>Potpuno sinteti\u010dko motorno ulje<br \/>\nDizajnirano prema specijalnim zahtjevima proizvo\u0111a\u010da vozila kako bi zadovoljili visoke zahtjeve motora<br \/>\nMotorno ulje zadovoljava zahtjeve Euro 6 modernih dizel motora<\/p>\n","protected":false},"featured_media":31520,"template":"","meta":{"_seopress_robots_primary_cat":"","_seopress_titles_title":"","_seopress_titles_desc":"","_seopress_robots_index":"","iawp_total_views":0},"product_brand":[398],"product_cat":[243,272],"product_tag":[],"class_list":{"0":"post-31518","1":"product","2":"type-product","3":"status-publish","4":"has-post-thumbnail","6":"product_brand-helix","7":"product_cat-automobili-i-motori","8":"product_cat-motorna-ulja-243","10":"first","11":"instock","12":"shipping-taxable","13":"purchasable","14":"product-type-simple"},"_links":{"self":[{"href":"https:\/\/singuli.wpress.me\/index.php\/wp-json\/wp\/v2\/product\/31518","targetHints":{"allow":["GET"]}}],"collection":[{"href":"https:\/\/singuli.wpress.me\/index.php\/wp-json\/wp\/v2\/product"}],"about":[{"href":"https:\/\/singuli.wpress.me\/index.php\/wp-json\/wp\/v2\/types\/product"}],"version-history":[{"count":0,"href":"https:\/\/singuli.wpress.me\/index.php\/wp-json\/wp\/v2\/product\/31518\/revisions"}],"wp:featuredmedia":[{"embeddable":true,"href":"https:\/\/singuli.wpress.me\/index.php\/wp-json\/wp\/v2\/media\/31520"}],"wp:attachment":[{"href":"https:\/\/singuli.wpress.me\/index.php\/wp-json\/wp\/v2\/media?parent=31518"}],"wp:term":[{"taxonomy":"product_brand","embeddable":true,"href":"https:\/\/singuli.wpress.me\/index.php\/wp-json\/wp\/v2\/product_brand?post=31518"},{"taxonomy":"product_cat","embeddable":true,"href":"https:\/\/singuli.wpress.me\/index.php\/wp-json\/wp\/v2\/product_cat?post=31518"},{"taxonomy":"product_tag","embeddable":true,"href":"https:\/\/singuli.wpress.me\/index.php\/wp-json\/wp\/v2\/product_tag?post=31518"}],"curies":[{"name":"wp","href":"https:\/\/api.w.org\/{rel}","templated":true}]}}