{"id":31524,"date":"2026-04-17T00:34:30","date_gmt":"2026-04-17T00:34:30","guid":{"rendered":"https:\/\/singuli.wpress.me\/index.php\/proizvod\/braun-set-tlakomjer-exactfit-3-pulsni-oksimetar\/"},"modified":"2026-04-20T12:33:05","modified_gmt":"2026-04-20T12:33:05","slug":"braun-set-tlakomjer-exactfit-3-pulsni-oksimetar","status":"publish","type":"product","link":"https:\/\/singuli.wpress.me\/index.php\/proizvod\/braun-set-tlakomjer-exactfit-3-pulsni-oksimetar\/","title":{"rendered":"BRAUN, set, tlakomjer Exactfit 3 + pulsni oksimetar"},"content":{"rendered":"<p><span style=\"font-weight: bold\">Braunov pulsni oksimetar<\/span> mjeri razinu kisika u krvi, va\u017ean pokazatelj zdravlja di\u0161nog sustava. Klju\u010dni simptom bolesti di\u0161nog sustava ili krvotoka je smanjena funkcija plu\u0107a, \u0161to mo\u017ee dovesti do ni\u017ee razine kisika u krvi.Kad se ka\u017eiprst umetne u fotoelektri\u010dni senzor vrha prsta, zaslon ure\u0111aja prikazat \u0107e izmjerenu vrijednost %SpO2 i brzinu pulsa, kao i okomiti trakasti grafikon koji prikazuje amplitudu pulsa. Rotiraju\u0107i OLED zaslon s pozadinskim osvjetljenjem omogu\u0107uje prikaz rezultata iz svih kutova. Prikladan je za osobe (18+) kojima su dijagnosticirani KOPB, upala plu\u0107a ili apneja u snu.<\/p>\n<p><span style=\"font-weight: bold\">Braun tlakomjer za nadlakticu ExactFit 3<\/span> razvijen je za to\u010dno i udobno mjerenje krvnog tlaka. To\u010dnost mjerenja <br \/>\nBraunovog tlakomjera za nadlakticu testirana je u vrijeme proizvodnje i dokazana je klini\u010dkim <br \/>\nistra\u017eivanjima u skladu sa smjernicama ESH. Jednostavan je za kori\u0161tenje i ergonomskog je dizajna. S profesionalnom to\u010dno\u0161\u0107u i bojom ozna\u010denim indikatorom razine krvnog tlaka nudi brzo i jednostavno o\u010ditanje krvnog tlaka.  Detektira nepravilne otkucaje srca te ima mogu\u0107nost pohranjivanja do 40 mjerenja za 2 korisnika. Povezuje se s aplikacijom Braun Healthy Heart putem Bluetootha radi pra\u0107enja va\u0161eg napretka<\/p>\n","protected":false},"excerpt":{"rendered":"<p>Pulsni oksimetar mjeri razinu kisika u krvi<br \/>\nRezultati su na oksimetru vidljivi na rotiraju\u0107em OLED zaslonu s pozadinskim osvjetljenjem<br \/>\nTlakomjer za nadlakticu s klini\u010dki dokazanom to\u010dno\u0161\u0107u<\/p>\n","protected":false},"featured_media":31525,"template":"","meta":{"_seopress_robots_primary_cat":"","_seopress_titles_title":"","_seopress_titles_desc":"","_seopress_robots_index":"","iawp_total_views":0},"product_brand":[144],"product_cat":[192,267],"product_tag":[],"class_list":{"0":"post-31524","1":"product","2":"type-product","3":"status-publish","4":"has-post-thumbnail","6":"product_brand-braun","7":"product_cat-aparati-za-osobnu-njegu","8":"product_cat-zdravstveni-uredaji-192","10":"first","11":"outofstock","12":"shipping-taxable","13":"purchasable","14":"product-type-simple"},"_links":{"self":[{"href":"https:\/\/singuli.wpress.me\/index.php\/wp-json\/wp\/v2\/product\/31524","targetHints":{"allow":["GET"]}}],"collection":[{"href":"https:\/\/singuli.wpress.me\/index.php\/wp-json\/wp\/v2\/product"}],"about":[{"href":"https:\/\/singuli.wpress.me\/index.php\/wp-json\/wp\/v2\/types\/product"}],"version-history":[{"count":0,"href":"https:\/\/singuli.wpress.me\/index.php\/wp-json\/wp\/v2\/product\/31524\/revisions"}],"wp:featuredmedia":[{"embeddable":true,"href":"https:\/\/singuli.wpress.me\/index.php\/wp-json\/wp\/v2\/media\/31525"}],"wp:attachment":[{"href":"https:\/\/singuli.wpress.me\/index.php\/wp-json\/wp\/v2\/media?parent=31524"}],"wp:term":[{"taxonomy":"product_brand","embeddable":true,"href":"https:\/\/singuli.wpress.me\/index.php\/wp-json\/wp\/v2\/product_brand?post=31524"},{"taxonomy":"product_cat","embeddable":true,"href":"https:\/\/singuli.wpress.me\/index.php\/wp-json\/wp\/v2\/product_cat?post=31524"},{"taxonomy":"product_tag","embeddable":true,"href":"https:\/\/singuli.wpress.me\/index.php\/wp-json\/wp\/v2\/product_tag?post=31524"}],"curies":[{"name":"wp","href":"https:\/\/api.w.org\/{rel}","templated":true}]}}