{"id":31528,"date":"2026-04-17T00:34:33","date_gmt":"2026-04-17T00:34:33","guid":{"rendered":"https:\/\/singuli.wpress.me\/index.php\/proizvod\/superthings-mini-figure-extreme-riders\/"},"modified":"2026-04-21T00:26:35","modified_gmt":"2026-04-21T00:26:35","slug":"superthings-mini-figure-extreme-riders","status":"publish","type":"product","link":"https:\/\/singuli.wpress.me\/index.php\/proizvod\/superthings-mini-figure-extreme-riders\/","title":{"rendered":"SUPERTHINGS, mini figure, Extreme Riders"},"content":{"rendered":"<p>Izgradite svoju kolekciju s ovih 5 ekskluzivnih SuperThings heroja koji \u010dine tim Extreme Ridersa. Predvo\u0111eni Windwingom, ovi novi SuperThingsi su najbr\u017ei i najhrabriji, a vole brzinu i ekstremne sportove. Upoznajte Windwing, Wheeler, Rollerstar, Power Sailor i Flow i pripremite se za divlju avanturu. <br \/>\nOvih 5 ekslkuzivnih likova imaju metalik zavr\u0161etak i dostupni su isklju\u010divo u limenci koju mo\u017eete koristiti za transport ili spremanje svojih omiljenih figurica!<\/p>\n","protected":false},"excerpt":{"rendered":"<p>Nova serija SuperThingsa<br \/>\n5 ekskluzivnih SuperThings heroja koji \u010dine tim Extreme Ridersa<br \/>\nDob: 3+ god<\/p>\n","protected":false},"featured_media":31530,"template":"","meta":{"_seopress_robots_primary_cat":"","_seopress_titles_title":"","_seopress_titles_desc":"","_seopress_robots_index":"","iawp_total_views":0},"product_brand":[383],"product_cat":[221,263],"product_tag":[],"class_list":{"0":"post-31528","1":"product","2":"type-product","3":"status-publish","4":"has-post-thumbnail","6":"product_brand-superthings","7":"product_cat-igracke","8":"product_cat-tematske-igracke-221","10":"first","11":"outofstock","12":"shipping-taxable","13":"purchasable","14":"product-type-simple"},"_links":{"self":[{"href":"https:\/\/singuli.wpress.me\/index.php\/wp-json\/wp\/v2\/product\/31528","targetHints":{"allow":["GET"]}}],"collection":[{"href":"https:\/\/singuli.wpress.me\/index.php\/wp-json\/wp\/v2\/product"}],"about":[{"href":"https:\/\/singuli.wpress.me\/index.php\/wp-json\/wp\/v2\/types\/product"}],"version-history":[{"count":0,"href":"https:\/\/singuli.wpress.me\/index.php\/wp-json\/wp\/v2\/product\/31528\/revisions"}],"wp:featuredmedia":[{"embeddable":true,"href":"https:\/\/singuli.wpress.me\/index.php\/wp-json\/wp\/v2\/media\/31530"}],"wp:attachment":[{"href":"https:\/\/singuli.wpress.me\/index.php\/wp-json\/wp\/v2\/media?parent=31528"}],"wp:term":[{"taxonomy":"product_brand","embeddable":true,"href":"https:\/\/singuli.wpress.me\/index.php\/wp-json\/wp\/v2\/product_brand?post=31528"},{"taxonomy":"product_cat","embeddable":true,"href":"https:\/\/singuli.wpress.me\/index.php\/wp-json\/wp\/v2\/product_cat?post=31528"},{"taxonomy":"product_tag","embeddable":true,"href":"https:\/\/singuli.wpress.me\/index.php\/wp-json\/wp\/v2\/product_tag?post=31528"}],"curies":[{"name":"wp","href":"https:\/\/api.w.org\/{rel}","templated":true}]}}