{"id":31547,"date":"2026-04-17T00:34:41","date_gmt":"2026-04-17T00:34:41","guid":{"rendered":"https:\/\/singuli.wpress.me\/index.php\/proizvod\/superthings-set-za-igru-superbot-sugarfun\/"},"modified":"2026-04-21T00:26:35","modified_gmt":"2026-04-21T00:26:35","slug":"superthings-set-za-igru-superbot-sugarfun","status":"publish","type":"product","link":"https:\/\/singuli.wpress.me\/index.php\/proizvod\/superthings-set-za-igru-superbot-sugarfun\/","title":{"rendered":"SUPERTHINGS, set za igru, Superbot Sugarfun"},"content":{"rendered":"<p>Superbot Power Arms Sugarfun je ovdje! Otkrijte njegove mo\u0107ne i iznimno duge savitljive ruke: mo\u017eete ih uvijati i oblikovati u mnogo razli\u010ditih poza. Snaga ma\u0161te!<\/p>\n<p><span style=\"font-weight: bold\">Sadr\u017eaj:<\/span><br \/>\n1 Superbot Sugarfun<br \/>\n1 ekskluzivni Superthing Happy Wrappe<\/p>\n","protected":false},"excerpt":{"rendered":"<p>Nova serija SuperThingsa<br \/>\nMo\u0107ne i iznimno duge savitljive ruke: mo\u017eete ih uvijati i oblikovati u mnogo razli\u010ditih poza<br \/>\nDob: 3+ god<\/p>\n","protected":false},"featured_media":31549,"template":"","meta":{"_seopress_robots_primary_cat":"","_seopress_titles_title":"","_seopress_titles_desc":"","_seopress_robots_index":"","iawp_total_views":0},"product_brand":[383],"product_cat":[221,263],"product_tag":[],"class_list":{"0":"post-31547","1":"product","2":"type-product","3":"status-publish","4":"has-post-thumbnail","6":"product_brand-superthings","7":"product_cat-igracke","8":"product_cat-tematske-igracke-221","10":"first","11":"outofstock","12":"shipping-taxable","13":"purchasable","14":"product-type-simple"},"_links":{"self":[{"href":"https:\/\/singuli.wpress.me\/index.php\/wp-json\/wp\/v2\/product\/31547","targetHints":{"allow":["GET"]}}],"collection":[{"href":"https:\/\/singuli.wpress.me\/index.php\/wp-json\/wp\/v2\/product"}],"about":[{"href":"https:\/\/singuli.wpress.me\/index.php\/wp-json\/wp\/v2\/types\/product"}],"version-history":[{"count":0,"href":"https:\/\/singuli.wpress.me\/index.php\/wp-json\/wp\/v2\/product\/31547\/revisions"}],"wp:featuredmedia":[{"embeddable":true,"href":"https:\/\/singuli.wpress.me\/index.php\/wp-json\/wp\/v2\/media\/31549"}],"wp:attachment":[{"href":"https:\/\/singuli.wpress.me\/index.php\/wp-json\/wp\/v2\/media?parent=31547"}],"wp:term":[{"taxonomy":"product_brand","embeddable":true,"href":"https:\/\/singuli.wpress.me\/index.php\/wp-json\/wp\/v2\/product_brand?post=31547"},{"taxonomy":"product_cat","embeddable":true,"href":"https:\/\/singuli.wpress.me\/index.php\/wp-json\/wp\/v2\/product_cat?post=31547"},{"taxonomy":"product_tag","embeddable":true,"href":"https:\/\/singuli.wpress.me\/index.php\/wp-json\/wp\/v2\/product_tag?post=31547"}],"curies":[{"name":"wp","href":"https:\/\/api.w.org\/{rel}","templated":true}]}}