{"id":31550,"date":"2026-04-17T00:34:42","date_gmt":"2026-04-17T00:34:42","guid":{"rendered":"https:\/\/singuli.wpress.me\/index.php\/proizvod\/tikves-vranec-crno-vino-0-75-l\/"},"modified":"2026-04-20T12:33:05","modified_gmt":"2026-04-20T12:33:05","slug":"tikves-vranec-crno-vino-0-75-l","status":"publish","type":"product","link":"https:\/\/singuli.wpress.me\/index.php\/proizvod\/tikves-vranec-crno-vino-0-75-l\/","title":{"rendered":"TIKVE\u0160 Vranec, crno vino, 0.75\u00a0l"},"content":{"rendered":"<p>Crno suho vino ljubi\u010dasto-crvene boje i slatkog harmoni\u010dnog okusa. Arome jagoda, kupina i \u0161umskog vo\u0107a, upotpunjenih mirisom karamele i dima.<\/p>\n","protected":false},"excerpt":{"rendered":"<p>Stoljetna tradicija vinarije<br \/>\nArome jagoda, kupina i \u0161umskog vo\u0107a<br \/>\nMiris karamele i dima<\/p>\n","protected":false},"featured_media":31552,"template":"","meta":{"_seopress_robots_primary_cat":"","_seopress_titles_title":"","_seopress_titles_desc":"","_seopress_robots_index":"","iawp_total_views":0},"product_brand":[470],"product_cat":[298,261],"product_tag":[],"class_list":{"0":"post-31550","1":"product","2":"type-product","3":"status-publish","4":"has-post-thumbnail","6":"product_brand-tikves","7":"product_cat-alkoholna-pica-261","8":"product_cat-hrana-i-pice","10":"first","11":"instock","12":"shipping-taxable","13":"purchasable","14":"product-type-simple"},"_links":{"self":[{"href":"https:\/\/singuli.wpress.me\/index.php\/wp-json\/wp\/v2\/product\/31550","targetHints":{"allow":["GET"]}}],"collection":[{"href":"https:\/\/singuli.wpress.me\/index.php\/wp-json\/wp\/v2\/product"}],"about":[{"href":"https:\/\/singuli.wpress.me\/index.php\/wp-json\/wp\/v2\/types\/product"}],"version-history":[{"count":0,"href":"https:\/\/singuli.wpress.me\/index.php\/wp-json\/wp\/v2\/product\/31550\/revisions"}],"wp:featuredmedia":[{"embeddable":true,"href":"https:\/\/singuli.wpress.me\/index.php\/wp-json\/wp\/v2\/media\/31552"}],"wp:attachment":[{"href":"https:\/\/singuli.wpress.me\/index.php\/wp-json\/wp\/v2\/media?parent=31550"}],"wp:term":[{"taxonomy":"product_brand","embeddable":true,"href":"https:\/\/singuli.wpress.me\/index.php\/wp-json\/wp\/v2\/product_brand?post=31550"},{"taxonomy":"product_cat","embeddable":true,"href":"https:\/\/singuli.wpress.me\/index.php\/wp-json\/wp\/v2\/product_cat?post=31550"},{"taxonomy":"product_tag","embeddable":true,"href":"https:\/\/singuli.wpress.me\/index.php\/wp-json\/wp\/v2\/product_tag?post=31550"}],"curies":[{"name":"wp","href":"https:\/\/api.w.org\/{rel}","templated":true}]}}