{"id":31556,"date":"2026-04-17T00:34:46","date_gmt":"2026-04-17T00:34:46","guid":{"rendered":"https:\/\/singuli.wpress.me\/index.php\/proizvod\/superthings-figura-wild-kids\/"},"modified":"2026-04-21T00:26:35","modified_gmt":"2026-04-21T00:26:35","slug":"superthings-figura-wild-kids","status":"publish","type":"product","link":"https:\/\/singuli.wpress.me\/index.php\/proizvod\/superthings-figura-wild-kids\/","title":{"rendered":"SUPERTHINGS, figura, Wild Kids"},"content":{"rendered":"<p>Nova kolekcija figura sa \u017eivotinjskim mo\u0107ima. Profesor K je otkrio novu zelenu Kazoom energiju iz koje su iznikla neka vrlo \u010dudna jaja. Kada dijete dotakne jedno od jaja, poprima neobi\u010dne \u017eivotinjske mo\u0107i i pretvara se u Wild kid!        <\/p>\n<p>Sadr\u017ei:<br \/>\n1 Kazoom Kid<br \/>\n1 SuperThing               <\/p>\n","protected":false},"excerpt":{"rendered":"<p>Nova serija SuperThingsa<br \/>\nNova kolekcija figura sa \u017eivotinjskim mo\u0107ima<br \/>\nDob: 3+ god<\/p>\n","protected":false},"featured_media":31557,"template":"","meta":{"_seopress_robots_primary_cat":"","_seopress_titles_title":"","_seopress_titles_desc":"","_seopress_robots_index":"","iawp_total_views":0},"product_brand":[383],"product_cat":[221,263],"product_tag":[],"class_list":{"0":"post-31556","1":"product","2":"type-product","3":"status-publish","4":"has-post-thumbnail","6":"product_brand-superthings","7":"product_cat-igracke","8":"product_cat-tematske-igracke-221","10":"first","11":"outofstock","12":"shipping-taxable","13":"purchasable","14":"product-type-simple"},"_links":{"self":[{"href":"https:\/\/singuli.wpress.me\/index.php\/wp-json\/wp\/v2\/product\/31556","targetHints":{"allow":["GET"]}}],"collection":[{"href":"https:\/\/singuli.wpress.me\/index.php\/wp-json\/wp\/v2\/product"}],"about":[{"href":"https:\/\/singuli.wpress.me\/index.php\/wp-json\/wp\/v2\/types\/product"}],"version-history":[{"count":0,"href":"https:\/\/singuli.wpress.me\/index.php\/wp-json\/wp\/v2\/product\/31556\/revisions"}],"wp:featuredmedia":[{"embeddable":true,"href":"https:\/\/singuli.wpress.me\/index.php\/wp-json\/wp\/v2\/media\/31557"}],"wp:attachment":[{"href":"https:\/\/singuli.wpress.me\/index.php\/wp-json\/wp\/v2\/media?parent=31556"}],"wp:term":[{"taxonomy":"product_brand","embeddable":true,"href":"https:\/\/singuli.wpress.me\/index.php\/wp-json\/wp\/v2\/product_brand?post=31556"},{"taxonomy":"product_cat","embeddable":true,"href":"https:\/\/singuli.wpress.me\/index.php\/wp-json\/wp\/v2\/product_cat?post=31556"},{"taxonomy":"product_tag","embeddable":true,"href":"https:\/\/singuli.wpress.me\/index.php\/wp-json\/wp\/v2\/product_tag?post=31556"}],"curies":[{"name":"wp","href":"https:\/\/api.w.org\/{rel}","templated":true}]}}