{"id":31570,"date":"2026-04-17T00:34:53","date_gmt":"2026-04-17T00:34:53","guid":{"rendered":"https:\/\/singuli.wpress.me\/index.php\/proizvod\/superthings-mini-figure-neon-power-exisceleton\/"},"modified":"2026-04-21T00:26:35","modified_gmt":"2026-04-21T00:26:35","slug":"superthings-mini-figure-neon-power-exisceleton","status":"publish","type":"product","link":"https:\/\/singuli.wpress.me\/index.php\/proizvod\/superthings-mini-figure-neon-power-exisceleton\/","title":{"rendered":"SUPERTHINGS, mini figure, Neon Power &#8211; Exisceleton"},"content":{"rendered":"<p>Predstavljamo Superthings egzoskeletone &#8211; naoru\u017eane figure s pokretnim rukama! Rezultat tehnolo\u0161kih eksperimenata profesora K, pro\u017eeti su neonskom snagom ColorFlash-a i sada su jo\u0161 nezaustavljiviji. Heroji i zlikovci, SuperThings i Kazoom Kids udru\u017eili su se s njima \u2012 i bitka \u0107e biti lu\u0111a nego ikada. Sakupi 6 modela i prona\u0111i ultra rijetki zlatni egzoskelet!<br \/>\n<span style=\"font-weight: bold\"><br \/>\nSadr\u017ei:<\/span><br \/>\n1 SuperThing<br \/>\n1 Egzoskeleton<\/p>\n","protected":false},"excerpt":{"rendered":"<p>Nova serija SuperThingsa<br \/>\nSuperthings egzoskeletone &#8211; naoru\u017eane figure s pokretnim rukama<br \/>\nDob: 3+ god<\/p>\n","protected":false},"featured_media":31572,"template":"","meta":{"_seopress_robots_primary_cat":"","_seopress_titles_title":"","_seopress_titles_desc":"","_seopress_robots_index":"","iawp_total_views":0},"product_brand":[383],"product_cat":[221,263],"product_tag":[],"class_list":{"0":"post-31570","1":"product","2":"type-product","3":"status-publish","4":"has-post-thumbnail","6":"product_brand-superthings","7":"product_cat-igracke","8":"product_cat-tematske-igracke-221","10":"first","11":"instock","12":"shipping-taxable","13":"purchasable","14":"product-type-simple"},"_links":{"self":[{"href":"https:\/\/singuli.wpress.me\/index.php\/wp-json\/wp\/v2\/product\/31570","targetHints":{"allow":["GET"]}}],"collection":[{"href":"https:\/\/singuli.wpress.me\/index.php\/wp-json\/wp\/v2\/product"}],"about":[{"href":"https:\/\/singuli.wpress.me\/index.php\/wp-json\/wp\/v2\/types\/product"}],"version-history":[{"count":0,"href":"https:\/\/singuli.wpress.me\/index.php\/wp-json\/wp\/v2\/product\/31570\/revisions"}],"wp:featuredmedia":[{"embeddable":true,"href":"https:\/\/singuli.wpress.me\/index.php\/wp-json\/wp\/v2\/media\/31572"}],"wp:attachment":[{"href":"https:\/\/singuli.wpress.me\/index.php\/wp-json\/wp\/v2\/media?parent=31570"}],"wp:term":[{"taxonomy":"product_brand","embeddable":true,"href":"https:\/\/singuli.wpress.me\/index.php\/wp-json\/wp\/v2\/product_brand?post=31570"},{"taxonomy":"product_cat","embeddable":true,"href":"https:\/\/singuli.wpress.me\/index.php\/wp-json\/wp\/v2\/product_cat?post=31570"},{"taxonomy":"product_tag","embeddable":true,"href":"https:\/\/singuli.wpress.me\/index.php\/wp-json\/wp\/v2\/product_tag?post=31570"}],"curies":[{"name":"wp","href":"https:\/\/api.w.org\/{rel}","templated":true}]}}