{"id":31579,"date":"2026-04-17T00:34:57","date_gmt":"2026-04-17T00:34:57","guid":{"rendered":"https:\/\/singuli.wpress.me\/index.php\/proizvod\/lavazza-ctg-8-oz-50-1-plasticni-poklopac-100-kom\/"},"modified":"2026-04-20T12:33:05","modified_gmt":"2026-04-20T12:33:05","slug":"lavazza-ctg-8-oz-50-1-plasticni-poklopac-100-kom","status":"publish","type":"product","link":"https:\/\/singuli.wpress.me\/index.php\/proizvod\/lavazza-ctg-8-oz-50-1-plasticni-poklopac-100-kom\/","title":{"rendered":"LAVAZZA CTG 8 OZ 50\/1, plasti\u010dni poklopac, 100\u00a0kom"},"content":{"rendered":"<p>Pripadaju\u0107i poklopac namijenjen je za <b>LAVAZZA CTG 8 OZ<\/b> papirnate \u0161alice. Idealan je za odr\u017eavanje temperature napitka i prakti\u010dan transport kave. Pakiranje sadr\u017ei 100 komada.<\/p>\n","protected":false},"excerpt":{"rendered":"<p>Dizajniran za LAVAZZA CTG 8 OZ \u0161alice<br \/>\nVeliko pakiranje od 100 komada<\/p>\n","protected":false},"featured_media":31580,"template":"","meta":{"_seopress_robots_primary_cat":"","_seopress_titles_title":"","_seopress_titles_desc":"","_seopress_robots_index":"","iawp_total_views":0},"product_brand":[393],"product_cat":[274,238],"product_tag":[],"class_list":{"0":"post-31579","1":"product","2":"type-product","3":"status-publish","4":"has-post-thumbnail","6":"product_brand-lavazza","7":"product_cat-kucanski-pribor-238","8":"product_cat-sve-za-dom","10":"first","11":"instock","12":"shipping-taxable","13":"purchasable","14":"product-type-simple"},"_links":{"self":[{"href":"https:\/\/singuli.wpress.me\/index.php\/wp-json\/wp\/v2\/product\/31579","targetHints":{"allow":["GET"]}}],"collection":[{"href":"https:\/\/singuli.wpress.me\/index.php\/wp-json\/wp\/v2\/product"}],"about":[{"href":"https:\/\/singuli.wpress.me\/index.php\/wp-json\/wp\/v2\/types\/product"}],"version-history":[{"count":0,"href":"https:\/\/singuli.wpress.me\/index.php\/wp-json\/wp\/v2\/product\/31579\/revisions"}],"wp:featuredmedia":[{"embeddable":true,"href":"https:\/\/singuli.wpress.me\/index.php\/wp-json\/wp\/v2\/media\/31580"}],"wp:attachment":[{"href":"https:\/\/singuli.wpress.me\/index.php\/wp-json\/wp\/v2\/media?parent=31579"}],"wp:term":[{"taxonomy":"product_brand","embeddable":true,"href":"https:\/\/singuli.wpress.me\/index.php\/wp-json\/wp\/v2\/product_brand?post=31579"},{"taxonomy":"product_cat","embeddable":true,"href":"https:\/\/singuli.wpress.me\/index.php\/wp-json\/wp\/v2\/product_cat?post=31579"},{"taxonomy":"product_tag","embeddable":true,"href":"https:\/\/singuli.wpress.me\/index.php\/wp-json\/wp\/v2\/product_tag?post=31579"}],"curies":[{"name":"wp","href":"https:\/\/api.w.org\/{rel}","templated":true}]}}