{"id":31592,"date":"2026-04-17T00:35:04","date_gmt":"2026-04-17T00:35:04","guid":{"rendered":"https:\/\/singuli.wpress.me\/index.php\/proizvod\/telemach-start-paket-net2go-unlimited-plus\/"},"modified":"2026-04-20T12:33:06","modified_gmt":"2026-04-20T12:33:06","slug":"telemach-start-paket-net2go-unlimited-plus","status":"publish","type":"product","link":"https:\/\/singuli.wpress.me\/index.php\/proizvod\/telemach-start-paket-net2go-unlimited-plus\/","title":{"rendered":"TELEMACH, start paket, Net2Go Unlimited Plus"},"content":{"rendered":"<p><span style=\"font-weight: bold\">SIM kartica<\/span> za <span style=\"font-weight: bold\">neograni\u010deno<\/span> kori\u0161tenje mobilnog interneta tijekom 10 dana.<\/p>\n<p>Uklju\u010deno:<br \/>\n&#8211; Neograni\u010deni GB<br \/>\n&#8211; 200 minuta za razgovor<br \/>\n&#8211; Trajanje 10 dana<br \/>\n&#8211; Koristiti se na bilo kojoj lokaciji unutar RH<\/p>\n<p>Korisniku je potrebno samo\u00a0staviti SIM karticu u mobilni ure\u0111aj, tablet ili neki drugi ure\u0111aj i\u00a0zapo\u010deti surfanje.<\/p>\n<p>Nakon isteka 10 dana, kupnjom bona od 8 \u20ac produ\u017euje se kori\u0161tenje odnosno trajanja sljede\u0107ih 10 dana.<\/p>\n<p>Jedinstvena SIM kartica za mobilni internet na HR tr\u017ei\u0161tu!<\/p>\n","protected":false},"excerpt":{"rendered":"<p>Sim kartica za neograni\u010deno kori\u0161tenje mobilnog interneta<br \/>\nTrajanje 10 dana<br \/>\nKori\u0161tenje unutar RH<\/p>\n","protected":false},"featured_media":31594,"template":"","meta":{"_seopress_robots_primary_cat":"","_seopress_titles_title":"","_seopress_titles_desc":"","_seopress_robots_index":"","iawp_total_views":0},"product_brand":[476],"product_cat":[274,238],"product_tag":[],"class_list":{"0":"post-31592","1":"product","2":"type-product","3":"status-publish","4":"has-post-thumbnail","6":"product_brand-telemach","7":"product_cat-kucanski-pribor-238","8":"product_cat-sve-za-dom","10":"first","11":"instock","12":"shipping-taxable","13":"purchasable","14":"product-type-simple"},"_links":{"self":[{"href":"https:\/\/singuli.wpress.me\/index.php\/wp-json\/wp\/v2\/product\/31592","targetHints":{"allow":["GET"]}}],"collection":[{"href":"https:\/\/singuli.wpress.me\/index.php\/wp-json\/wp\/v2\/product"}],"about":[{"href":"https:\/\/singuli.wpress.me\/index.php\/wp-json\/wp\/v2\/types\/product"}],"version-history":[{"count":0,"href":"https:\/\/singuli.wpress.me\/index.php\/wp-json\/wp\/v2\/product\/31592\/revisions"}],"wp:featuredmedia":[{"embeddable":true,"href":"https:\/\/singuli.wpress.me\/index.php\/wp-json\/wp\/v2\/media\/31594"}],"wp:attachment":[{"href":"https:\/\/singuli.wpress.me\/index.php\/wp-json\/wp\/v2\/media?parent=31592"}],"wp:term":[{"taxonomy":"product_brand","embeddable":true,"href":"https:\/\/singuli.wpress.me\/index.php\/wp-json\/wp\/v2\/product_brand?post=31592"},{"taxonomy":"product_cat","embeddable":true,"href":"https:\/\/singuli.wpress.me\/index.php\/wp-json\/wp\/v2\/product_cat?post=31592"},{"taxonomy":"product_tag","embeddable":true,"href":"https:\/\/singuli.wpress.me\/index.php\/wp-json\/wp\/v2\/product_tag?post=31592"}],"curies":[{"name":"wp","href":"https:\/\/api.w.org\/{rel}","templated":true}]}}