{"id":31593,"date":"2026-04-17T00:35:04","date_gmt":"2026-04-17T00:35:04","guid":{"rendered":"https:\/\/singuli.wpress.me\/index.php\/proizvod\/iggy-ziggy-igracka-za-sortiranje\/"},"modified":"2026-04-20T12:33:06","modified_gmt":"2026-04-20T12:33:06","slug":"iggy-ziggy-igracka-za-sortiranje","status":"publish","type":"product","link":"https:\/\/singuli.wpress.me\/index.php\/proizvod\/iggy-ziggy-igracka-za-sortiranje\/","title":{"rendered":"IGGY ZIGGY, igra\u010dka za sortiranje"},"content":{"rendered":"<p>Ova igra\u010dka za sortiranje pru\u017ea izazovan i edukativan do\u017eivljaj za najmla\u0111e. Sadr\u017ei dodatke razli\u010ditih oblika koji poti\u010du razvoj djetetovog pam\u0107enja, ma\u0161te i koordinacije ruku. Interaktivna igra s ovim edukativnim igra\u010dkama ne samo da zabavlja, ve\u0107 i poti\u010de klju\u010dne kognitivne i motori\u010dke vje\u0161tine kod beba.<br \/>\nDob  +12mj<\/p>\n","protected":false},"excerpt":{"rendered":"<p>Pru\u017ea izazovan i edukativan do\u017eivljaj za najmla\u0111e<br \/>\nPoti\u010de klju\u010dne kognitivne i motori\u010dke vje\u0161tine kod beba<br \/>\nDob: 12+m<\/p>\n","protected":false},"featured_media":31595,"template":"","meta":{"_seopress_robots_primary_cat":"","_seopress_titles_title":"","_seopress_titles_desc":"","_seopress_robots_index":"","iawp_total_views":0},"product_brand":[358],"product_cat":[221,291],"product_tag":[],"class_list":{"0":"post-31593","1":"product","2":"type-product","3":"status-publish","4":"has-post-thumbnail","6":"product_brand-iggy-ziggy","7":"product_cat-igracke","8":"product_cat-igracke-za-djecu-221","10":"first","11":"instock","12":"shipping-taxable","13":"purchasable","14":"product-type-simple"},"_links":{"self":[{"href":"https:\/\/singuli.wpress.me\/index.php\/wp-json\/wp\/v2\/product\/31593","targetHints":{"allow":["GET"]}}],"collection":[{"href":"https:\/\/singuli.wpress.me\/index.php\/wp-json\/wp\/v2\/product"}],"about":[{"href":"https:\/\/singuli.wpress.me\/index.php\/wp-json\/wp\/v2\/types\/product"}],"version-history":[{"count":0,"href":"https:\/\/singuli.wpress.me\/index.php\/wp-json\/wp\/v2\/product\/31593\/revisions"}],"wp:featuredmedia":[{"embeddable":true,"href":"https:\/\/singuli.wpress.me\/index.php\/wp-json\/wp\/v2\/media\/31595"}],"wp:attachment":[{"href":"https:\/\/singuli.wpress.me\/index.php\/wp-json\/wp\/v2\/media?parent=31593"}],"wp:term":[{"taxonomy":"product_brand","embeddable":true,"href":"https:\/\/singuli.wpress.me\/index.php\/wp-json\/wp\/v2\/product_brand?post=31593"},{"taxonomy":"product_cat","embeddable":true,"href":"https:\/\/singuli.wpress.me\/index.php\/wp-json\/wp\/v2\/product_cat?post=31593"},{"taxonomy":"product_tag","embeddable":true,"href":"https:\/\/singuli.wpress.me\/index.php\/wp-json\/wp\/v2\/product_tag?post=31593"}],"curies":[{"name":"wp","href":"https:\/\/api.w.org\/{rel}","templated":true}]}}