{"id":31600,"date":"2026-04-17T00:35:10","date_gmt":"2026-04-17T00:35:10","guid":{"rendered":"https:\/\/singuli.wpress.me\/index.php\/proizvod\/laica-set-kompresorski-inhalator-toplomjer-th1000\/"},"modified":"2026-04-20T12:33:06","modified_gmt":"2026-04-20T12:33:06","slug":"laica-set-kompresorski-inhalator-toplomjer-th1000","status":"publish","type":"product","link":"https:\/\/singuli.wpress.me\/index.php\/proizvod\/laica-set-kompresorski-inhalator-toplomjer-th1000\/","title":{"rendered":"LAICA, set, kompresorski inhalator + toplomjer TH1000"},"content":{"rendered":"<p><span style=\"font-weight: bold\">Kompresorski inhalator:<\/span> ure\u0111aj za aerosolnu terapiju pogodan je za kori\u0161tenje s bilo kojim lijekom, uklju\u010duju\u0107i masne proizvode poput kortizona, esencijalnih ulja i suspenzija. Inhaliranje pomo\u0107u inhalatora raspr\u0161iva\u010da je jedan od najboljih na\u010dina lije\u010denja ka\u0161lja, bronhitisa i astme.  Poma\u017ee kod te\u0161kog produktivnog ka\u0161lja, gdje je iska\u0161ljavanje naporno i isrcpljuju\u0107e zbog gustog sekreta. <\/p>\n<p>Na\u010din primjene: Namjestite na inhalator masku koja vam odgovara, napunite ga odgovaraju\u0107om teku\u0107inom, uklju\u010dite u struju i va\u0161e inhaliranje mo\u017ee krenuti.<\/p>\n<p>Beskontaktni toplomjer brzo mjeri tjelesnu temperaturu , posebno je pogodan za djecu jer i\u0161\u010ditava temperaturu u roku od 1 sekunde. Mjeri temperaturu \u010dela i teku\u0107ine, te pohranjuje do 10 mjerenja. Zvu\u010dni signal javlja kada je temperatura pre\u0161la 37.8\u00b0C.<\/p>\n<p>Na\u010din primjene: Uklju\u010dite tipku za po\u010detak mjerenja, udaljite od \u010dela te \u0107e infracrvena zraka mjeriti va\u0161u temperaturu za koju treba 1 sekundu.<\/p>\n","protected":false},"excerpt":{"rendered":"<p>Inhalator pogodan za sve vrste lijekova, MMAD 2,61\u00b5m, brzina 0,35 ml\/min<br \/>\nInhalator veli\u010dine 20&#215;17.5x9cm<br \/>\nToplomjer sa zvu\u010dnim signaoml, pogodan za mjerenje tijela i teku\u0107ine<\/p>\n","protected":false},"featured_media":31601,"template":"","meta":{"_seopress_robots_primary_cat":"","_seopress_titles_title":"","_seopress_titles_desc":"","_seopress_robots_index":"","iawp_total_views":0},"product_brand":[148],"product_cat":[192,267],"product_tag":[],"class_list":{"0":"post-31600","1":"product","2":"type-product","3":"status-publish","4":"has-post-thumbnail","6":"product_brand-laica","7":"product_cat-aparati-za-osobnu-njegu","8":"product_cat-zdravstveni-uredaji-192","10":"first","11":"outofstock","12":"shipping-taxable","13":"purchasable","14":"product-type-simple"},"_links":{"self":[{"href":"https:\/\/singuli.wpress.me\/index.php\/wp-json\/wp\/v2\/product\/31600","targetHints":{"allow":["GET"]}}],"collection":[{"href":"https:\/\/singuli.wpress.me\/index.php\/wp-json\/wp\/v2\/product"}],"about":[{"href":"https:\/\/singuli.wpress.me\/index.php\/wp-json\/wp\/v2\/types\/product"}],"version-history":[{"count":0,"href":"https:\/\/singuli.wpress.me\/index.php\/wp-json\/wp\/v2\/product\/31600\/revisions"}],"wp:featuredmedia":[{"embeddable":true,"href":"https:\/\/singuli.wpress.me\/index.php\/wp-json\/wp\/v2\/media\/31601"}],"wp:attachment":[{"href":"https:\/\/singuli.wpress.me\/index.php\/wp-json\/wp\/v2\/media?parent=31600"}],"wp:term":[{"taxonomy":"product_brand","embeddable":true,"href":"https:\/\/singuli.wpress.me\/index.php\/wp-json\/wp\/v2\/product_brand?post=31600"},{"taxonomy":"product_cat","embeddable":true,"href":"https:\/\/singuli.wpress.me\/index.php\/wp-json\/wp\/v2\/product_cat?post=31600"},{"taxonomy":"product_tag","embeddable":true,"href":"https:\/\/singuli.wpress.me\/index.php\/wp-json\/wp\/v2\/product_tag?post=31600"}],"curies":[{"name":"wp","href":"https:\/\/api.w.org\/{rel}","templated":true}]}}