{"id":31649,"date":"2026-04-17T00:35:31","date_gmt":"2026-04-17T00:35:31","guid":{"rendered":"https:\/\/singuli.wpress.me\/index.php\/proizvod\/braun-silk-epil-7-7-000-epilator\/"},"modified":"2026-04-21T00:26:35","modified_gmt":"2026-04-21T00:26:35","slug":"braun-silk-epil-7-7-000-epilator","status":"publish","type":"product","link":"https:\/\/singuli.wpress.me\/index.php\/proizvod\/braun-silk-epil-7-7-000-epilator\/","title":{"rendered":"BRAUN Silk-\u00e9pil 7 7-000, epilator"},"content":{"rendered":"<p>Braun Silk-\u00e9pil 7 osigurava do mjesec dana glatke ko\u017ee, bilo kada i bilo gdje, i to u\u010dinkovito. Svojom \u0161irokom glavom, ovaj be\u017ei\u010dni Braunov epilator za suhu i mokru upotrebu pokriva ve\u0107a podru\u010dja pri svakom potezu (u odnosu na Braun Silk-\u00e9pil 5). Njegove pincete MicroGrip mogu uhvatiti \u010dak i dla\u010dice duljine samo 0,5 mm. U\u017eivajte u ko\u017ei glatkoj kao nakon salonskog tretmana, uz dodatnu ugodnost zahvaljuju\u0107i masa\u017enim kota\u010di\u0107ima koji poma\u017eu smanjiti osje\u0107aj boli. I zaboravite na \u010dekanje da dla\u010dice izrastu na dostatnu duljinu da bih se moglo ukloniti drugim proizvodima za uklanjanje dla\u010dica poput voska. Ovaj be\u017ei\u010dni epilator dizajniran je za prakti\u010dnost te eliminira potrebu za \u010di\u0161\u0107enjem ili zakazivanjem termina u salonu. Savjet: za smanjenje boli, epilirajte se u kadi ili pod tu\u0161em u toploj vodi. Stvoreni da traju godinama: na\u0161i su epilatori proizvedeni u Njema\u010dkoj.<\/p>\n","protected":false},"excerpt":{"rendered":"<p>Do mjesec dana glatke ko\u017ee u bilo kojem trenutku<br \/>\nMokra i suha epilacija<br \/>\nEpilirajte se onako kako vi \u017eelite i onda kad vi to \u017eelite<\/p>\n","protected":false},"featured_media":31650,"template":"","meta":{"_seopress_robots_primary_cat":"","_seopress_titles_title":"","_seopress_titles_desc":"","_seopress_robots_index":"","iawp_total_views":0},"product_brand":[144],"product_cat":[192,282,281],"product_tag":[],"class_list":{"0":"post-31649","1":"product","2":"type-product","3":"status-publish","4":"has-post-thumbnail","6":"product_brand-braun","7":"product_cat-aparati-za-osobnu-njegu","8":"product_cat-aparati-za-zene-281","9":"product_cat-epilatori-i-ipl-192","11":"first","12":"outofstock","13":"shipping-taxable","14":"purchasable","15":"product-type-simple"},"_links":{"self":[{"href":"https:\/\/singuli.wpress.me\/index.php\/wp-json\/wp\/v2\/product\/31649","targetHints":{"allow":["GET"]}}],"collection":[{"href":"https:\/\/singuli.wpress.me\/index.php\/wp-json\/wp\/v2\/product"}],"about":[{"href":"https:\/\/singuli.wpress.me\/index.php\/wp-json\/wp\/v2\/types\/product"}],"version-history":[{"count":0,"href":"https:\/\/singuli.wpress.me\/index.php\/wp-json\/wp\/v2\/product\/31649\/revisions"}],"wp:featuredmedia":[{"embeddable":true,"href":"https:\/\/singuli.wpress.me\/index.php\/wp-json\/wp\/v2\/media\/31650"}],"wp:attachment":[{"href":"https:\/\/singuli.wpress.me\/index.php\/wp-json\/wp\/v2\/media?parent=31649"}],"wp:term":[{"taxonomy":"product_brand","embeddable":true,"href":"https:\/\/singuli.wpress.me\/index.php\/wp-json\/wp\/v2\/product_brand?post=31649"},{"taxonomy":"product_cat","embeddable":true,"href":"https:\/\/singuli.wpress.me\/index.php\/wp-json\/wp\/v2\/product_cat?post=31649"},{"taxonomy":"product_tag","embeddable":true,"href":"https:\/\/singuli.wpress.me\/index.php\/wp-json\/wp\/v2\/product_tag?post=31649"}],"curies":[{"name":"wp","href":"https:\/\/api.w.org\/{rel}","templated":true}]}}