{"id":31652,"date":"2026-04-17T00:35:32","date_gmt":"2026-04-17T00:35:32","guid":{"rendered":"https:\/\/singuli.wpress.me\/index.php\/proizvod\/braun-silk-epil-5-5-050-epilator\/"},"modified":"2026-04-20T12:33:06","modified_gmt":"2026-04-20T12:33:06","slug":"braun-silk-epil-5-5-050-epilator","status":"publish","type":"product","link":"https:\/\/singuli.wpress.me\/index.php\/proizvod\/braun-silk-epil-5-5-050-epilator\/","title":{"rendered":"BRAUN Silk-\u00e9pil 5 5-050, epilator"},"content":{"rendered":"<p>Braun Silk-\u00e9pil 5 osigurava do mjesec dana glatke ko\u017ee, bilo kada i bilo gdje. Ovaj Braunov epilator ima pincete MicroGrip koje mogu uhvatiti dla\u010dice koje vosak ne hvata (\u010dak i one duljine samo 0,5 mm). Iskusite manje boli zahvaljuju\u0107i nastavku s masa\u017enim kota\u010di\u0107ima. I zaboravite na \u010dekanje da dla\u010dice izrastu na dostatnu duljinu da bih se moglo ukloniti drugim proizvodima za uklanjanje dla\u010dica poput voska. Ovaj be\u017ei\u010dni epilator dizajniran je za prakti\u010dnost te eliminira potrebu za \u010di\u0161\u0107enjem ili zakazivanjem termina u salonu. Savjet: za smanjenje boli, epilirajte se u kadi ili pod tu\u0161em u toploj vodi. Stvoreni da traju godinama: na\u0161i su epilatori proizvedeni u Njema\u010dkoj.<\/p>\n","protected":false},"excerpt":{"rendered":"<p>Do mjesec dana glatke ko\u017ee u bilo kojem trenutku<br \/>\nMokra i suha epilacija<br \/>\nEpilirajte se onako kako vi \u017eelite i onda kad vi to \u017eelite<\/p>\n","protected":false},"featured_media":31654,"template":"","meta":{"_seopress_robots_primary_cat":"","_seopress_titles_title":"","_seopress_titles_desc":"","_seopress_robots_index":"","iawp_total_views":0},"product_brand":[144],"product_cat":[192,282,281],"product_tag":[],"class_list":{"0":"post-31652","1":"product","2":"type-product","3":"status-publish","4":"has-post-thumbnail","6":"product_brand-braun","7":"product_cat-aparati-za-osobnu-njegu","8":"product_cat-aparati-za-zene-281","9":"product_cat-epilatori-i-ipl-192","11":"first","12":"instock","13":"shipping-taxable","14":"purchasable","15":"product-type-simple"},"_links":{"self":[{"href":"https:\/\/singuli.wpress.me\/index.php\/wp-json\/wp\/v2\/product\/31652","targetHints":{"allow":["GET"]}}],"collection":[{"href":"https:\/\/singuli.wpress.me\/index.php\/wp-json\/wp\/v2\/product"}],"about":[{"href":"https:\/\/singuli.wpress.me\/index.php\/wp-json\/wp\/v2\/types\/product"}],"version-history":[{"count":0,"href":"https:\/\/singuli.wpress.me\/index.php\/wp-json\/wp\/v2\/product\/31652\/revisions"}],"wp:featuredmedia":[{"embeddable":true,"href":"https:\/\/singuli.wpress.me\/index.php\/wp-json\/wp\/v2\/media\/31654"}],"wp:attachment":[{"href":"https:\/\/singuli.wpress.me\/index.php\/wp-json\/wp\/v2\/media?parent=31652"}],"wp:term":[{"taxonomy":"product_brand","embeddable":true,"href":"https:\/\/singuli.wpress.me\/index.php\/wp-json\/wp\/v2\/product_brand?post=31652"},{"taxonomy":"product_cat","embeddable":true,"href":"https:\/\/singuli.wpress.me\/index.php\/wp-json\/wp\/v2\/product_cat?post=31652"},{"taxonomy":"product_tag","embeddable":true,"href":"https:\/\/singuli.wpress.me\/index.php\/wp-json\/wp\/v2\/product_tag?post=31652"}],"curies":[{"name":"wp","href":"https:\/\/api.w.org\/{rel}","templated":true}]}}