{"id":31664,"date":"2026-04-17T00:35:36","date_gmt":"2026-04-17T00:35:36","guid":{"rendered":"https:\/\/singuli.wpress.me\/index.php\/proizvod\/braun-silk-epil-1-1-000-epilator\/"},"modified":"2026-04-21T00:26:35","modified_gmt":"2026-04-21T00:26:35","slug":"braun-silk-epil-1-1-000-epilator","status":"publish","type":"product","link":"https:\/\/singuli.wpress.me\/index.php\/proizvod\/braun-silk-epil-1-1-000-epilator\/","title":{"rendered":"BRAUN Silk-\u00e9pil 1 1-000, epilator"},"content":{"rendered":"<p>Braun Silk-\u00e9pil 1 osnovni je model u asortimanu epilatora Silk-\u00e9pil. Sustav s 20 pinceta lako uklanja dla\u010dice iz korijena tako da ko\u017ea ostaje svilenkasto glatka tjednima a ne samo danima. Vrhovi SoftLift u\u010dinkovito podi\u017eu \u010dak i polegnute dla\u010dice kod korijena i usmjeravaju ih prema pincetama.<\/p>\n","protected":false},"excerpt":{"rendered":"<p>Jednostavno do dugotrajno glatke ko\u017ee<br \/>\n20 pinceta u\u010dinkovito uklanja dla\u010dice iz korijena za dugotrajnu glatko\u0107u<br \/>\nNeprekidno napajanje<\/p>\n","protected":false},"featured_media":31666,"template":"","meta":{"_seopress_robots_primary_cat":"","_seopress_titles_title":"","_seopress_titles_desc":"","_seopress_robots_index":"","iawp_total_views":0},"product_brand":[144],"product_cat":[192,282,281],"product_tag":[],"class_list":{"0":"post-31664","1":"product","2":"type-product","3":"status-publish","4":"has-post-thumbnail","6":"product_brand-braun","7":"product_cat-aparati-za-osobnu-njegu","8":"product_cat-aparati-za-zene-281","9":"product_cat-epilatori-i-ipl-192","11":"first","12":"instock","13":"shipping-taxable","14":"purchasable","15":"product-type-simple"},"_links":{"self":[{"href":"https:\/\/singuli.wpress.me\/index.php\/wp-json\/wp\/v2\/product\/31664","targetHints":{"allow":["GET"]}}],"collection":[{"href":"https:\/\/singuli.wpress.me\/index.php\/wp-json\/wp\/v2\/product"}],"about":[{"href":"https:\/\/singuli.wpress.me\/index.php\/wp-json\/wp\/v2\/types\/product"}],"version-history":[{"count":0,"href":"https:\/\/singuli.wpress.me\/index.php\/wp-json\/wp\/v2\/product\/31664\/revisions"}],"wp:featuredmedia":[{"embeddable":true,"href":"https:\/\/singuli.wpress.me\/index.php\/wp-json\/wp\/v2\/media\/31666"}],"wp:attachment":[{"href":"https:\/\/singuli.wpress.me\/index.php\/wp-json\/wp\/v2\/media?parent=31664"}],"wp:term":[{"taxonomy":"product_brand","embeddable":true,"href":"https:\/\/singuli.wpress.me\/index.php\/wp-json\/wp\/v2\/product_brand?post=31664"},{"taxonomy":"product_cat","embeddable":true,"href":"https:\/\/singuli.wpress.me\/index.php\/wp-json\/wp\/v2\/product_cat?post=31664"},{"taxonomy":"product_tag","embeddable":true,"href":"https:\/\/singuli.wpress.me\/index.php\/wp-json\/wp\/v2\/product_tag?post=31664"}],"curies":[{"name":"wp","href":"https:\/\/api.w.org\/{rel}","templated":true}]}}