{"id":31676,"date":"2026-04-17T00:35:40","date_gmt":"2026-04-17T00:35:40","guid":{"rendered":"https:\/\/singuli.wpress.me\/index.php\/proizvod\/braun-silk-epil-9-flex-9-030-3d-epilator\/"},"modified":"2026-04-21T00:26:35","modified_gmt":"2026-04-21T00:26:35","slug":"braun-silk-epil-9-flex-9-030-3d-epilator","status":"publish","type":"product","link":"https:\/\/singuli.wpress.me\/index.php\/proizvod\/braun-silk-epil-9-flex-9-030-3d-epilator\/","title":{"rendered":"BRAUN Silk-\u00e9pil 9 Flex 9-030 3D, epilator"},"content":{"rendered":"<p>Predstavljamo Braun Silk-\u00e9pil 9 Flex 9 3D, vrhunsko rje\u0161enje za dugotrajno uklanjanje dla\u010dica. U\u017eivajte u ko\u017ei glatkoj kao nakon salonskog tretmana u udobnosti svog doma. Va\u0161a \u0107e ko\u017ea biti svilenkasto glatka zahvaljuju\u0107i potpuno fleksibilnoj glavi koja s lako\u0107om uklanja dla\u010dice \u010dak i na zahtjevnim podru\u010djima poput koljena ili pazuha. Prilago\u0111ava se va\u0161im konturama, \u010dine\u0107i uklanjanje dla\u010dica nevjerojatno lakim. Ovaj be\u017ei\u010dni epilator ima 40 pinceta MicroGrip koje hvataju i uklanjaju \u010dak i najtanje dla\u010dice (duljine samo 0,5 mm), pa se mo\u017eete pozdraviti s \u010dekanjem dla\u010dica da narastu. Njegova \u0161iroka glava pokriva velika podru\u010dja pa s manje poteza dolazite do potpuno glatke ko\u017ee. Kako biste smanjili osje\u0107aj boli, preporu\u010dujemo vam da se epilirate pod tu\u0161em ili u kadi. Precizna dr\u0161ka ovog epilatora dobro sjedi u ruci \u010dak i kad je mokra. Zaboravite na zakazivanje termina u salonu ili \u010di\u0161\u0107enje nakon ku\u0107nih tretmana voskom i prepustite se u\u017eivanju u prekrasno glatkoj ko\u017ei. Stvoreni da traju godinama: na\u0161i su epilatori proizvedeni u Njema\u010dkoj.<\/p>\n","protected":false},"excerpt":{"rendered":"<p>Do mjesec dana glatke ko\u017ee u bilo kojem trenutku<br \/>\nManje boli, a vi\u0161e ugodnosti<br \/>\nEpilirajte se onako kako vi \u017eelite i onda kad vi to \u017eelite<\/p>\n","protected":false},"featured_media":31678,"template":"","meta":{"_seopress_robots_primary_cat":"","_seopress_titles_title":"","_seopress_titles_desc":"","_seopress_robots_index":"","iawp_total_views":0},"product_brand":[144],"product_cat":[192,282,281],"product_tag":[],"class_list":{"0":"post-31676","1":"product","2":"type-product","3":"status-publish","4":"has-post-thumbnail","6":"product_brand-braun","7":"product_cat-aparati-za-osobnu-njegu","8":"product_cat-aparati-za-zene-281","9":"product_cat-epilatori-i-ipl-192","11":"first","12":"outofstock","13":"shipping-taxable","14":"purchasable","15":"product-type-simple"},"_links":{"self":[{"href":"https:\/\/singuli.wpress.me\/index.php\/wp-json\/wp\/v2\/product\/31676","targetHints":{"allow":["GET"]}}],"collection":[{"href":"https:\/\/singuli.wpress.me\/index.php\/wp-json\/wp\/v2\/product"}],"about":[{"href":"https:\/\/singuli.wpress.me\/index.php\/wp-json\/wp\/v2\/types\/product"}],"version-history":[{"count":0,"href":"https:\/\/singuli.wpress.me\/index.php\/wp-json\/wp\/v2\/product\/31676\/revisions"}],"wp:featuredmedia":[{"embeddable":true,"href":"https:\/\/singuli.wpress.me\/index.php\/wp-json\/wp\/v2\/media\/31678"}],"wp:attachment":[{"href":"https:\/\/singuli.wpress.me\/index.php\/wp-json\/wp\/v2\/media?parent=31676"}],"wp:term":[{"taxonomy":"product_brand","embeddable":true,"href":"https:\/\/singuli.wpress.me\/index.php\/wp-json\/wp\/v2\/product_brand?post=31676"},{"taxonomy":"product_cat","embeddable":true,"href":"https:\/\/singuli.wpress.me\/index.php\/wp-json\/wp\/v2\/product_cat?post=31676"},{"taxonomy":"product_tag","embeddable":true,"href":"https:\/\/singuli.wpress.me\/index.php\/wp-json\/wp\/v2\/product_tag?post=31676"}],"curies":[{"name":"wp","href":"https:\/\/api.w.org\/{rel}","templated":true}]}}