{"id":31682,"date":"2026-04-17T00:35:45","date_gmt":"2026-04-17T00:35:45","guid":{"rendered":"https:\/\/singuli.wpress.me\/index.php\/proizvod\/braun-silk-epil-9-flex-skinspa-9-5803d-epilator\/"},"modified":"2026-04-20T12:33:06","modified_gmt":"2026-04-20T12:33:06","slug":"braun-silk-epil-9-flex-skinspa-9-5803d-epilator","status":"publish","type":"product","link":"https:\/\/singuli.wpress.me\/index.php\/proizvod\/braun-silk-epil-9-flex-skinspa-9-5803d-epilator\/","title":{"rendered":"BRAUN Silk-\u00e9pil 9 Flex SkinSpa 9-5803D, epilator"},"content":{"rendered":"<p>Predstavljamo Braun Silk-\u00e9pil 9 Flex 9 3D SkinSpa, va\u0161eg vrhunskog saveznika za ljepotu koji va\u0161u ku\u0107nu rutinu njege ko\u017ee i uklanjanja dla\u010dica podi\u017ee na vi\u0161u razinu. Svestrani komplet SkinSpa pomo\u0107i \u0107e vam da va\u0161a ko\u017ea bude glatka od glave do pete. Pru\u017eite si spa tretman u udobnosti svog doma, ugodite svojoj ko\u017ei i u\u017eivajte u do mjesec dana glatke ko\u017ee. Otkrijte prvi epilator na svijetu s potpuno fleksibilnom glavom koja se prilago\u0111ava svakoj oblini, \u010dak i na zahtjevnijim podru\u010djima. U\u017eivajte u prakti\u010dnosti tehnologije Smart Touch koja vam omogu\u0107uje kontrolu brzine ovisno o primijenjenom pritisku i automatski se prebacuje sa sna\u017enog na nje\u017ean na\u010din rada i obratno. Priu\u0161tite si kvalitetne, profesionalne rezultate kao nakon tretmana u salonu, i to u samo tri koraka u udobnosti va\u0161eg doma, bez dogovaranja termina. Osvje\u017eite ko\u017eu kad god po\u017eelite \u2013 uvijek \u0107ete je s ponosom pokazivati. Stvoreni da traju godinama: na\u0161i su epilatori proizvedeni u Njema\u010dkoj.<\/p>\n","protected":false},"excerpt":{"rendered":"<p>Do mjesec dana glatke ko\u017ee u bilo kojem trenutku<br \/>\nManje boli, a vi\u0161e ugodnosti<br \/>\nEpilirajte se onako kako vi \u017eelite i onda kad vi to \u017eelite<\/p>\n","protected":false},"featured_media":31684,"template":"","meta":{"_seopress_robots_primary_cat":"","_seopress_titles_title":"","_seopress_titles_desc":"","_seopress_robots_index":"","iawp_total_views":0},"product_brand":[144],"product_cat":[192,282,281],"product_tag":[],"class_list":{"0":"post-31682","1":"product","2":"type-product","3":"status-publish","4":"has-post-thumbnail","6":"product_brand-braun","7":"product_cat-aparati-za-osobnu-njegu","8":"product_cat-aparati-za-zene-281","9":"product_cat-epilatori-i-ipl-192","11":"first","12":"instock","13":"shipping-taxable","14":"purchasable","15":"product-type-simple"},"_links":{"self":[{"href":"https:\/\/singuli.wpress.me\/index.php\/wp-json\/wp\/v2\/product\/31682","targetHints":{"allow":["GET"]}}],"collection":[{"href":"https:\/\/singuli.wpress.me\/index.php\/wp-json\/wp\/v2\/product"}],"about":[{"href":"https:\/\/singuli.wpress.me\/index.php\/wp-json\/wp\/v2\/types\/product"}],"version-history":[{"count":0,"href":"https:\/\/singuli.wpress.me\/index.php\/wp-json\/wp\/v2\/product\/31682\/revisions"}],"wp:featuredmedia":[{"embeddable":true,"href":"https:\/\/singuli.wpress.me\/index.php\/wp-json\/wp\/v2\/media\/31684"}],"wp:attachment":[{"href":"https:\/\/singuli.wpress.me\/index.php\/wp-json\/wp\/v2\/media?parent=31682"}],"wp:term":[{"taxonomy":"product_brand","embeddable":true,"href":"https:\/\/singuli.wpress.me\/index.php\/wp-json\/wp\/v2\/product_brand?post=31682"},{"taxonomy":"product_cat","embeddable":true,"href":"https:\/\/singuli.wpress.me\/index.php\/wp-json\/wp\/v2\/product_cat?post=31682"},{"taxonomy":"product_tag","embeddable":true,"href":"https:\/\/singuli.wpress.me\/index.php\/wp-json\/wp\/v2\/product_tag?post=31682"}],"curies":[{"name":"wp","href":"https:\/\/api.w.org\/{rel}","templated":true}]}}