{"id":31690,"date":"2026-04-17T00:35:50","date_gmt":"2026-04-17T00:35:50","guid":{"rendered":"https:\/\/singuli.wpress.me\/index.php\/proizvod\/braun-silkexpert-pro-3-pl3122-ipl-uredaj\/"},"modified":"2026-04-20T12:33:06","modified_gmt":"2026-04-20T12:33:06","slug":"braun-silkexpert-pro-3-pl3122-ipl-uredaj","status":"publish","type":"product","link":"https:\/\/singuli.wpress.me\/index.php\/proizvod\/braun-silkexpert-pro-3-pl3122-ipl-uredaj\/","title":{"rendered":"BRAUN SilkExpert Pro 3 PL3122, IPL ure\u0111aj"},"content":{"rendered":"<p><span style=\"font-weight: bold\">Silk\u00b7expert Pro 3<\/span> nije laserski aparat za uklanjanje dla\u010dica, ve\u0107 ure\u0111aj koji koristi Braunovu najnoviju IPL tehnologiju. U\u017eivajte u do godinu dana glatke ko\u017ee u, s primjetnim rezultatima ve\u0107 za samo 4 tjedna (pod uvjetom da se pridr\u017eavate rasporeda tretmana; rezultati se mogu razlikovati od osobe do osobe). Tehnologija SkinPro (SensoAdaptTM) automatski prilago\u0111ava rad ure\u0111aja nijansi va\u0161e ko\u017ee kako bi se dobila optimalna ravnote\u017ea brzih rezultata i nje\u017enosti prema ko\u017ei. Nje\u017ean na\u010din rada osigurava da tretman bude ugodan, a do 100 bljesaka u minuti zna\u010di da \u0107e biti manje propu\u0161tenih mjesta dok klizite ure\u0111ajem po ko\u017ei. <\/p>\n<p><span style=\"font-weight: bold\">Karakteristike:<\/span><br \/>\n&#8211; 1 godina glatke ko\u017ee, s primjetnim rezultatima ve\u0107 za samo 4 tjedna (pod uvjetom da se pridr\u017eavate rasporeda tretmana; rezultati se mogu razlikovati od osobe do osobe)<br \/>\n&#8211; Optimalna snaga za svaki dio tijela zahvaljuju\u0107i senzoru SkinPro (SensoAdapt\u2122) s tehnologijom za neprekidno automatsko prilago\u0111avanje nijansi va\u0161e ko\u017ee, poput one koja se koristi u salonima<br \/>\n&#8211; Bljeska do 100 puta u minuti za jednostavan tretman i manje propu\u0161tenih dla\u010dica<br \/>\n&#8211; Nje\u017ean prema ko\u017ei zahvaljuju\u0107i nje\u017enom na\u010dinu rada koji smanjuje intenzitet svjetlosti za nje\u017eniji tretman osjetljivijih podru\u010dja<br \/>\n&#8211; Dolazi s torbicom te s 2 glave ure\u0111aja (standardnom i preciznom) za tretman od glave do pete<\/p>\n","protected":false},"excerpt":{"rendered":"<p>Primjetni rezultati ve\u0107 za samo 4 tjedna<br \/>\nOptimalna snaga za svaki dio tijela zahvaljuju\u0107i senzoru SkinPro (SensoAdapt\u2122)<br \/>\nVenus brija\u010d unutar pakiranja mo\u017ee varirati<\/p>\n","protected":false},"featured_media":31691,"template":"","meta":{"_seopress_robots_primary_cat":"","_seopress_titles_title":"","_seopress_titles_desc":"","_seopress_robots_index":"","iawp_total_views":0},"product_brand":[144],"product_cat":[192,282,281],"product_tag":[],"class_list":{"0":"post-31690","1":"product","2":"type-product","3":"status-publish","4":"has-post-thumbnail","6":"product_brand-braun","7":"product_cat-aparati-za-osobnu-njegu","8":"product_cat-aparati-za-zene-281","9":"product_cat-epilatori-i-ipl-192","11":"first","12":"outofstock","13":"shipping-taxable","14":"purchasable","15":"product-type-simple"},"_links":{"self":[{"href":"https:\/\/singuli.wpress.me\/index.php\/wp-json\/wp\/v2\/product\/31690","targetHints":{"allow":["GET"]}}],"collection":[{"href":"https:\/\/singuli.wpress.me\/index.php\/wp-json\/wp\/v2\/product"}],"about":[{"href":"https:\/\/singuli.wpress.me\/index.php\/wp-json\/wp\/v2\/types\/product"}],"version-history":[{"count":0,"href":"https:\/\/singuli.wpress.me\/index.php\/wp-json\/wp\/v2\/product\/31690\/revisions"}],"wp:featuredmedia":[{"embeddable":true,"href":"https:\/\/singuli.wpress.me\/index.php\/wp-json\/wp\/v2\/media\/31691"}],"wp:attachment":[{"href":"https:\/\/singuli.wpress.me\/index.php\/wp-json\/wp\/v2\/media?parent=31690"}],"wp:term":[{"taxonomy":"product_brand","embeddable":true,"href":"https:\/\/singuli.wpress.me\/index.php\/wp-json\/wp\/v2\/product_brand?post=31690"},{"taxonomy":"product_cat","embeddable":true,"href":"https:\/\/singuli.wpress.me\/index.php\/wp-json\/wp\/v2\/product_cat?post=31690"},{"taxonomy":"product_tag","embeddable":true,"href":"https:\/\/singuli.wpress.me\/index.php\/wp-json\/wp\/v2\/product_tag?post=31690"}],"curies":[{"name":"wp","href":"https:\/\/api.w.org\/{rel}","templated":true}]}}