{"id":31697,"date":"2026-04-17T00:35:55","date_gmt":"2026-04-17T00:35:55","guid":{"rendered":"https:\/\/singuli.wpress.me\/index.php\/proizvod\/speedx-autic-5-kom\/"},"modified":"2026-04-21T00:26:35","modified_gmt":"2026-04-21T00:26:35","slug":"speedx-autic-5-kom","status":"publish","type":"product","link":"https:\/\/singuli.wpress.me\/index.php\/proizvod\/speedx-autic-5-kom\/","title":{"rendered":"SPEEDX, auti\u0107, 5\u00a0kom"},"content":{"rendered":"<p><span style=\"font-weight: bold;color: #0066CC\">SpeedX<\/span><span style=\"color: #0066CC\"> donosi uzbudljivu kolekciju metalnih auti\u0107a u omjeru 1:64, a sada dolazi u prakti\u010dnom paketu od 5 auti\u0107a! Svaki je auti\u0107 pa\u017eljivo oblikovan i izra\u0111en od metala, s autenti\u010dnim dizajnom koji \u0107e odu\u0161eviti svakog malog ljubitelja automobila. Auti\u0107i dolaze u blister pakiranju, pru\u017eaju\u0107i dodatnu dozu uzbu\u0111enja prilikom otkrivanja. Sa pristupa\u010dnom cijenom, ovi detaljno izra\u0111eni metalni auti\u0107i pravi su izbor za svakog dje\u010daka koji voli istra\u017eivati svijet igre. Preporu\u010dena dob: 3+<\/span><\/p>\n","protected":false},"excerpt":{"rendered":"<p>Prakti\u010dni paket od 5 auti\u0107a<br \/>\nSvaki je auti\u0107 pa\u017eljivo oblikovan i izra\u0111en od metala s autenti\u010dnim dizajnom<br \/>\nDob: 3+ god<\/p>\n","protected":false},"featured_media":31698,"template":"","meta":{"_seopress_robots_primary_cat":"","_seopress_titles_title":"","_seopress_titles_desc":"","_seopress_robots_index":"","iawp_total_views":0},"product_brand":[378],"product_cat":[243,273],"product_tag":[],"class_list":{"0":"post-31697","1":"product","2":"type-product","3":"status-publish","4":"has-post-thumbnail","6":"product_brand-speedx","7":"product_cat-automobili-i-motori","8":"product_cat-njega-vozila-243","10":"first","11":"instock","12":"shipping-taxable","13":"purchasable","14":"product-type-simple"},"_links":{"self":[{"href":"https:\/\/singuli.wpress.me\/index.php\/wp-json\/wp\/v2\/product\/31697","targetHints":{"allow":["GET"]}}],"collection":[{"href":"https:\/\/singuli.wpress.me\/index.php\/wp-json\/wp\/v2\/product"}],"about":[{"href":"https:\/\/singuli.wpress.me\/index.php\/wp-json\/wp\/v2\/types\/product"}],"version-history":[{"count":0,"href":"https:\/\/singuli.wpress.me\/index.php\/wp-json\/wp\/v2\/product\/31697\/revisions"}],"wp:featuredmedia":[{"embeddable":true,"href":"https:\/\/singuli.wpress.me\/index.php\/wp-json\/wp\/v2\/media\/31698"}],"wp:attachment":[{"href":"https:\/\/singuli.wpress.me\/index.php\/wp-json\/wp\/v2\/media?parent=31697"}],"wp:term":[{"taxonomy":"product_brand","embeddable":true,"href":"https:\/\/singuli.wpress.me\/index.php\/wp-json\/wp\/v2\/product_brand?post=31697"},{"taxonomy":"product_cat","embeddable":true,"href":"https:\/\/singuli.wpress.me\/index.php\/wp-json\/wp\/v2\/product_cat?post=31697"},{"taxonomy":"product_tag","embeddable":true,"href":"https:\/\/singuli.wpress.me\/index.php\/wp-json\/wp\/v2\/product_tag?post=31697"}],"curies":[{"name":"wp","href":"https:\/\/api.w.org\/{rel}","templated":true}]}}