{"id":31700,"date":"2026-04-17T00:35:55","date_gmt":"2026-04-17T00:35:55","guid":{"rendered":"https:\/\/singuli.wpress.me\/index.php\/proizvod\/steam-igracka-4u1-svemirska-avantura\/"},"modified":"2026-04-20T12:33:06","modified_gmt":"2026-04-20T12:33:06","slug":"steam-igracka-4u1-svemirska-avantura","status":"publish","type":"product","link":"https:\/\/singuli.wpress.me\/index.php\/proizvod\/steam-igracka-4u1-svemirska-avantura\/","title":{"rendered":"STEAM, igra\u010dka, 4u1 Svemirska avantura"},"content":{"rendered":"<p>Zabavna igra\u010dka koja dolazi s 3 razli\u010dita na\u010dina napajanja: solarnom energijom, energijom iz slane vode te baterijskim napajanjem. Otkrijte principe svakog izvora energije, istra\u017eite tajne mehani\u010dkog prijenosa i zaronite u \u010daroliju novih oblika energije. Ova igra\u010dka poti\u010de istra\u017eiva\u010dki duh, u\u010denje i igru na odr\u017eiv i edukativan na\u010din.<\/p>\n<p>Dob: 8+ god<\/p>\n","protected":false},"excerpt":{"rendered":"<p>Zabavna igra\u010dka koja dolazi s 3 razli\u010dita na\u010dina napajanja<br \/>\nNapajanja solarnom energijom, energijom iz slane vode te baterijskim napajanjem<br \/>\nDob: 8+ god<\/p>\n","protected":false},"featured_media":31701,"template":"","meta":{"_seopress_robots_primary_cat":"","_seopress_titles_title":"","_seopress_titles_desc":"","_seopress_robots_index":"","iawp_total_views":0},"product_brand":[356],"product_cat":[221,291],"product_tag":[],"class_list":{"0":"post-31700","1":"product","2":"type-product","3":"status-publish","4":"has-post-thumbnail","6":"product_brand-steam","7":"product_cat-igracke","8":"product_cat-igracke-za-djecu-221","10":"first","11":"instock","12":"shipping-taxable","13":"purchasable","14":"product-type-simple"},"_links":{"self":[{"href":"https:\/\/singuli.wpress.me\/index.php\/wp-json\/wp\/v2\/product\/31700","targetHints":{"allow":["GET"]}}],"collection":[{"href":"https:\/\/singuli.wpress.me\/index.php\/wp-json\/wp\/v2\/product"}],"about":[{"href":"https:\/\/singuli.wpress.me\/index.php\/wp-json\/wp\/v2\/types\/product"}],"version-history":[{"count":0,"href":"https:\/\/singuli.wpress.me\/index.php\/wp-json\/wp\/v2\/product\/31700\/revisions"}],"wp:featuredmedia":[{"embeddable":true,"href":"https:\/\/singuli.wpress.me\/index.php\/wp-json\/wp\/v2\/media\/31701"}],"wp:attachment":[{"href":"https:\/\/singuli.wpress.me\/index.php\/wp-json\/wp\/v2\/media?parent=31700"}],"wp:term":[{"taxonomy":"product_brand","embeddable":true,"href":"https:\/\/singuli.wpress.me\/index.php\/wp-json\/wp\/v2\/product_brand?post=31700"},{"taxonomy":"product_cat","embeddable":true,"href":"https:\/\/singuli.wpress.me\/index.php\/wp-json\/wp\/v2\/product_cat?post=31700"},{"taxonomy":"product_tag","embeddable":true,"href":"https:\/\/singuli.wpress.me\/index.php\/wp-json\/wp\/v2\/product_tag?post=31700"}],"curies":[{"name":"wp","href":"https:\/\/api.w.org\/{rel}","templated":true}]}}