{"id":31708,"date":"2026-04-17T00:36:01","date_gmt":"2026-04-17T00:36:01","guid":{"rendered":"https:\/\/singuli.wpress.me\/index.php\/proizvod\/air-clay-set-kreativna-kanta\/"},"modified":"2026-04-20T12:33:06","modified_gmt":"2026-04-20T12:33:06","slug":"air-clay-set-kreativna-kanta","status":"publish","type":"product","link":"https:\/\/singuli.wpress.me\/index.php\/proizvod\/air-clay-set-kreativna-kanta\/","title":{"rendered":"AIR CLAY, set, kreativna kanta"},"content":{"rendered":"<p>Potaknite ma\u0161tu malih umjetnika uz <span style=\"font-weight: bold\">Play-Doh Air Clay<\/span>! <br \/>\nDjeca u dobi od 4 godine i vi\u0161e imaju priliku stvoriti svoja \u0161arena remek-djela ili eksperimentirati stvaraju\u0107i nevjerojatne \u0161arene kreacije s 15 prekrasnih nijansi Play-Doh Air Dry Clay. Uz dodatak 10 kalupa, alata za rezanje i plasti\u010dni valjak, svaka zamisao mo\u017ee postati stvarnost.<br \/>\nDok se djeca zabavljaju s ovim setom, ne samo da pobolj\u0161avaju svoje motori\u010dke vje\u0161tine i spretnost prstiju, ve\u0107 i \u0161ire svoju kreativnost do neistra\u017eenih granica! <br \/>\nEksperimentirajte, stvarajte i \u010duvajte svoje najdragocjenije umjetnine &#8211; uz Play-Doh Air Clay kreativnu kantu svijet kreativnosti nikada nije bio bli\u017ee!<\/p>\n<p>Dob: 4+ god<\/p>\n","protected":false},"excerpt":{"rendered":"<p>Veliki kreativni set<br \/>\n\u0160arene kreacije s 15 prekrasnih nijansi<br \/>\nDob: 4+ god<\/p>\n","protected":false},"featured_media":31709,"template":"","meta":{"_seopress_robots_primary_cat":"","_seopress_titles_title":"","_seopress_titles_desc":"","_seopress_robots_index":"","iawp_total_views":0},"product_brand":[480],"product_cat":[221,291],"product_tag":[],"class_list":{"0":"post-31708","1":"product","2":"type-product","3":"status-publish","4":"has-post-thumbnail","6":"product_brand-air-clay","7":"product_cat-igracke","8":"product_cat-igracke-za-djecu-221","10":"first","11":"instock","12":"shipping-taxable","13":"purchasable","14":"product-type-simple"},"_links":{"self":[{"href":"https:\/\/singuli.wpress.me\/index.php\/wp-json\/wp\/v2\/product\/31708","targetHints":{"allow":["GET"]}}],"collection":[{"href":"https:\/\/singuli.wpress.me\/index.php\/wp-json\/wp\/v2\/product"}],"about":[{"href":"https:\/\/singuli.wpress.me\/index.php\/wp-json\/wp\/v2\/types\/product"}],"version-history":[{"count":0,"href":"https:\/\/singuli.wpress.me\/index.php\/wp-json\/wp\/v2\/product\/31708\/revisions"}],"wp:featuredmedia":[{"embeddable":true,"href":"https:\/\/singuli.wpress.me\/index.php\/wp-json\/wp\/v2\/media\/31709"}],"wp:attachment":[{"href":"https:\/\/singuli.wpress.me\/index.php\/wp-json\/wp\/v2\/media?parent=31708"}],"wp:term":[{"taxonomy":"product_brand","embeddable":true,"href":"https:\/\/singuli.wpress.me\/index.php\/wp-json\/wp\/v2\/product_brand?post=31708"},{"taxonomy":"product_cat","embeddable":true,"href":"https:\/\/singuli.wpress.me\/index.php\/wp-json\/wp\/v2\/product_cat?post=31708"},{"taxonomy":"product_tag","embeddable":true,"href":"https:\/\/singuli.wpress.me\/index.php\/wp-json\/wp\/v2\/product_tag?post=31708"}],"curies":[{"name":"wp","href":"https:\/\/api.w.org\/{rel}","templated":true}]}}