{"id":31710,"date":"2026-04-17T00:36:01","date_gmt":"2026-04-17T00:36:01","guid":{"rendered":"https:\/\/singuli.wpress.me\/index.php\/proizvod\/air-clay-set-veliki-kreativni\/"},"modified":"2026-04-20T12:33:06","modified_gmt":"2026-04-20T12:33:06","slug":"air-clay-set-veliki-kreativni","status":"publish","type":"product","link":"https:\/\/singuli.wpress.me\/index.php\/proizvod\/air-clay-set-veliki-kreativni\/","title":{"rendered":"AIR CLAY, set, veliki kreativni"},"content":{"rendered":"<p>Otvorite vrata \u010darobnog svijeta <span style=\"font-weight: bold\">Play-Doh Air Clay<\/span> super seta &#8211; mjesto gdje se svaka zamisao pretvara u \u010darobnu kreaciju!<br \/>\nOvaj set ne samo da nudi \u0161iroku paletu boja i tekstura, ve\u0107 je i izvor neiscrpne zabave i kreativnosti.<br \/>\nSa 15 boja Play-Doh Air Clay-a u pakiranjima od 20 grama i 5 razli\u010ditih tekstura ili posipa, svaki komad gline postaje prilika za stvaranje remek-djela. Uz 5 plasti\u010dnih alata za oblikovanje &#8211; od valjka do no\u017ea za rezanje, svaka ideja postaje stvarnost.<br \/>\nKroz igru s Play-Doh Air Clay-em, djeca ne samo da razvijaju motori\u010dke sposobnosti, ve\u0107 i \u0161ire granice svoje ma\u0161te. Od simpati\u010dnih \u017eivotinja poput pu\u017eeva i \u017eaba do fantasti\u010dnih svemirskih brodova i sladoleda, mogu\u0107nosti su beskrajne!<br \/>\nKada zavr\u0161e svoje umjetni\u010dke kreacije, mogu ih jednostavno ostaviti da se osu\u0161e na zraku i pretvore u trajne uspomene.<br \/>\nS Play-Doh Air Clay setom, svaki dan postaje prilika za izra\u017eavanje, istra\u017eivanje i u\u017eivanje u neograni\u010denoj zabavi!<\/p>\n<p>Dob: 4+ god<\/p>\n","protected":false},"excerpt":{"rendered":"<p>Veliki kreativni set<br \/>\n\u0160arene kreacije s 15 prekrasnih nijansi<br \/>\nDob: 4+ god<\/p>\n","protected":false},"featured_media":31711,"template":"","meta":{"_seopress_robots_primary_cat":"","_seopress_titles_title":"","_seopress_titles_desc":"","_seopress_robots_index":"","iawp_total_views":0},"product_brand":[480],"product_cat":[221,291],"product_tag":[],"class_list":{"0":"post-31710","1":"product","2":"type-product","3":"status-publish","4":"has-post-thumbnail","6":"product_brand-air-clay","7":"product_cat-igracke","8":"product_cat-igracke-za-djecu-221","10":"first","11":"instock","12":"shipping-taxable","13":"purchasable","14":"product-type-simple"},"_links":{"self":[{"href":"https:\/\/singuli.wpress.me\/index.php\/wp-json\/wp\/v2\/product\/31710","targetHints":{"allow":["GET"]}}],"collection":[{"href":"https:\/\/singuli.wpress.me\/index.php\/wp-json\/wp\/v2\/product"}],"about":[{"href":"https:\/\/singuli.wpress.me\/index.php\/wp-json\/wp\/v2\/types\/product"}],"version-history":[{"count":0,"href":"https:\/\/singuli.wpress.me\/index.php\/wp-json\/wp\/v2\/product\/31710\/revisions"}],"wp:featuredmedia":[{"embeddable":true,"href":"https:\/\/singuli.wpress.me\/index.php\/wp-json\/wp\/v2\/media\/31711"}],"wp:attachment":[{"href":"https:\/\/singuli.wpress.me\/index.php\/wp-json\/wp\/v2\/media?parent=31710"}],"wp:term":[{"taxonomy":"product_brand","embeddable":true,"href":"https:\/\/singuli.wpress.me\/index.php\/wp-json\/wp\/v2\/product_brand?post=31710"},{"taxonomy":"product_cat","embeddable":true,"href":"https:\/\/singuli.wpress.me\/index.php\/wp-json\/wp\/v2\/product_cat?post=31710"},{"taxonomy":"product_tag","embeddable":true,"href":"https:\/\/singuli.wpress.me\/index.php\/wp-json\/wp\/v2\/product_tag?post=31710"}],"curies":[{"name":"wp","href":"https:\/\/api.w.org\/{rel}","templated":true}]}}