{"id":31722,"date":"2026-04-17T00:36:06","date_gmt":"2026-04-17T00:36:06","guid":{"rendered":"https:\/\/singuli.wpress.me\/index.php\/proizvod\/air-clay-set-poslastice\/"},"modified":"2026-04-20T12:33:06","modified_gmt":"2026-04-20T12:33:06","slug":"air-clay-set-poslastice","status":"publish","type":"product","link":"https:\/\/singuli.wpress.me\/index.php\/proizvod\/air-clay-set-poslastice\/","title":{"rendered":"AIR CLAY, set, poslastice"},"content":{"rendered":"<p>Zamislite svijet gdje se va\u0161a omiljena hrana pretvara u stvarnost &#8211; to je ono \u0161to nudi Play-Doh Air Clay! Od so\u010dnih hamburgera do kola\u010da i slatki\u0161a, ovi setovi donose pravu kulinarsku avanturu.<br \/>\nSa svakim setom dolaze 2 boje zra\u010dne gline, papirnati uzorci za izradu posuda za pomfrit i pladnja za hamburger, te detaljno uputstvo za kreativno oblikovanje. Ovi setovi ne samo da poti\u010du fine motori\u010dke vje\u0161tine, ve\u0107 i ma\u0161tovite ideje koje \u0107e djeca pretvoriti u stvarnost.<br \/>\nZaronite u svijet kulinarske ma\u0161tarije s Play-Doh Air Clay asortimanom i do\u017eivite \u010daroliju stvaranja hrane koja \u0107e vas ostaviti bez daha!<\/p>\n<p>Dob: 4+ god<\/p>\n","protected":false},"excerpt":{"rendered":"<p>Set donosi kulinarsku avanturu<br \/>\nRazvijanje motori\u010dkih vje\u0161tina<br \/>\nDob: 4+ god<\/p>\n","protected":false},"featured_media":31723,"template":"","meta":{"_seopress_robots_primary_cat":"","_seopress_titles_title":"","_seopress_titles_desc":"","_seopress_robots_index":"","iawp_total_views":0},"product_brand":[480],"product_cat":[221,291],"product_tag":[],"class_list":{"0":"post-31722","1":"product","2":"type-product","3":"status-publish","4":"has-post-thumbnail","6":"product_brand-air-clay","7":"product_cat-igracke","8":"product_cat-igracke-za-djecu-221","10":"first","11":"instock","12":"shipping-taxable","13":"purchasable","14":"product-type-simple"},"_links":{"self":[{"href":"https:\/\/singuli.wpress.me\/index.php\/wp-json\/wp\/v2\/product\/31722","targetHints":{"allow":["GET"]}}],"collection":[{"href":"https:\/\/singuli.wpress.me\/index.php\/wp-json\/wp\/v2\/product"}],"about":[{"href":"https:\/\/singuli.wpress.me\/index.php\/wp-json\/wp\/v2\/types\/product"}],"version-history":[{"count":0,"href":"https:\/\/singuli.wpress.me\/index.php\/wp-json\/wp\/v2\/product\/31722\/revisions"}],"wp:featuredmedia":[{"embeddable":true,"href":"https:\/\/singuli.wpress.me\/index.php\/wp-json\/wp\/v2\/media\/31723"}],"wp:attachment":[{"href":"https:\/\/singuli.wpress.me\/index.php\/wp-json\/wp\/v2\/media?parent=31722"}],"wp:term":[{"taxonomy":"product_brand","embeddable":true,"href":"https:\/\/singuli.wpress.me\/index.php\/wp-json\/wp\/v2\/product_brand?post=31722"},{"taxonomy":"product_cat","embeddable":true,"href":"https:\/\/singuli.wpress.me\/index.php\/wp-json\/wp\/v2\/product_cat?post=31722"},{"taxonomy":"product_tag","embeddable":true,"href":"https:\/\/singuli.wpress.me\/index.php\/wp-json\/wp\/v2\/product_tag?post=31722"}],"curies":[{"name":"wp","href":"https:\/\/api.w.org\/{rel}","templated":true}]}}