{"id":31733,"date":"2026-04-17T00:36:12","date_gmt":"2026-04-17T00:36:12","guid":{"rendered":"https:\/\/singuli.wpress.me\/index.php\/proizvod\/air-clay-set-pucketave-slastice\/"},"modified":"2026-04-20T12:33:06","modified_gmt":"2026-04-20T12:33:06","slug":"air-clay-set-pucketave-slastice","status":"publish","type":"product","link":"https:\/\/singuli.wpress.me\/index.php\/proizvod\/air-clay-set-pucketave-slastice\/","title":{"rendered":"AIR CLAY, set, pucketave slastice"},"content":{"rendered":"<p>Zaronite u svijet slatkih fantazija uz <span style=\"font-weight: bold\">Play-Doh Air Clay set<\/span>!<br \/>\nDjeca \u0161irom svijeta obo\u017eavaju Air Clay liniju od Play-Doh-a, a ovaj poseban set pru\u017ea im priliku da stvore svoje \u0161arene slastice s posebnim iznena\u0111enjem! Zahvaljuju\u0107i posebnom dizajnu Play-Doh Air Clay-a, ove kreacije ne samo da izgledaju primamljivo, ve\u0107 i imaju hrskavu teksturu koja \u0107e razveseliti svako dijete.<br \/>\nSet poti\u010de djecu da istra\u017ee svoju kreativnost i u\u017eivaju u procesu oblikovanja. <br \/>\nUz pristupa\u010dnu cijenu i beskrajnu zabavu koju nudi, ovaj set postaje neizostavan dodatak svakom dje\u010djem kreativnom kutku.<\/p>\n<p>Dob: 4+ god<\/p>\n","protected":false},"excerpt":{"rendered":"<p>Svijet slatkih fantazija<br \/>\nSet poti\u010de istra\u017eivanje kreativnosti<br \/>\nDob: 4+ god<\/p>\n","protected":false},"featured_media":31734,"template":"","meta":{"_seopress_robots_primary_cat":"","_seopress_titles_title":"","_seopress_titles_desc":"","_seopress_robots_index":"","iawp_total_views":0},"product_brand":[480],"product_cat":[221,291],"product_tag":[],"class_list":{"0":"post-31733","1":"product","2":"type-product","3":"status-publish","4":"has-post-thumbnail","6":"product_brand-air-clay","7":"product_cat-igracke","8":"product_cat-igracke-za-djecu-221","10":"first","11":"instock","12":"shipping-taxable","13":"purchasable","14":"product-type-simple"},"_links":{"self":[{"href":"https:\/\/singuli.wpress.me\/index.php\/wp-json\/wp\/v2\/product\/31733","targetHints":{"allow":["GET"]}}],"collection":[{"href":"https:\/\/singuli.wpress.me\/index.php\/wp-json\/wp\/v2\/product"}],"about":[{"href":"https:\/\/singuli.wpress.me\/index.php\/wp-json\/wp\/v2\/types\/product"}],"version-history":[{"count":0,"href":"https:\/\/singuli.wpress.me\/index.php\/wp-json\/wp\/v2\/product\/31733\/revisions"}],"wp:featuredmedia":[{"embeddable":true,"href":"https:\/\/singuli.wpress.me\/index.php\/wp-json\/wp\/v2\/media\/31734"}],"wp:attachment":[{"href":"https:\/\/singuli.wpress.me\/index.php\/wp-json\/wp\/v2\/media?parent=31733"}],"wp:term":[{"taxonomy":"product_brand","embeddable":true,"href":"https:\/\/singuli.wpress.me\/index.php\/wp-json\/wp\/v2\/product_brand?post=31733"},{"taxonomy":"product_cat","embeddable":true,"href":"https:\/\/singuli.wpress.me\/index.php\/wp-json\/wp\/v2\/product_cat?post=31733"},{"taxonomy":"product_tag","embeddable":true,"href":"https:\/\/singuli.wpress.me\/index.php\/wp-json\/wp\/v2\/product_tag?post=31733"}],"curies":[{"name":"wp","href":"https:\/\/api.w.org\/{rel}","templated":true}]}}