{"id":31737,"date":"2026-04-17T00:36:13","date_gmt":"2026-04-17T00:36:13","guid":{"rendered":"https:\/\/singuli.wpress.me\/index.php\/proizvod\/old-spice-citron-dezodorans-u-spreju-150-ml\/"},"modified":"2026-04-21T00:26:35","modified_gmt":"2026-04-21T00:26:35","slug":"old-spice-citron-dezodorans-u-spreju-150-ml","status":"publish","type":"product","link":"https:\/\/singuli.wpress.me\/index.php\/proizvod\/old-spice-citron-dezodorans-u-spreju-150-ml\/","title":{"rendered":"OLD SPICE Citron, dezodorans u spreju, 150\u00a0ml"},"content":{"rendered":"<p>U\u017eivaj u 48 sati svje\u017eine i fantamirisnom samopouzdanju uz deosprej za tijelo Old Spice Captain bez aluminija za mu\u0161karce. Nadja\u010dava \u010dak i najneugodniji miris supergenijalnim mirisom parfemske kvalitete koji predivno\u0107om suzbija \u010dak i najgore mirise, a ujedno ne ostavlja tragove na crnoj i bijeloj odje\u0107i. Zahvaljuju\u0107i toj bezbri\u017enoj svje\u017eini mo\u017ee\u0161 se usredoto\u010diti na ambicioznije pothvate poput sklapanja poslova ili podu\u010davanja dupina ljudskom govoru. Isprobaj Old Spice Citron s mirisom parfemske kvalitete i probudi mirisnu zvjerku u sebi! Uz ovaj citrusni miris vedre, osvje\u017eavaju\u0107e limete i biljnih nota s da\u0161kom mo\u0161usa svakodnevne \u0107e\u0161 prepreke nadvladavati kao od \u0161ale!<\/p>\n","protected":false},"excerpt":{"rendered":"<p>Bez neugodnih mirisa i dugotrajna svje\u017eina<br \/>\nMiris parfemske kvalitete<br \/>\nOslobodi snagu nevidljive svje\u017eine<\/p>\n","protected":false},"featured_media":31738,"template":"","meta":{"_seopress_robots_primary_cat":"","_seopress_titles_title":"","_seopress_titles_desc":"","_seopress_robots_index":"","iawp_total_views":0},"product_brand":[448],"product_cat":[285,268],"product_tag":[],"class_list":{"0":"post-31737","1":"product","2":"type-product","3":"status-publish","4":"has-post-thumbnail","6":"product_brand-old-spice","7":"product_cat-dezodoransi-268","8":"product_cat-kozmetika-2","10":"first","11":"outofstock","12":"shipping-taxable","13":"purchasable","14":"product-type-simple"},"_links":{"self":[{"href":"https:\/\/singuli.wpress.me\/index.php\/wp-json\/wp\/v2\/product\/31737","targetHints":{"allow":["GET"]}}],"collection":[{"href":"https:\/\/singuli.wpress.me\/index.php\/wp-json\/wp\/v2\/product"}],"about":[{"href":"https:\/\/singuli.wpress.me\/index.php\/wp-json\/wp\/v2\/types\/product"}],"version-history":[{"count":0,"href":"https:\/\/singuli.wpress.me\/index.php\/wp-json\/wp\/v2\/product\/31737\/revisions"}],"wp:featuredmedia":[{"embeddable":true,"href":"https:\/\/singuli.wpress.me\/index.php\/wp-json\/wp\/v2\/media\/31738"}],"wp:attachment":[{"href":"https:\/\/singuli.wpress.me\/index.php\/wp-json\/wp\/v2\/media?parent=31737"}],"wp:term":[{"taxonomy":"product_brand","embeddable":true,"href":"https:\/\/singuli.wpress.me\/index.php\/wp-json\/wp\/v2\/product_brand?post=31737"},{"taxonomy":"product_cat","embeddable":true,"href":"https:\/\/singuli.wpress.me\/index.php\/wp-json\/wp\/v2\/product_cat?post=31737"},{"taxonomy":"product_tag","embeddable":true,"href":"https:\/\/singuli.wpress.me\/index.php\/wp-json\/wp\/v2\/product_tag?post=31737"}],"curies":[{"name":"wp","href":"https:\/\/api.w.org\/{rel}","templated":true}]}}