{"id":31747,"date":"2026-04-17T00:36:17","date_gmt":"2026-04-17T00:36:17","guid":{"rendered":"https:\/\/singuli.wpress.me\/index.php\/proizvod\/lavazza-ctg-8-oz-50-1-papirnata-salica-coffee-to-go-237-ml-50-kom\/"},"modified":"2026-04-20T12:33:06","modified_gmt":"2026-04-20T12:33:06","slug":"lavazza-ctg-8-oz-50-1-papirnata-salica-coffee-to-go-237-ml-50-kom","status":"publish","type":"product","link":"https:\/\/singuli.wpress.me\/index.php\/proizvod\/lavazza-ctg-8-oz-50-1-papirnata-salica-coffee-to-go-237-ml-50-kom\/","title":{"rendered":"LAVAZZA CTG 8 OZ 50\/1, papirnata \u0161alica, Coffee To Go &#8211; 237 ml, 50\u00a0kom"},"content":{"rendered":"<p>Lavazza termo \u0161alice s dvostrukom stijenkom: Elegancija i savr\u0161ena temperatura u pokretu<br \/>\nPredstavljamo idealno rje\u0161enje za sve ljubitelje kave i \u010daja koji cijene kvalitetu i prakti\u010dnost \u2013 Lavazza \u0161alice s dvostrukom stijenkom. Ove su \u0161alice dizajnirane za moderni tempo \u017eivota, savr\u0161ene za u\u017eivanje u omiljenom napitku kada ste u pokretu ili nemate vremena za sjedenje u kafi\u0107u.<\/p>\n<p>Klju\u010dna prednost le\u017ei u dvostrukim stijenkama koje osiguravaju izuzetnu izolaciju. Ova tehnologija jam\u010di da \u0107e Va\u0161 cappuccino ili \u010daj zadr\u017eati optimalnu temperaturu dulje vrijeme, bilo da se radi o toplom jutarnjem ritualu ili osvje\u017eavaju\u0107oj hladnoj kavi.<\/p>\n<p>Elegantan dizajn podi\u017ee cijelo iskustvo, a uklju\u010divanje prepoznatljivog Lavazza logotipa pru\u017ea dodatni osje\u0107aj autenti\u010dne talijanske kvalitete i stila. Ove \u0161alice dolaze u prakti\u010dnom pakiranju od 50 komada, idealnom za urede, doga\u0111anja ili ku\u0107nu upotrebu.<\/p>\n","protected":false},"excerpt":{"rendered":"<p>Dvostruke stijenke: Dugo odr\u017eavaju temperaturu napitka<br \/>\nElegantan stil s prepoznatljivim Lavazza logotipom, simbolom talijanske kvalitete<br \/>\nPrakti\u010dno rje\u0161enje za u\u017eivanje u kavi i \u010daju za osobe s dinami\u010dnim rasporedom<\/p>\n","protected":false},"featured_media":31749,"template":"","meta":{"_seopress_robots_primary_cat":"","_seopress_titles_title":"","_seopress_titles_desc":"","_seopress_robots_index":"","iawp_total_views":0},"product_brand":[393],"product_cat":[274,238],"product_tag":[],"class_list":{"0":"post-31747","1":"product","2":"type-product","3":"status-publish","4":"has-post-thumbnail","6":"product_brand-lavazza","7":"product_cat-kucanski-pribor-238","8":"product_cat-sve-za-dom","10":"first","11":"instock","12":"shipping-taxable","13":"purchasable","14":"product-type-simple"},"_links":{"self":[{"href":"https:\/\/singuli.wpress.me\/index.php\/wp-json\/wp\/v2\/product\/31747","targetHints":{"allow":["GET"]}}],"collection":[{"href":"https:\/\/singuli.wpress.me\/index.php\/wp-json\/wp\/v2\/product"}],"about":[{"href":"https:\/\/singuli.wpress.me\/index.php\/wp-json\/wp\/v2\/types\/product"}],"version-history":[{"count":0,"href":"https:\/\/singuli.wpress.me\/index.php\/wp-json\/wp\/v2\/product\/31747\/revisions"}],"wp:featuredmedia":[{"embeddable":true,"href":"https:\/\/singuli.wpress.me\/index.php\/wp-json\/wp\/v2\/media\/31749"}],"wp:attachment":[{"href":"https:\/\/singuli.wpress.me\/index.php\/wp-json\/wp\/v2\/media?parent=31747"}],"wp:term":[{"taxonomy":"product_brand","embeddable":true,"href":"https:\/\/singuli.wpress.me\/index.php\/wp-json\/wp\/v2\/product_brand?post=31747"},{"taxonomy":"product_cat","embeddable":true,"href":"https:\/\/singuli.wpress.me\/index.php\/wp-json\/wp\/v2\/product_cat?post=31747"},{"taxonomy":"product_tag","embeddable":true,"href":"https:\/\/singuli.wpress.me\/index.php\/wp-json\/wp\/v2\/product_tag?post=31747"}],"curies":[{"name":"wp","href":"https:\/\/api.w.org\/{rel}","templated":true}]}}