{"id":31752,"date":"2026-04-17T00:36:18","date_gmt":"2026-04-17T00:36:18","guid":{"rendered":"https:\/\/singuli.wpress.me\/index.php\/proizvod\/lavazza-papirnata-salica-coffee-to-go-118-ml-50-kom\/"},"modified":"2026-04-20T12:33:06","modified_gmt":"2026-04-20T12:33:06","slug":"lavazza-papirnata-salica-coffee-to-go-118-ml-50-kom","status":"publish","type":"product","link":"https:\/\/singuli.wpress.me\/index.php\/proizvod\/lavazza-papirnata-salica-coffee-to-go-118-ml-50-kom\/","title":{"rendered":"LAVAZZA, papirnata \u0161alica, Coffee To Go &#8211; 118 ml, 50\u00a0kom"},"content":{"rendered":"<p>Papirnata \u0161alica za kavu &quot;Coffee to Go&quot; veli\u010dine 4 OZ je prakti\u010dno rje\u0161enje za sve koji \u017eele u\u017eivati u svje\u017ee pripremljenoj kavi dok su u pokretu. Ova kompaktna \u0161alica izra\u0111ena je od visokokvalitetnog papira, \u010dine\u0107i je ekolo\u0161ki prihvatljivim izborom. S obzirom na njenu manju veli\u010dinu, savr\u0161eno se uklapa u va\u0161u ruku, omogu\u0107uju\u0107i vam da u\u017eivate u svakom gutljaju va\u0161e omiljene kave bez obzira na va\u0161u lokaciju. Izdr\u017eljiv dizajn osigurava da va\u0161a kava ostane sigurna i sigurna dok ste u pokretu. Ova papirnata \u0161alica idealna je za brzi po\u010detak dana ili za osvje\u017eenje tijekom dnevnih aktivnosti.<\/p>\n","protected":false},"excerpt":{"rendered":"<p>\u0160alica odgovara raznovrsnim potrebama<br \/>\nVeli\u010dina 40Z<br \/>\nPakiranje od 50 komada<\/p>\n","protected":false},"featured_media":31754,"template":"","meta":{"_seopress_robots_primary_cat":"","_seopress_titles_title":"","_seopress_titles_desc":"","_seopress_robots_index":"","iawp_total_views":0},"product_brand":[393],"product_cat":[274,238],"product_tag":[],"class_list":{"0":"post-31752","1":"product","2":"type-product","3":"status-publish","4":"has-post-thumbnail","6":"product_brand-lavazza","7":"product_cat-kucanski-pribor-238","8":"product_cat-sve-za-dom","10":"first","11":"instock","12":"shipping-taxable","13":"purchasable","14":"product-type-simple"},"_links":{"self":[{"href":"https:\/\/singuli.wpress.me\/index.php\/wp-json\/wp\/v2\/product\/31752","targetHints":{"allow":["GET"]}}],"collection":[{"href":"https:\/\/singuli.wpress.me\/index.php\/wp-json\/wp\/v2\/product"}],"about":[{"href":"https:\/\/singuli.wpress.me\/index.php\/wp-json\/wp\/v2\/types\/product"}],"version-history":[{"count":0,"href":"https:\/\/singuli.wpress.me\/index.php\/wp-json\/wp\/v2\/product\/31752\/revisions"}],"wp:featuredmedia":[{"embeddable":true,"href":"https:\/\/singuli.wpress.me\/index.php\/wp-json\/wp\/v2\/media\/31754"}],"wp:attachment":[{"href":"https:\/\/singuli.wpress.me\/index.php\/wp-json\/wp\/v2\/media?parent=31752"}],"wp:term":[{"taxonomy":"product_brand","embeddable":true,"href":"https:\/\/singuli.wpress.me\/index.php\/wp-json\/wp\/v2\/product_brand?post=31752"},{"taxonomy":"product_cat","embeddable":true,"href":"https:\/\/singuli.wpress.me\/index.php\/wp-json\/wp\/v2\/product_cat?post=31752"},{"taxonomy":"product_tag","embeddable":true,"href":"https:\/\/singuli.wpress.me\/index.php\/wp-json\/wp\/v2\/product_tag?post=31752"}],"curies":[{"name":"wp","href":"https:\/\/api.w.org\/{rel}","templated":true}]}}