{"id":31773,"date":"2026-04-17T00:36:27","date_gmt":"2026-04-17T00:36:27","guid":{"rendered":"https:\/\/singuli.wpress.me\/index.php\/proizvod\/lavazza-profitreat-sredstvo-za-ciscenje-500-ml\/"},"modified":"2026-04-20T12:33:06","modified_gmt":"2026-04-20T12:33:06","slug":"lavazza-profitreat-sredstvo-za-ciscenje-500-ml","status":"publish","type":"product","link":"https:\/\/singuli.wpress.me\/index.php\/proizvod\/lavazza-profitreat-sredstvo-za-ciscenje-500-ml\/","title":{"rendered":"LAVAZZA Profitreat, sredstvo za \u010di\u0161\u0107enje, 500\u00a0ml"},"content":{"rendered":"<p>Profitreat sredstvo za \u010di\u0161\u0107enje kafi\u0107a aparata u pakiranju od 500 ml je klju\u010dni saveznik svakog profesionalnog ili ku\u0107nog bariste. Ova posebno formulirana formula pru\u017ea sveobuhvatno \u010di\u0161\u0107enje koje produ\u017euje \u017eivotni vijek va\u0161eg kafi\u0107a aparata i osigurava vrhunsku kvalitetu kave koju pripremate.<\/p>\n<p>Svojstva uklanjanja kamenca ovog sredstva omogu\u0107uju brzo i efikasno uklanjanje naslaga koje se nakupljaju unutar aparata, osiguravaju\u0107i da va\u0161 aparat radi optimalno. Osim toga, Profitreat sredstvo za \u010di\u0161\u0107enje nudi i antimikrobna svojstva koja eliminiraju bakterije i druge mikroorganizme, \u010dine\u0107i va\u0161 aparat higijenski \u010distim.<\/p>\n<p>Jednostavna primjena ovog proizvoda \u010dini ga prakti\u010dnim i u\u010dinkovitim rje\u0161enjem za odr\u017eavanje \u010disto\u0107e va\u0161eg kafi\u0107a aparata. Samo slijedite upute za kori\u0161tenje i u\u017eivajte u \u010distom i svje\u017eem okusu va\u0161e omiljene kave, znaju\u0107i da je va\u0161 aparat odr\u017eavan na najvi\u0161oj razini higijene i performansi.<\/p>\n","protected":false},"excerpt":{"rendered":"<p>Djelotvorno uklanjanje kamenca<br \/>\nAntimikrobna svojstva<br \/>\nJednostavna primjena<\/p>\n","protected":false},"featured_media":31775,"template":"","meta":{"_seopress_robots_primary_cat":"","_seopress_titles_title":"","_seopress_titles_desc":"","_seopress_robots_index":"","iawp_total_views":0},"product_brand":[393],"product_cat":[284,238],"product_tag":[],"class_list":{"0":"post-31773","1":"product","2":"type-product","3":"status-publish","4":"has-post-thumbnail","6":"product_brand-lavazza","7":"product_cat-sredstva-za-ciscenje-238","8":"product_cat-sve-za-dom","10":"first","11":"instock","12":"shipping-taxable","13":"purchasable","14":"product-type-simple"},"_links":{"self":[{"href":"https:\/\/singuli.wpress.me\/index.php\/wp-json\/wp\/v2\/product\/31773","targetHints":{"allow":["GET"]}}],"collection":[{"href":"https:\/\/singuli.wpress.me\/index.php\/wp-json\/wp\/v2\/product"}],"about":[{"href":"https:\/\/singuli.wpress.me\/index.php\/wp-json\/wp\/v2\/types\/product"}],"version-history":[{"count":0,"href":"https:\/\/singuli.wpress.me\/index.php\/wp-json\/wp\/v2\/product\/31773\/revisions"}],"wp:featuredmedia":[{"embeddable":true,"href":"https:\/\/singuli.wpress.me\/index.php\/wp-json\/wp\/v2\/media\/31775"}],"wp:attachment":[{"href":"https:\/\/singuli.wpress.me\/index.php\/wp-json\/wp\/v2\/media?parent=31773"}],"wp:term":[{"taxonomy":"product_brand","embeddable":true,"href":"https:\/\/singuli.wpress.me\/index.php\/wp-json\/wp\/v2\/product_brand?post=31773"},{"taxonomy":"product_cat","embeddable":true,"href":"https:\/\/singuli.wpress.me\/index.php\/wp-json\/wp\/v2\/product_cat?post=31773"},{"taxonomy":"product_tag","embeddable":true,"href":"https:\/\/singuli.wpress.me\/index.php\/wp-json\/wp\/v2\/product_tag?post=31773"}],"curies":[{"name":"wp","href":"https:\/\/api.w.org\/{rel}","templated":true}]}}