{"id":31776,"date":"2026-04-17T00:36:29","date_gmt":"2026-04-17T00:36:29","guid":{"rendered":"https:\/\/singuli.wpress.me\/index.php\/proizvod\/air-clay-set-pizzerija\/"},"modified":"2026-04-20T12:33:06","modified_gmt":"2026-04-20T12:33:06","slug":"air-clay-set-pizzerija","status":"publish","type":"product","link":"https:\/\/singuli.wpress.me\/index.php\/proizvod\/air-clay-set-pizzerija\/","title":{"rendered":"AIR CLAY, set, pizzerija"},"content":{"rendered":"<p>Zavirite u \u010darobni svijet <span style=\"font-weight: bold\">Play-Doh Air Clay<\/span>, gdje se kuharske avanture pretvaraju u nezaboravne trenutke kreativnosti! Inspirativni mini kuhari imaju priliku o\u017eivjeti svoje najukusnije fantazije stvaraju\u0107i vlastite pizze s ovim nevjerojatnim setom.<br \/>\nS pet pakiranja zra\u010dne gline u bojama savr\u0161enim za pizzu, reza\u010dem za pizzu i \u010detiri kalupa, djeca od 4 godine nadalje mogu postati pravi majstori izrade, oblikovanja i ukra\u0161avanja svojih pizza. Gledaju\u0107i njihove kreacije, pizze izgledaju toliko ukusno da \u0107e vas natjerati da po\u017eelite zaroniti u svaki zalogaj!<br \/>\nIzra\u0111ujte svoje omiljene nadjeve poput so\u010dnih gljiva, maslina, pikantnih feferona ili \u0161arenih paprika &#8211; opcije su beskrajne! Kada zavr\u0161ite sa savr\u0161enom kreacijom i ukrasite ju prema vlastitom ukusu, dovoljno je pustiti da se osu\u0161i kako bi nastavili s igrom i dostavili svoju umjetni\u010dku djela u prilo\u017eenoj kutiji za pizzu.<br \/>\nKada svi sastojci budu stru\u010dno slo\u017eeni, mo\u017eete ostaviti kreaciju da se osu\u0161i &#8211; bez brige o neredu u kuhinji!<\/p>\n<p>Dob: 4+ god<\/p>\n","protected":false},"excerpt":{"rendered":"<p>Kuharske avanture pretvaraju se u nezaboravne trenutke kreativnosti<br \/>\n5 pakiranja zra\u010dne gline<br \/>\nDob: 4+ god<\/p>\n","protected":false},"featured_media":31778,"template":"","meta":{"_seopress_robots_primary_cat":"","_seopress_titles_title":"","_seopress_titles_desc":"","_seopress_robots_index":"","iawp_total_views":0},"product_brand":[480],"product_cat":[221,291],"product_tag":[],"class_list":{"0":"post-31776","1":"product","2":"type-product","3":"status-publish","4":"has-post-thumbnail","6":"product_brand-air-clay","7":"product_cat-igracke","8":"product_cat-igracke-za-djecu-221","10":"first","11":"instock","12":"shipping-taxable","13":"purchasable","14":"product-type-simple"},"_links":{"self":[{"href":"https:\/\/singuli.wpress.me\/index.php\/wp-json\/wp\/v2\/product\/31776","targetHints":{"allow":["GET"]}}],"collection":[{"href":"https:\/\/singuli.wpress.me\/index.php\/wp-json\/wp\/v2\/product"}],"about":[{"href":"https:\/\/singuli.wpress.me\/index.php\/wp-json\/wp\/v2\/types\/product"}],"version-history":[{"count":0,"href":"https:\/\/singuli.wpress.me\/index.php\/wp-json\/wp\/v2\/product\/31776\/revisions"}],"wp:featuredmedia":[{"embeddable":true,"href":"https:\/\/singuli.wpress.me\/index.php\/wp-json\/wp\/v2\/media\/31778"}],"wp:attachment":[{"href":"https:\/\/singuli.wpress.me\/index.php\/wp-json\/wp\/v2\/media?parent=31776"}],"wp:term":[{"taxonomy":"product_brand","embeddable":true,"href":"https:\/\/singuli.wpress.me\/index.php\/wp-json\/wp\/v2\/product_brand?post=31776"},{"taxonomy":"product_cat","embeddable":true,"href":"https:\/\/singuli.wpress.me\/index.php\/wp-json\/wp\/v2\/product_cat?post=31776"},{"taxonomy":"product_tag","embeddable":true,"href":"https:\/\/singuli.wpress.me\/index.php\/wp-json\/wp\/v2\/product_tag?post=31776"}],"curies":[{"name":"wp","href":"https:\/\/api.w.org\/{rel}","templated":true}]}}