{"id":31783,"date":"2026-04-17T00:36:31","date_gmt":"2026-04-17T00:36:31","guid":{"rendered":"https:\/\/singuli.wpress.me\/index.php\/proizvod\/air-clay-set-sarene-slastice\/"},"modified":"2026-04-20T12:33:06","modified_gmt":"2026-04-20T12:33:06","slug":"air-clay-set-sarene-slastice","status":"publish","type":"product","link":"https:\/\/singuli.wpress.me\/index.php\/proizvod\/air-clay-set-sarene-slastice\/","title":{"rendered":"AIR CLAY, set, \u0161arene slastice"},"content":{"rendered":"<p>Otvorite vrata svijeta slastica gdje djeca mogu oblikovati, modelirati i stvarati svoje najsla\u0111e fantazije!<\/p>\n<p>Ovaj set sadr\u017ei 6 pakiranja Air Clay boja, omogu\u0107avaju\u0107i djeci da oblikuju, modeliraju i zamisle slatki svijet izmi\u0161ljenih poslastica. S kompletom dolazi i raznolika plasti\u010dna podloga opremljena s vi\u0161e od 20 razli\u010ditih kalupa za slastice, kao \u0161to su omiljene figurice od medenjaka, primamljive torte i slatki kola\u010di\u0107i. Uz to, tu su i dva posebna alata za oblikovanje, koji ne samo da poma\u017eu djeci da stvore svoje ma\u0161tovite poslastice, ve\u0107 i roditeljima pru\u017eaju priliku za zajedni\u010dko stvaranje trajnih uspomena.<\/p>\n<p>Dob: 4+<\/p>\n<p>Sadr\u017eaj pakiranja:<br \/>\n6 pakiranja Air Clay boja: ru\u017ei\u010dasta, \u017euta, svijetlo plava, tamnoplava, ljubi\u010dasta i bijela, 2 alata za oblikovanje, 1 plasti\u010dna podloga s 21 kalupom za slastice, uklju\u010duju\u0107i figuricu od medenjaka, tortu, perec i kola\u010di\u0107<\/p>\n","protected":false},"excerpt":{"rendered":"<p>S kompletom dolazi i raznolika plasti\u010dna podloga s 20 kalupa<br \/>\nSet sadr\u017ei 6 pakiranja Air Clay boja<br \/>\nDob: 4+ god<\/p>\n","protected":false},"featured_media":31784,"template":"","meta":{"_seopress_robots_primary_cat":"","_seopress_titles_title":"","_seopress_titles_desc":"","_seopress_robots_index":"","iawp_total_views":0},"product_brand":[480],"product_cat":[221,291],"product_tag":[],"class_list":{"0":"post-31783","1":"product","2":"type-product","3":"status-publish","4":"has-post-thumbnail","6":"product_brand-air-clay","7":"product_cat-igracke","8":"product_cat-igracke-za-djecu-221","10":"first","11":"instock","12":"shipping-taxable","13":"purchasable","14":"product-type-simple"},"_links":{"self":[{"href":"https:\/\/singuli.wpress.me\/index.php\/wp-json\/wp\/v2\/product\/31783","targetHints":{"allow":["GET"]}}],"collection":[{"href":"https:\/\/singuli.wpress.me\/index.php\/wp-json\/wp\/v2\/product"}],"about":[{"href":"https:\/\/singuli.wpress.me\/index.php\/wp-json\/wp\/v2\/types\/product"}],"version-history":[{"count":0,"href":"https:\/\/singuli.wpress.me\/index.php\/wp-json\/wp\/v2\/product\/31783\/revisions"}],"wp:featuredmedia":[{"embeddable":true,"href":"https:\/\/singuli.wpress.me\/index.php\/wp-json\/wp\/v2\/media\/31784"}],"wp:attachment":[{"href":"https:\/\/singuli.wpress.me\/index.php\/wp-json\/wp\/v2\/media?parent=31783"}],"wp:term":[{"taxonomy":"product_brand","embeddable":true,"href":"https:\/\/singuli.wpress.me\/index.php\/wp-json\/wp\/v2\/product_brand?post=31783"},{"taxonomy":"product_cat","embeddable":true,"href":"https:\/\/singuli.wpress.me\/index.php\/wp-json\/wp\/v2\/product_cat?post=31783"},{"taxonomy":"product_tag","embeddable":true,"href":"https:\/\/singuli.wpress.me\/index.php\/wp-json\/wp\/v2\/product_tag?post=31783"}],"curies":[{"name":"wp","href":"https:\/\/api.w.org\/{rel}","templated":true}]}}