{"id":31789,"date":"2026-04-17T00:36:34","date_gmt":"2026-04-17T00:36:34","guid":{"rendered":"https:\/\/singuli.wpress.me\/index.php\/proizvod\/air-clay-set-zivotinjski-svijet\/"},"modified":"2026-04-20T12:33:06","modified_gmt":"2026-04-20T12:33:06","slug":"air-clay-set-zivotinjski-svijet","status":"publish","type":"product","link":"https:\/\/singuli.wpress.me\/index.php\/proizvod\/air-clay-set-zivotinjski-svijet\/","title":{"rendered":"AIR CLAY, set, \u017eivotinjski svijet"},"content":{"rendered":"<p>Dobrodo\u0161li u svijet <span style=\"font-weight: bold\">Play-Doh Air Clay Creature Creations<\/span> seta &#8211; gdje se ma\u0161tovita zabava pretvara u stvarnost! Ovaj set je poput radionice u kojoj se obi\u010dni komadi gline pretvaraju u \u010darobna stvorenja koja o\u017eivljavaju!<br \/>\nDjeca \u0107e stvarati nevjerojatne likove poput koale, lava ili p\u010dele, koriste\u0107i Play-Doh Air Clay, materijal koji je jednostavan za oblikovanje, ali mo\u017ee postati trajan komad umjetnosti. S ovim setom dolazi \u010dak \u0161est razli\u010ditih boja Play-Doha, pru\u017eaju\u0107i neograni\u010dene mogu\u0107nosti za ma\u0161tovite kreacije.<br \/>\nOsim boja, set dolazi s nevjerojatnim alatima za oblikovanje koji pretvaraju svaki komad gline u remek-djelo. Od rezanja do finih detalja, ovi alati \u010dine oblikovanje jednostavnim i zabavnim.<br \/>\nSada, svaka kreacija postaje vje\u010dna zahvaljuju\u0107i Play-Doh Air Clay-u, koji omogu\u0107uje da se stvorenja zadr\u017ee kao uspomena na nezaboravnu kreativnu avanturu.<\/p>\n<p>Dob: 3+ god<\/p>\n","protected":false},"excerpt":{"rendered":"<p>Ma\u0161tovita zabava pretvara se u stvarnost<br \/>\nSet dolazi s nevjerojatnim alatima za oblikovanje<br \/>\nDob: 3+ god<\/p>\n","protected":false},"featured_media":31790,"template":"","meta":{"_seopress_robots_primary_cat":"","_seopress_titles_title":"","_seopress_titles_desc":"","_seopress_robots_index":"","iawp_total_views":0},"product_brand":[480],"product_cat":[221,291],"product_tag":[],"class_list":{"0":"post-31789","1":"product","2":"type-product","3":"status-publish","4":"has-post-thumbnail","6":"product_brand-air-clay","7":"product_cat-igracke","8":"product_cat-igracke-za-djecu-221","10":"first","11":"instock","12":"shipping-taxable","13":"purchasable","14":"product-type-simple"},"_links":{"self":[{"href":"https:\/\/singuli.wpress.me\/index.php\/wp-json\/wp\/v2\/product\/31789","targetHints":{"allow":["GET"]}}],"collection":[{"href":"https:\/\/singuli.wpress.me\/index.php\/wp-json\/wp\/v2\/product"}],"about":[{"href":"https:\/\/singuli.wpress.me\/index.php\/wp-json\/wp\/v2\/types\/product"}],"version-history":[{"count":0,"href":"https:\/\/singuli.wpress.me\/index.php\/wp-json\/wp\/v2\/product\/31789\/revisions"}],"wp:featuredmedia":[{"embeddable":true,"href":"https:\/\/singuli.wpress.me\/index.php\/wp-json\/wp\/v2\/media\/31790"}],"wp:attachment":[{"href":"https:\/\/singuli.wpress.me\/index.php\/wp-json\/wp\/v2\/media?parent=31789"}],"wp:term":[{"taxonomy":"product_brand","embeddable":true,"href":"https:\/\/singuli.wpress.me\/index.php\/wp-json\/wp\/v2\/product_brand?post=31789"},{"taxonomy":"product_cat","embeddable":true,"href":"https:\/\/singuli.wpress.me\/index.php\/wp-json\/wp\/v2\/product_cat?post=31789"},{"taxonomy":"product_tag","embeddable":true,"href":"https:\/\/singuli.wpress.me\/index.php\/wp-json\/wp\/v2\/product_tag?post=31789"}],"curies":[{"name":"wp","href":"https:\/\/api.w.org\/{rel}","templated":true}]}}