{"id":31794,"date":"2026-04-17T00:36:35","date_gmt":"2026-04-17T00:36:35","guid":{"rendered":"https:\/\/singuli.wpress.me\/index.php\/proizvod\/aeroshell-fluid-61-hidraulicko-ulje-203-l\/"},"modified":"2026-04-20T12:33:06","modified_gmt":"2026-04-20T12:33:06","slug":"aeroshell-fluid-61-hidraulicko-ulje-203-l","status":"publish","type":"product","link":"https:\/\/singuli.wpress.me\/index.php\/proizvod\/aeroshell-fluid-61-hidraulicko-ulje-203-l\/","title":{"rendered":"AEROSHELL Fluid 61, hidrauli\u010dko ulje, 203\u00a0l"},"content":{"rendered":"<p>AeroShell Fluid 61 je hidrauli\u010dna teku\u0107ina visoke kvalitete, bazirana na sinteti\u010dkim ugljikovodicima. Posebno je formulirana s inhibitorima kako bi se osigurala izvrsna oksidacijska stabilnost i pru\u017eila u\u010dinkovita za\u0161tita od korozije. Ovo hidrauli\u010dko ulje dizajnirano je za primjenu u zrakoplovstvu, osiguravaju\u0107i pouzdane performanse i dugotrajnu za\u0161titu sustava \u010dak i u najzahtjevnijim uvjetima.<\/p>\n","protected":false},"excerpt":{"rendered":"<p>Pru\u017ea vrhunske performanse zahvaljuju\u0107i naprednoj formulaciji na bazi sinteti\u010dkih ugljikovodika<br \/>\nPosebno inhibirana kako bi ulje zadr\u017ealo stabilnost i u\u010dinkovitost tijekom dugog razdoblja<br \/>\nOsigurava dugotrajnu za\u0161titu vitalnih komponenti hidrauli\u010dkih sustava u zrakoplovima<\/p>\n","protected":false},"featured_media":31798,"template":"","meta":{"_seopress_robots_primary_cat":"","_seopress_titles_title":"","_seopress_titles_desc":"","_seopress_robots_index":"","iawp_total_views":0},"product_brand":[482],"product_cat":[221,263],"product_tag":[],"class_list":{"0":"post-31794","1":"product","2":"type-product","3":"status-publish","4":"has-post-thumbnail","6":"product_brand-aeroshell","7":"product_cat-igracke","8":"product_cat-tematske-igracke-221","10":"first","11":"outofstock","12":"shipping-taxable","13":"purchasable","14":"product-type-simple"},"_links":{"self":[{"href":"https:\/\/singuli.wpress.me\/index.php\/wp-json\/wp\/v2\/product\/31794","targetHints":{"allow":["GET"]}}],"collection":[{"href":"https:\/\/singuli.wpress.me\/index.php\/wp-json\/wp\/v2\/product"}],"about":[{"href":"https:\/\/singuli.wpress.me\/index.php\/wp-json\/wp\/v2\/types\/product"}],"version-history":[{"count":0,"href":"https:\/\/singuli.wpress.me\/index.php\/wp-json\/wp\/v2\/product\/31794\/revisions"}],"wp:featuredmedia":[{"embeddable":true,"href":"https:\/\/singuli.wpress.me\/index.php\/wp-json\/wp\/v2\/media\/31798"}],"wp:attachment":[{"href":"https:\/\/singuli.wpress.me\/index.php\/wp-json\/wp\/v2\/media?parent=31794"}],"wp:term":[{"taxonomy":"product_brand","embeddable":true,"href":"https:\/\/singuli.wpress.me\/index.php\/wp-json\/wp\/v2\/product_brand?post=31794"},{"taxonomy":"product_cat","embeddable":true,"href":"https:\/\/singuli.wpress.me\/index.php\/wp-json\/wp\/v2\/product_cat?post=31794"},{"taxonomy":"product_tag","embeddable":true,"href":"https:\/\/singuli.wpress.me\/index.php\/wp-json\/wp\/v2\/product_tag?post=31794"}],"curies":[{"name":"wp","href":"https:\/\/api.w.org\/{rel}","templated":true}]}}